{"id":4478,"date":"2025-01-17T23:40:33","date_gmt":"2025-01-17T21:40:33","guid":{"rendered":"https:\/\/gelatec.gr\/?page_id=4478"},"modified":"2025-03-18T15:14:54","modified_gmt":"2025-03-18T13:14:54","slug":"privacy-statement","status":"publish","type":"page","link":"https:\/\/gelatec.gr\/de\/privacy-statement\/","title":{"rendered":"Datenschutzerkl\u00e4rung"},"content":{"rendered":"<div class=\"fusion-fullwidth fullwidth-box fusion-builder-row-1 fusion-flex-container has-pattern-background has-mask-background shrink-container nonhundred-percent-fullwidth non-hundred-percent-height-scrolling\" style=\"--awb-border-color:var(--awb-color4);--awb-border-radius-top-left:16px;--awb-border-radius-top-right:16px;--awb-border-radius-bottom-right:16px;--awb-border-radius-bottom-left:16px;--awb-overflow:hidden;--awb-padding-top:2em;--awb-margin-top:0em;--awb-flex-wrap:wrap;\" ><div class=\"fusion-builder-row fusion-row fusion-flex-align-items-flex-start fusion-flex-content-wrap\" style=\"max-width:calc( 1600px + 20px );margin-left: calc(-20px \/ 2 );margin-right: calc(-20px \/ 2 );\"><div class=\"fusion-layout-column fusion_builder_column fusion-builder-column-0 fusion_builder_column_3_5 3_5 fusion-flex-column\" style=\"--awb-padding-top:0em;--awb-padding-right:0em;--awb-padding-bottom:0em;--awb-padding-left:0em;--awb-overflow:hidden;--awb-bg-color:var(--awb-color4);--awb-bg-color-hover:var(--awb-color4);--awb-bg-size:cover;--awb-border-color:rgba(255,255,255,0.1);--awb-border-top:0px;--awb-border-right:0px;--awb-border-bottom:0px;--awb-border-left:0px;--awb-border-style:solid;--awb-border-radius:16px 16px 16px 16px;--awb-width-large:60%;--awb-margin-top-large:0px;--awb-spacing-right-large:10px;--awb-margin-bottom-large:0px;--awb-spacing-left-large:10px;--awb-width-medium:60%;--awb-order-medium:0;--awb-spacing-right-medium:10px;--awb-spacing-left-medium:10px;--awb-width-small:100%;--awb-order-small:0;--awb-spacing-right-small:10px;--awb-spacing-left-small:10px;\" data-scroll-devices=\"small-visibility,medium-visibility,large-visibility\"><div class=\"fusion-column-wrapper fusion-column-has-shadow fusion-flex-justify-content-flex-start fusion-content-layout-column\"><div class=\"fusion-builder-row fusion-builder-row-inner fusion-row fusion-flex-align-items-flex-start fusion-flex-content-wrap\" style=\"width:calc( 100% + 20px ) !important;max-width:calc( 100% + 20px ) !important;margin-left: calc(-20px \/ 2 );margin-right: calc(-20px \/ 2 );\"><div class=\"fusion-layout-column fusion_builder_column_inner fusion-builder-nested-column-0 fusion_builder_column_inner_1_1 1_1 fusion-flex-column fusion-flex-align-self-stretch\" style=\"--awb-padding-top:1em;--awb-padding-right:1em;--awb-padding-bottom:4em;--awb-padding-left:1em;--awb-padding-top-small:1em;--awb-padding-right-small:1em;--awb-padding-bottom-small:1em;--awb-padding-left-small:1em;--awb-overflow:hidden;--awb-bg-color:var(--awb-color4);--awb-bg-color-hover:var(--awb-color4);--awb-bg-size:cover;--awb-border-radius:16px 16px 16px 16px;--awb-width-large:100%;--awb-margin-top-large:0px;--awb-spacing-right-large:10px;--awb-margin-bottom-large:0px;--awb-spacing-left-large:10px;--awb-width-medium:100%;--awb-order-medium:0;--awb-spacing-right-medium:10px;--awb-spacing-left-medium:10px;--awb-width-small:100%;--awb-order-small:0;--awb-spacing-right-small:10px;--awb-spacing-left-small:10px;\" data-scroll-devices=\"small-visibility,medium-visibility,large-visibility\"><div class=\"fusion-column-wrapper fusion-column-has-shadow fusion-flex-justify-content-flex-start fusion-content-layout-column\"><div class=\"fusion-title title fusion-title-1 fusion-sep-none fusion-title-text fusion-title-size-one\" style=\"--awb-text-color:var(--awb-color1);--awb-font-size:108px;\"><h1 class=\"fusion-title-heading title-heading-left fusion-responsive-typography-calculated\" style=\"font-family:&quot;Poppins&quot;;font-style:normal;font-weight:700;margin:0;font-size:1em;--fontSize:108;line-height:1.2;\">Datenschutzerkl\u00e4rung<\/h1><\/div><\/div><\/div><\/div><\/div><\/div><div class=\"fusion-layout-column fusion_builder_column fusion-builder-column-1 fusion_builder_column_1_1 1_1 fusion-flex-column\" style=\"--awb-padding-top:4em;--awb-padding-right:4em;--awb-padding-bottom:4em;--awb-padding-left:4em;--awb-padding-top-small:1em;--awb-padding-right-small:1em;--awb-padding-bottom-small:1em;--awb-padding-left-small:1em;--awb-overflow:hidden;--awb-bg-color:var(--awb-color1);--awb-bg-color-hover:var(--awb-color1);--awb-bg-size:cover;--awb-border-radius:16px 16px 16px 16px;--awb-width-large:100%;--awb-margin-top-large:0px;--awb-spacing-right-large:10px;--awb-margin-bottom-large:20px;--awb-spacing-left-large:10px;--awb-width-medium:100%;--awb-order-medium:0;--awb-spacing-right-medium:10px;--awb-spacing-left-medium:10px;--awb-width-small:100%;--awb-order-small:0;--awb-spacing-right-small:10px;--awb-spacing-left-small:10px;\" data-scroll-devices=\"small-visibility,medium-visibility,large-visibility\"><div class=\"fusion-column-wrapper fusion-column-has-shadow fusion-flex-justify-content-flex-start fusion-content-layout-column\"><div class=\"fusion-text fusion-text-1\"><p data-pm-slice=\"1 1 &#091;&#093;\">Datum des Inkrafttretens: 17\/01\/2025<\/p>\n<p>Bei GELATEC (\u201eUnternehmen\u201c, \u201ewir\u201c, \u201eunser\u201c, oder \u201euns\u201c) verpflichten wir uns, Ihre Privatsph\u00e4re zu sch\u00fctzen und zu respektieren. Diese Datenschutzerkl\u00e4rung erl\u00e4utert, wie wir Ihre Daten sammeln, verwenden, offenlegen und sch\u00fctzen, wenn Sie unsere Website besuchen. <a href=\"https:\/\/gelatec.gr\/de\/\"><strong>gelatec.gr<\/strong><\/a> (die \u201eWebsite\u201c). Bitte lesen Sie diese Erkl\u00e4rung sorgf\u00e4ltig durch, um unsere Ansichten und Praktiken in Bezug auf Ihre personenbezogenen Daten und deren Behandlung zu verstehen.<\/p>\n<div>\n<p>&nbsp;<\/p>\n<\/div>\n<h5>1. Informationen, die wir sammeln<\/h5>\n<p>Wir k\u00f6nnen die folgenden Arten von Informationen sammeln und verarbeiten:<\/p>\n<h6>a. Informationen, die Sie uns zur Verf\u00fcgung stellen:<\/h6>\n<ul data-spread=\"false\">\n<li>Name, E-Mail-Adresse, Telefonnummer und andere Kontaktdaten, wenn Sie Formulare auf unserer Website ausf\u00fcllen (z. B. Formulare \u201eGet a Quote\u201c).<\/li>\n<li>Alle Informationen, die Sie in Nachrichten enthalten, die \u00fcber unser Kontaktformular oder per E-Mail gesendet werden.<\/li>\n<\/ul>\n<h4>b. Automatisch erfasste Informationen:<\/h4>\n<ul data-spread=\"false\">\n<li><strong>Technische Informationen:<\/strong> IP-Adresse, Browsertyp, Betriebssystem und Zugriffszeiten.<\/li>\n<li><strong>Nutzungsinformationen:<\/strong> Details \u00fcber Ihre Besuche auf unserer Website, einschlie\u00dflich der aufgerufenen Seiten, der angeklickten Links und der auf der Website verbrachten Zeit.<\/li>\n<li><strong>Cookies und Tracking-Technologien:<\/strong> Informationen, die durch Cookies und \u00e4hnliche Technologien gesammelt werden. (Siehe unsere Cookie-Richtlinie f\u00fcr Details.)<\/li>\n<\/ul>\n<div>\n<p>&nbsp;<\/p>\n<\/div>\n<h5>2. Wie wir Ihre Daten verwenden<\/h5>\n<p>Wir verwenden Ihre Daten f\u00fcr folgende Zwecke:<\/p>\n<ul data-spread=\"false\">\n<li><strong>Zur Erbringung von Dienstleistungen:<\/strong> Bearbeitung von Anfragen, Angebotserstellung und Erf\u00fcllung Ihrer Anfragen.<\/li>\n<li><strong>Mitteilung:<\/strong> Reagieren Sie auf Ihre Nachrichten und informieren Sie sich \u00fcber unsere Produkte oder Dienstleistungen.<\/li>\n<li><strong>Verbesserung der Website:<\/strong> Analysieren Sie Nutzungsdaten, um die Funktionalit\u00e4t und das Nutzererlebnis unserer Website zu verbessern.<\/li>\n<li><strong>Einhaltung der Rechtsvorschriften:<\/strong> Sicherstellung der Einhaltung gesetzlicher Verpflichtungen, einschlie\u00dflich der DSGVO und anderer anwendbarer Gesetze.<\/li>\n<\/ul>\n<div>\n<p>&nbsp;<\/p>\n<\/div>\n<h5>3. Weitergabe Ihrer Daten<\/h5>\n<p>Wir verkaufen oder vermieten Ihre personenbezogenen Daten nicht an Dritte. Wir k\u00f6nnen Ihre Daten jedoch weitergeben an:<\/p>\n<ul data-spread=\"false\">\n<li><strong>Dienstleister:<\/strong> Drittanbieter, die uns bei Website-Hosting, Analysen und Marketing unterst\u00fctzen.<\/li>\n<li><strong>Rechtliche Beh\u00f6rden:<\/strong> Wenn dies gesetzlich vorgeschrieben ist, um gesetzlichen Verpflichtungen nachzukommen oder unsere Rechte zu sch\u00fctzen.<\/li>\n<\/ul>\n<div>\n<p>&nbsp;<\/p>\n<\/div>\n<h5>4. Ihre Rechte<\/h5>\n<p>Gem\u00e4\u00df der Datenschutz-Grundverordnung (DSGVO) haben Sie folgende Rechte:<\/p>\n<ul data-spread=\"false\">\n<li><strong>Zugang:<\/strong> Fordern Sie Zugang zu Ihren pers\u00f6nlichen Daten an.<\/li>\n<li><strong>Berichtigung:<\/strong> Berichtigung unrichtiger oder unvollst\u00e4ndiger Daten zu verlangen.<\/li>\n<li><strong>Streichung:<\/strong> Beantragen Sie die L\u00f6schung Ihrer personenbezogenen Daten.<\/li>\n<li><strong>Einschr\u00e4nkung:<\/strong> Fordern Sie die Einschr\u00e4nkung der Verarbeitung Ihrer Daten an.<\/li>\n<li><strong>\u00dcbertragbarkeit:<\/strong> Fordern Sie die \u00dcbertragung Ihrer Daten an einen anderen Dienstleister an.<\/li>\n<li><strong>Einwand:<\/strong> Widerspruch gegen die Verarbeitung Ihrer Daten f\u00fcr bestimmte Zwecke, wie z.B. Marketing.<\/li>\n<\/ul>\n<p>Um diese Rechte auszu\u00fcben, kontaktieren Sie uns bitte unter <strong>info@gelatec.it<\/strong>.<\/p>\n<div>\n<p>&nbsp;<\/p>\n<\/div>\n<h5>5. Vorratsdatenspeicherung<\/h5>\n<p>Wir bewahren Ihre personenbezogenen Daten nur so lange auf, wie dies zur Erf\u00fcllung der in dieser Datenschutzerkl\u00e4rung dargelegten Zwecke erforderlich ist, es sei denn, eine l\u00e4ngere Aufbewahrungsfrist ist gesetzlich vorgeschrieben.<\/p>\n<div>\n<p>&nbsp;<\/p>\n<\/div>\n<h5>6. Datensicherheit<\/h5>\n<p>Wir setzen geeignete technische und organisatorische Ma\u00dfnahmen ein, um Ihre Daten vor unbefugtem Zugriff, Verlust oder Missbrauch zu sch\u00fctzen. Kein System ist jedoch absolut sicher und wir k\u00f6nnen keine absolute Sicherheit garantieren.<\/p>\n<div>\n<p>&nbsp;<\/p>\n<\/div>\n<h5>7. Links von Dritten<\/h5>\n<p>Unsere Website kann Links zu Websites Dritter enthalten. Wir sind nicht verantwortlich f\u00fcr die Datenschutzpraktiken oder den Inhalt dieser Websites. Wir empfehlen Ihnen, ihre Datenschutzrichtlinien zu \u00fcberpr\u00fcfen.<\/p>\n<div>\n<p>&nbsp;<\/p>\n<\/div>\n<h5>8. Aktualisierungen dieser Datenschutzerkl\u00e4rung<\/h5>\n<p>Wir k\u00f6nnen diese Datenschutzerkl\u00e4rung von Zeit zu Zeit aktualisieren, um \u00c4nderungen unserer Praktiken oder gesetzlichen Anforderungen widerzuspiegeln. Wir werden Sie \u00fcber wesentliche \u00c4nderungen informieren, indem wir die aktualisierte Erkl\u00e4rung mit einem neuen Datum des Inkrafttretens auf unserer Website ver\u00f6ffentlichen.<\/p>\n<div>\n<p>&nbsp;<\/p>\n<\/div>\n<h5>9. Kontaktieren Sie uns<\/h5>\n<p>Wenn Sie Fragen zu dieser Datenschutzerkl\u00e4rung oder zum Umgang mit Ihren Daten haben, wenden Sie sich bitte an uns:<\/p>\n<p><strong>GELATEC<\/strong><br \/>\nWebsite: <a href=\"https:\/\/gelatec.gr\/de\/\">gelatec.gr<\/a><br \/>\nE-Mail: <a href=\"mailto:info@gelatec.gr\" target=\"_blank\" rel=\"noopener\">info@gelatec.gr<\/a><br \/>\nTelefon: <a href=\"tel:+302310797707\" target=\"_blank\" rel=\"noopener\">+30 2310 797707<\/a><\/p>\n<div>\n<p>&nbsp;<\/p>\n<\/div>\n<p>Durch die Nutzung unserer Website erkl\u00e4ren Sie sich mit den Bedingungen dieser Datenschutzerkl\u00e4rung einverstanden. Wenn Sie damit nicht einverstanden sind, verzichten Sie bitte auf die Nutzung der Website.<\/p>\n<\/div><\/div><\/div><\/div><\/div>","protected":false},"excerpt":{"rendered":"","protected":false},"author":1,"featured_media":0,"parent":0,"menu_order":90,"comment_status":"closed","ping_status":"closed","template":"100-width.php","meta":{"wpupg_custom_link":[],"wpupg_custom_link_behaviour":["default"],"wpupg_custom_link_nofollow":["default"],"wpupg_custom_image":[],"wpupg_custom_image_id":[],"footnotes":""},"categories":[],"tags":[],"class_list":["post-4478","page","type-page","status-publish","hentry"],"_links":{"self":[{"href":"https:\/\/gelatec.gr\/de\/wp-json\/wp\/v2\/pages\/4478","targetHints":{"allow":["GET"]}}],"collection":[{"href":"https:\/\/gelatec.gr\/de\/wp-json\/wp\/v2\/pages"}],"about":[{"href":"https:\/\/gelatec.gr\/de\/wp-json\/wp\/v2\/types\/page"}],"author":[{"embeddable":true,"href":"https:\/\/gelatec.gr\/de\/wp-json\/wp\/v2\/users\/1"}],"replies":[{"embeddable":true,"href":"https:\/\/gelatec.gr\/de\/wp-json\/wp\/v2\/comments?post=4478"}],"version-history":[{"count":0,"href":"https:\/\/gelatec.gr\/de\/wp-json\/wp\/v2\/pages\/4478\/revisions"}],"wp:attachment":[{"href":"https:\/\/gelatec.gr\/de\/wp-json\/wp\/v2\/media?parent=4478"}],"wp:term":[{"taxonomy":"category","embeddable":true,"href":"https:\/\/gelatec.gr\/de\/wp-json\/wp\/v2\/categories?post=4478"},{"taxonomy":"post_tag","embeddable":true,"href":"https:\/\/gelatec.gr\/de\/wp-json\/wp\/v2\/tags?post=4478"}],"curies":[{"name":"wp","href":"https:\/\/api.w.org\/{rel}","templated":true}]}}