{"id":6661,"date":"2025-10-29T13:17:05","date_gmt":"2025-10-29T11:17:05","guid":{"rendered":"https:\/\/gelatec.gr\/?page_id=6661"},"modified":"2025-10-29T13:23:51","modified_gmt":"2025-10-29T11:23:51","slug":"how-to-maintenance-service","status":"publish","type":"page","link":"https:\/\/gelatec.gr\/de\/how-to-maintenance-service\/","title":{"rendered":"So geht's: Wartung &amp; Service"},"content":{"rendered":"<div class=\"fusion-fullwidth fullwidth-box fusion-builder-row-1 fusion-flex-container has-pattern-background has-mask-background shrink-container nonhundred-percent-fullwidth non-hundred-percent-height-scrolling\" style=\"--awb-border-color:var(--awb-color4);--awb-border-radius-top-left:16px;--awb-border-radius-top-right:16px;--awb-border-radius-bottom-right:16px;--awb-border-radius-bottom-left:16px;--awb-overflow:hidden;--awb-padding-top:2em;--awb-margin-top:0em;--awb-flex-wrap:wrap;\" ><div class=\"fusion-builder-row fusion-row fusion-flex-align-items-flex-start fusion-flex-content-wrap\" style=\"max-width:calc( 1600px + 20px );margin-left: calc(-20px \/ 2 );margin-right: calc(-20px \/ 2 );\"><div class=\"fusion-layout-column fusion_builder_column fusion-builder-column-0 fusion_builder_column_1_1 1_1 fusion-flex-column\" style=\"--awb-padding-top:0em;--awb-padding-right:0em;--awb-padding-bottom:0em;--awb-padding-left:0em;--awb-overflow:hidden;--awb-bg-color:var(--awb-color4);--awb-bg-color-hover:var(--awb-color4);--awb-bg-size:cover;--awb-border-color:rgba(255,255,255,0.1);--awb-border-top:0px;--awb-border-right:0px;--awb-border-bottom:0px;--awb-border-left:0px;--awb-border-style:solid;--awb-border-radius:16px 16px 16px 16px;--awb-width-large:100%;--awb-margin-top-large:0px;--awb-spacing-right-large:10px;--awb-margin-bottom-large:0px;--awb-spacing-left-large:10px;--awb-width-medium:100%;--awb-order-medium:0;--awb-spacing-right-medium:10px;--awb-spacing-left-medium:10px;--awb-width-small:100%;--awb-order-small:0;--awb-spacing-right-small:10px;--awb-spacing-left-small:10px;\" data-scroll-devices=\"small-visibility,medium-visibility,large-visibility\"><div class=\"fusion-column-wrapper fusion-column-has-shadow fusion-flex-justify-content-flex-start fusion-content-layout-column\"><div class=\"fusion-builder-row fusion-builder-row-inner fusion-row fusion-flex-align-items-flex-start fusion-flex-content-wrap\" style=\"width:calc( 100% + 20px ) !important;max-width:calc( 100% + 20px ) !important;margin-left: calc(-20px \/ 2 );margin-right: calc(-20px \/ 2 );\"><div class=\"fusion-layout-column fusion_builder_column_inner fusion-builder-nested-column-0 fusion_builder_column_inner_1_1 1_1 fusion-flex-column fusion-flex-align-self-stretch\" style=\"--awb-padding-top:1em;--awb-padding-right:1em;--awb-padding-bottom:4em;--awb-padding-left:1em;--awb-padding-top-small:1em;--awb-padding-right-small:1em;--awb-padding-bottom-small:1em;--awb-padding-left-small:1em;--awb-overflow:hidden;--awb-bg-color:var(--awb-color4);--awb-bg-color-hover:var(--awb-color4);--awb-bg-size:cover;--awb-border-radius:16px 16px 16px 16px;--awb-width-large:100%;--awb-margin-top-large:0px;--awb-spacing-right-large:10px;--awb-margin-bottom-large:0px;--awb-spacing-left-large:10px;--awb-width-medium:100%;--awb-order-medium:0;--awb-spacing-right-medium:10px;--awb-spacing-left-medium:10px;--awb-width-small:100%;--awb-order-small:0;--awb-spacing-right-small:10px;--awb-spacing-left-small:10px;\" data-scroll-devices=\"small-visibility,medium-visibility,large-visibility\"><div class=\"fusion-column-wrapper fusion-column-has-shadow fusion-flex-justify-content-flex-start fusion-content-layout-column\"><div class=\"fusion-title title fusion-title-1 fusion-sep-none fusion-title-text fusion-title-size-one\" style=\"--awb-text-color:var(--awb-color1);--awb-font-size:108px;\"><h1 class=\"fusion-title-heading title-heading-left fusion-responsive-typography-calculated\" style=\"font-family:&quot;Poppins&quot;;font-style:normal;font-weight:700;margin:0;font-size:1em;--fontSize:108;line-height:1.2;\">So geht's: Wartung &amp; Service<\/h1><\/div><\/div><\/div><\/div><\/div><\/div><div class=\"fusion-layout-column fusion_builder_column fusion-builder-column-1 fusion_builder_column_1_1 1_1 fusion-flex-column\" style=\"--awb-padding-top:4em;--awb-padding-right:4em;--awb-padding-bottom:4em;--awb-padding-left:4em;--awb-padding-top-small:1em;--awb-padding-right-small:1em;--awb-padding-bottom-small:1em;--awb-padding-left-small:1em;--awb-overflow:hidden;--awb-bg-color:var(--awb-color1);--awb-bg-color-hover:var(--awb-color1);--awb-bg-size:cover;--awb-border-radius:16px 16px 16px 16px;--awb-width-large:100%;--awb-margin-top-large:0px;--awb-spacing-right-large:10px;--awb-margin-bottom-large:20px;--awb-spacing-left-large:10px;--awb-width-medium:100%;--awb-order-medium:0;--awb-spacing-right-medium:10px;--awb-spacing-left-medium:10px;--awb-width-small:100%;--awb-order-small:0;--awb-spacing-right-small:10px;--awb-spacing-left-small:10px;\" data-scroll-devices=\"small-visibility,medium-visibility,large-visibility\"><div class=\"fusion-column-wrapper fusion-column-has-shadow fusion-flex-justify-content-flex-start fusion-content-layout-column\"><div class=\"fusion-text fusion-text-1\"><h3><b><span data-contrast=\"auto\">So pflegen und reinigen Sie Ihr professionelles Display<\/span><\/b><span data-ccp-props=\"{\">\u00a0<\/span><\/h3>\n<p><span data-contrast=\"auto\">Die richtige Wartung und Reinigung Ihres Displays sind unerl\u00e4sslich, um eine optimale Leistung zu gew\u00e4hrleisten, die Produktqualit\u00e4t zu erhalten und die Lebensdauer Ihrer Ger\u00e4te zu verl\u00e4ngern. Befolgen Sie diese Tipps, um Ihr Display in ausgezeichnetem Zustand zu halten.<\/span><span data-ccp-props=\"{\">\u00a0<\/span><\/p>\n<p><span data-ccp-props=\"{\">\u00a0<\/span><\/p>\n<h3><b><span data-contrast=\"auto\">Pflege Ihres Displays<\/span><\/b><span data-ccp-props=\"{\">\u00a0<\/span><\/h3>\n<ul>\n<li aria-setsize=\"-1\" data-leveltext=\"\uf0fc\" data-font=\"Wingdings\" data-listid=\"17\" data-list-defn-props=\"{\" data-aria-posinset=\"1\" data-aria-level=\"1\"><b><span data-contrast=\"auto\">Halten Sie die T\u00fcren \u00fcber Nacht geschlossen<\/span><\/b><span data-contrast=\"auto\">: Stellen Sie immer sicher, dass die T\u00fcren w\u00e4hrend nicht betriebsbereiter Stunden vollst\u00e4ndig geschlossen sind, um stabile Temperaturen und Energieeffizienz aufrechtzuerhalten.<\/span><span data-ccp-props=\"{\">\u00a0<\/span><\/li>\n<\/ul>\n<ul>\n<li aria-setsize=\"-1\" data-leveltext=\"\uf0fc\" data-font=\"Wingdings\" data-listid=\"17\" data-list-defn-props=\"{\" data-aria-posinset=\"2\" data-aria-level=\"1\"><b><span data-contrast=\"auto\">T\u00e4gliche operative Kontrolle<\/span><\/b><span data-contrast=\"auto\">: F\u00fchren Sie t\u00e4gliche Kontrollen durch, um kleinere Probleme zu identifizieren, bevor sie zu erheblichen Problemen eskalieren. Achten Sie auf ungew\u00f6hnliche Ger\u00e4usche, Temperaturschwankungen oder physische Sch\u00e4den.<\/span><span data-ccp-props=\"{\">\u00a0<\/span><\/li>\n<\/ul>\n<ul>\n<li aria-setsize=\"-1\" data-leveltext=\"\uf0fc\" data-font=\"Wingdings\" data-listid=\"17\" data-list-defn-props=\"{\" data-aria-posinset=\"3\" data-aria-level=\"1\"><b><span data-contrast=\"auto\">Temperaturstabilit\u00e4t \u00fcberwachen<\/span><\/b><span data-contrast=\"auto\">: \u00dcberpr\u00fcfen Sie regelm\u00e4\u00dfig, ob die Innentemperatur konstant bleibt, um die Qualit\u00e4t Ihrer Produkte zu erhalten.<\/span><span data-ccp-props=\"{\">\u00a0<\/span><\/li>\n<\/ul>\n<p><span data-ccp-props=\"{\">\u00a0<\/span><\/p>\n<h3><b><span data-contrast=\"auto\">Reinigen Sie Ihr Display<\/span><\/b><span data-ccp-props=\"{\">\u00a0<\/span><\/h3>\n<p><span data-contrast=\"auto\">Die richtige Reinigung sch\u00fctzt Ihr Display vor Verschlei\u00df und Besch\u00e4digungen, w\u00e4hrend die Qualit\u00e4t Ihrer Produkte erhalten bleibt.<\/span><span data-ccp-props=\"{\">\u00a0<\/span><\/p>\n<p><span data-ccp-props=\"{\">\u00a0<\/span><\/p>\n<h3><b><span data-contrast=\"auto\">T\u00e4gliche Reinigung<\/span><\/b><span data-ccp-props=\"{\">\u00a0<\/span><\/h3>\n<p><span data-contrast=\"auto\">Reinigen Sie Au\u00dfenfl\u00e4chen mit einem weichen Tuch und einem milden Reinigungsmittel, um Kratzer und Verf\u00e4rbungen zu vermeiden.<\/span><span data-ccp-props=\"{\">\u00a0<\/span><\/p>\n<p><span data-ccp-props=\"{\">\u00a0<\/span><\/p>\n<h3><b><span data-contrast=\"auto\">Eisentfernung<\/span><\/b><span data-ccp-props=\"{\">\u00a0<\/span><\/h3>\n<ol>\n<li aria-setsize=\"-1\" data-leveltext=\"%1.\" data-font=\"\" data-listid=\"11\" data-list-defn-props=\"{\" data-aria-posinset=\"1\" data-aria-level=\"1\"><span data-contrast=\"auto\">Leeren Sie das Display und lagern Sie Ihre Produkte unter geeigneten Bedingungen.<\/span><span data-ccp-props=\"{\">\u00a0<\/span><\/li>\n<\/ol>\n<ol>\n<li aria-setsize=\"-1\" data-leveltext=\"%1.\" data-font=\"\" data-listid=\"11\" data-list-defn-props=\"{\" data-aria-posinset=\"2\" data-aria-level=\"1\"><span data-contrast=\"auto\">Trennen Sie das Display vom Netzteil.<\/span><span data-ccp-props=\"{\">\u00a0<\/span><\/li>\n<\/ol>\n<ol>\n<li aria-setsize=\"-1\" data-leveltext=\"%1.\" data-font=\"\" data-listid=\"11\" data-list-defn-props=\"{\" data-aria-posinset=\"3\" data-aria-level=\"1\"><span data-contrast=\"auto\">Lassen Sie das Eis auf nat\u00fcrliche Weise schmelzen \u2013 verwenden Sie keine scharfen Werkzeuge, um Eis zu entfernen, da dies das Display besch\u00e4digen kann.<\/span><span data-ccp-props=\"{\">\u00a0<\/span><\/li>\n<\/ol>\n<ol>\n<li aria-setsize=\"-1\" data-leveltext=\"%1.\" data-font=\"\" data-listid=\"11\" data-list-defn-props=\"{\" data-aria-posinset=\"4\" data-aria-level=\"1\"><span data-contrast=\"auto\">Sobald das Eis geschmolzen ist, wischen Sie den Innenraum mit einem trockenen Tuch ab, bevor Sie das Ger\u00e4t wieder einstecken.<\/span><span data-ccp-props=\"{\">\u00a0<\/span><\/li>\n<\/ol>\n<p><span data-ccp-props=\"{\">\u00a0<\/span><\/p>\n<h3><b><span data-contrast=\"auto\">Richtige Reinigung von Acrylt\u00fcren<\/span><\/b><span data-ccp-props=\"{\">\u00a0<\/span><\/h3>\n<p><span data-contrast=\"auto\">Acrylt\u00fcren erfordern besondere Sorgfalt, um ihre \u00c4sthetik und Funktionalit\u00e4t zu erhalten. H\u00e4ufige und sorgf\u00e4ltige Reinigung von Acrylt\u00fcren sorgt daf\u00fcr, dass sie kristallklar bleiben, so dass Ihre Produkte gl\u00e4nzen und Kunden anziehen.<\/span><span data-ccp-props=\"{\">\u00a0<\/span><\/p>\n<ul>\n<li aria-setsize=\"-1\" data-leveltext=\"\uf0fc\" data-font=\"Wingdings\" data-listid=\"18\" data-list-defn-props=\"{\" data-aria-posinset=\"1\" data-aria-level=\"1\"><b><span data-contrast=\"auto\">Verwenden Sie ein weiches Tuch<\/span><\/b><span data-contrast=\"auto\">: Entscheiden Sie sich f\u00fcr eine Mikrofaser oder ein sauberes, weiches Tuch, um Acryloberfl\u00e4chen sanft zu reinigen.<\/span><span data-ccp-props=\"{\">\u00a0<\/span><\/li>\n<\/ul>\n<ul>\n<li aria-setsize=\"-1\" data-leveltext=\"\uf0fc\" data-font=\"Wingdings\" data-listid=\"18\" data-list-defn-props=\"{\" data-aria-posinset=\"2\" data-aria-level=\"1\"><b><span data-contrast=\"auto\">Vermeiden Sie Chemikalien<\/span><\/b><span data-contrast=\"auto\">: Verwenden Sie keine chemischen Reiniger oder harten Reinigungsmittel, da diese Sch\u00e4den verursachen k\u00f6nnen.<\/span><span data-ccp-props=\"{\">\u00a0<\/span><\/li>\n<\/ul>\n<ul>\n<li aria-setsize=\"-1\" data-leveltext=\"\uf0fc\" data-font=\"Wingdings\" data-listid=\"18\" data-list-defn-props=\"{\" data-aria-posinset=\"3\" data-aria-level=\"1\"><b><span data-contrast=\"auto\">Schonende Reinigung<\/span><\/b><span data-contrast=\"auto\">: Wenden Sie keinen \u00fcberm\u00e4\u00dfigen Druck an, um Kratzer oder Verzug zu vermeiden.<\/span><span data-ccp-props=\"{\">\u00a0<\/span><\/li>\n<\/ul>\n<p><span data-ccp-props=\"{\">\u00a0<\/span><\/p>\n<h3><b><span data-contrast=\"auto\">Wartung des Kondensators<\/span><\/b><span data-ccp-props=\"{\">\u00a0<\/span><\/h3>\n<p><span data-contrast=\"auto\">Der Kondensator ist ein wichtiger Bestandteil Ihres Displays und sorgt f\u00fcr eine effiziente K\u00fchlung. Eine ordnungsgem\u00e4\u00dfe Wartung ist unerl\u00e4sslich, um Probleme wie Leistungsminderung, \u00dcberhitzung und erh\u00f6hten Energieverbrauch zu vermeiden:<\/span><span data-ccp-props=\"{\">\u00a0<\/span><\/p>\n<ul>\n<li aria-setsize=\"-1\" data-leveltext=\"\uf0fc\" data-font=\"Wingdings\" data-listid=\"19\" data-list-defn-props=\"{\" data-aria-posinset=\"1\" data-aria-level=\"1\"><span data-contrast=\"auto\">\u00dcberpr\u00fcfen Sie den Kondensator regelm\u00e4\u00dfig auf Staubansammlungen oder Ablagerungen.<\/span><span data-ccp-props=\"{\">\u00a0<\/span><\/li>\n<\/ul>\n<ul>\n<li aria-setsize=\"-1\" data-leveltext=\"\uf0fc\" data-font=\"Wingdings\" data-listid=\"19\" data-list-defn-props=\"{\" data-aria-posinset=\"2\" data-aria-level=\"1\"><span data-contrast=\"auto\">Reinigen Sie es sanft, um optimalen Luftstrom und Funktionalit\u00e4t zu erhalten.<\/span><span data-ccp-props=\"{\">\u00a0<\/span><\/li>\n<\/ul>\n<ul>\n<li aria-setsize=\"-1\" data-leveltext=\"\uf0fc\" data-font=\"Wingdings\" data-listid=\"19\" data-list-defn-props=\"{\" data-aria-posinset=\"3\" data-aria-level=\"1\"><span data-contrast=\"auto\">Planen Sie regelm\u00e4\u00dfig eine professionelle Wartung ein, um eine langfristige Leistung zu gew\u00e4hrleisten.<\/span><span data-ccp-props=\"{\">\u00a0<\/span><\/li>\n<\/ul>\n<p><span data-ccp-props=\"{\">\u00a0<\/span><\/p>\n<h3><b><span data-contrast=\"auto\">Verwenden Sie Original-Ersatzteile und ausgebildete Techniker<\/span><\/b><span data-ccp-props=\"{\">\u00a0<\/span><\/h3>\n<p><span data-contrast=\"auto\">Um die Zuverl\u00e4ssigkeit und Sicherheit Ihres Displays zu gew\u00e4hrleisten, empfiehlt unser Unternehmen dringend, nur <\/span><b><span data-contrast=\"auto\">Original- und autorisierte Ersatzteile<\/span><\/b><span data-contrast=\"auto\"> von vertrauensw\u00fcrdigen Lieferanten. Dar\u00fcber hinaus sollten alle Dienstleistungen und Reparaturen von <\/span><b><span data-contrast=\"auto\">ausgebildete und zertifizierte Techniker<\/span><\/b><span data-contrast=\"auto\">. Dies stellt das ordnungsgem\u00e4\u00dfe Funktionieren Ihrer Ger\u00e4te sicher, reduziert das Risiko zuk\u00fcnftiger Ausf\u00e4lle und hilft, Ihre Garantie aufrechtzuerhalten.<\/span><span data-ccp-props=\"{\">\u00a0<\/span><\/p>\n<p><span data-contrast=\"auto\">Indem Sie diese Wartungs- und Reinigungspraktiken befolgen und sich auf autorisierte Teile und erfahrene Techniker verlassen, funktioniert Ihr professionelles Display nicht nur effizient, sondern bietet auch eine ansprechende Pr\u00e4sentation f\u00fcr Ihre Produkte, um die Kundenzufriedenheit und Energieeinsparung zu gew\u00e4hrleisten.<\/span><span data-ccp-props=\"{\">\u00a0<\/span><\/p>\n<\/div><\/div><\/div><\/div><\/div>","protected":false},"excerpt":{"rendered":"","protected":false},"author":1,"featured_media":0,"parent":0,"menu_order":41,"comment_status":"closed","ping_status":"closed","template":"100-width.php","meta":{"wpupg_custom_link":[],"wpupg_custom_link_behaviour":["default"],"wpupg_custom_link_nofollow":["default"],"wpupg_custom_image":[],"wpupg_custom_image_id":[],"footnotes":""},"categories":[],"tags":[],"class_list":["post-6661","page","type-page","status-publish","hentry"],"_links":{"self":[{"href":"https:\/\/gelatec.gr\/de\/wp-json\/wp\/v2\/pages\/6661","targetHints":{"allow":["GET"]}}],"collection":[{"href":"https:\/\/gelatec.gr\/de\/wp-json\/wp\/v2\/pages"}],"about":[{"href":"https:\/\/gelatec.gr\/de\/wp-json\/wp\/v2\/types\/page"}],"author":[{"embeddable":true,"href":"https:\/\/gelatec.gr\/de\/wp-json\/wp\/v2\/users\/1"}],"replies":[{"embeddable":true,"href":"https:\/\/gelatec.gr\/de\/wp-json\/wp\/v2\/comments?post=6661"}],"version-history":[{"count":0,"href":"https:\/\/gelatec.gr\/de\/wp-json\/wp\/v2\/pages\/6661\/revisions"}],"wp:attachment":[{"href":"https:\/\/gelatec.gr\/de\/wp-json\/wp\/v2\/media?parent=6661"}],"wp:term":[{"taxonomy":"category","embeddable":true,"href":"https:\/\/gelatec.gr\/de\/wp-json\/wp\/v2\/categories?post=6661"},{"taxonomy":"post_tag","embeddable":true,"href":"https:\/\/gelatec.gr\/de\/wp-json\/wp\/v2\/tags?post=6661"}],"curies":[{"name":"wp","href":"https:\/\/api.w.org\/{rel}","templated":true}]}}