{"id":4486,"date":"2025-01-17T23:51:45","date_gmt":"2025-01-17T21:51:45","guid":{"rendered":"https:\/\/gelatec.gr\/?page_id=4486"},"modified":"2025-03-18T15:15:40","modified_gmt":"2025-03-18T13:15:40","slug":"terms-and-conditions","status":"publish","type":"page","link":"https:\/\/gelatec.gr\/es\/terms-and-conditions\/","title":{"rendered":"T\u00e9rminos &amp; Condiciones"},"content":{"rendered":"<div class=\"fusion-fullwidth fullwidth-box fusion-builder-row-1 fusion-flex-container has-pattern-background has-mask-background shrink-container nonhundred-percent-fullwidth non-hundred-percent-height-scrolling\" style=\"--awb-border-color:var(--awb-color4);--awb-border-radius-top-left:16px;--awb-border-radius-top-right:16px;--awb-border-radius-bottom-right:16px;--awb-border-radius-bottom-left:16px;--awb-overflow:hidden;--awb-padding-top:2em;--awb-margin-top:0em;--awb-flex-wrap:wrap;\" ><div class=\"fusion-builder-row fusion-row fusion-flex-align-items-flex-start fusion-flex-content-wrap\" style=\"max-width:calc( 1600px + 20px );margin-left: calc(-20px \/ 2 );margin-right: calc(-20px \/ 2 );\"><div class=\"fusion-layout-column fusion_builder_column fusion-builder-column-0 fusion_builder_column_3_5 3_5 fusion-flex-column\" style=\"--awb-padding-top:0em;--awb-padding-right:0em;--awb-padding-bottom:0em;--awb-padding-left:0em;--awb-overflow:hidden;--awb-bg-color:var(--awb-color4);--awb-bg-color-hover:var(--awb-color4);--awb-bg-size:cover;--awb-border-color:rgba(255,255,255,0.1);--awb-border-top:0px;--awb-border-right:0px;--awb-border-bottom:0px;--awb-border-left:0px;--awb-border-style:solid;--awb-border-radius:16px 16px 16px 16px;--awb-width-large:60%;--awb-margin-top-large:0px;--awb-spacing-right-large:10px;--awb-margin-bottom-large:0px;--awb-spacing-left-large:10px;--awb-width-medium:60%;--awb-order-medium:0;--awb-spacing-right-medium:10px;--awb-spacing-left-medium:10px;--awb-width-small:100%;--awb-order-small:0;--awb-spacing-right-small:10px;--awb-spacing-left-small:10px;\" data-scroll-devices=\"small-visibility,medium-visibility,large-visibility\"><div class=\"fusion-column-wrapper fusion-column-has-shadow fusion-flex-justify-content-flex-start fusion-content-layout-column\"><div class=\"fusion-builder-row fusion-builder-row-inner fusion-row fusion-flex-align-items-flex-start fusion-flex-content-wrap\" style=\"width:calc( 100% + 20px ) !important;max-width:calc( 100% + 20px ) !important;margin-left: calc(-20px \/ 2 );margin-right: calc(-20px \/ 2 );\"><div class=\"fusion-layout-column fusion_builder_column_inner fusion-builder-nested-column-0 fusion_builder_column_inner_1_1 1_1 fusion-flex-column fusion-flex-align-self-stretch\" style=\"--awb-padding-top:1em;--awb-padding-right:1em;--awb-padding-bottom:4em;--awb-padding-left:1em;--awb-padding-top-small:1em;--awb-padding-right-small:1em;--awb-padding-bottom-small:1em;--awb-padding-left-small:1em;--awb-overflow:hidden;--awb-bg-color:var(--awb-color4);--awb-bg-color-hover:var(--awb-color4);--awb-bg-size:cover;--awb-border-radius:16px 16px 16px 16px;--awb-width-large:100%;--awb-margin-top-large:0px;--awb-spacing-right-large:10px;--awb-margin-bottom-large:0px;--awb-spacing-left-large:10px;--awb-width-medium:100%;--awb-order-medium:0;--awb-spacing-right-medium:10px;--awb-spacing-left-medium:10px;--awb-width-small:100%;--awb-order-small:0;--awb-spacing-right-small:10px;--awb-spacing-left-small:10px;\" data-scroll-devices=\"small-visibility,medium-visibility,large-visibility\"><div class=\"fusion-column-wrapper fusion-column-has-shadow fusion-flex-justify-content-flex-start fusion-content-layout-column\"><div class=\"fusion-title title fusion-title-1 fusion-sep-none fusion-title-text fusion-title-size-one\" style=\"--awb-text-color:var(--awb-color1);--awb-font-size:108px;\"><h1 class=\"fusion-title-heading title-heading-left fusion-responsive-typography-calculated\" style=\"font-family:&quot;Poppins&quot;;font-style:normal;font-weight:700;margin:0;font-size:1em;--fontSize:108;line-height:1.2;\">T\u00e9rminos &amp; Condiciones<\/h1><\/div><\/div><\/div><\/div><\/div><\/div><div class=\"fusion-layout-column fusion_builder_column fusion-builder-column-1 fusion_builder_column_1_1 1_1 fusion-flex-column\" style=\"--awb-padding-top:4em;--awb-padding-right:4em;--awb-padding-bottom:4em;--awb-padding-left:4em;--awb-padding-top-small:1em;--awb-padding-right-small:1em;--awb-padding-bottom-small:1em;--awb-padding-left-small:1em;--awb-overflow:hidden;--awb-bg-color:var(--awb-color1);--awb-bg-color-hover:var(--awb-color1);--awb-bg-size:cover;--awb-border-radius:16px 16px 16px 16px;--awb-width-large:100%;--awb-margin-top-large:0px;--awb-spacing-right-large:10px;--awb-margin-bottom-large:20px;--awb-spacing-left-large:10px;--awb-width-medium:100%;--awb-order-medium:0;--awb-spacing-right-medium:10px;--awb-spacing-left-medium:10px;--awb-width-small:100%;--awb-order-small:0;--awb-spacing-right-small:10px;--awb-spacing-left-small:10px;\" data-scroll-devices=\"small-visibility,medium-visibility,large-visibility\"><div class=\"fusion-column-wrapper fusion-column-has-shadow fusion-flex-justify-content-flex-start fusion-content-layout-column\"><div class=\"fusion-text fusion-text-1\">\n<!-- This legal document was generated by Complianz Terms &amp; Conditions https:\/\/wordpress.org\/plugins\/complianz-terms-conditions -->\n<div id=\"cmplz-document\" class=\"cmplz-document cmplz-terms-conditions\"><p><i>Los T\u00e9rminos y Condiciones se actualizaron por \u00faltima vez el 17\/01\/2025<\/i><\/p><h2>1. Introducci\u00f3n<\/h2><p>Estos T\u00e9rminos y condiciones se aplican a este sitio web y a las transacciones relacionadas con nuestros productos y servicios.\u00a0Usted puede estar obligado por contratos adicionales relacionados con su relaci\u00f3n con nosotros o cualquier producto o servicio que reciba de nosotros.\u00a0Si alguna disposici\u00f3n de los contratos adicionales entra en conflicto con alguna disposici\u00f3n de estos T\u00e9rminos, las disposiciones de estos contratos adicionales controlar\u00e1n y prevalecer\u00e1n.<\/p><h2>2. Encuadernaci\u00f3n<\/h2><p>Al registrarse, acceder o utilizar este sitio web, usted acepta estar sujeto a estos T\u00e9rminos y condiciones establecidos a continuaci\u00f3n.\u00a0El mero uso de este sitio web implica el conocimiento y aceptaci\u00f3n de estos T\u00e9rminos y condiciones.\u00a0En algunos casos particulares, tambi\u00e9n podemos pedirle que acepte expl\u00edcitamente.<\/p><h2>3. Comunicaci\u00f3n electr\u00f3nica<\/h2><p>Al utilizar este sitio web o comunicarse con nosotros por medios electr\u00f3nicos, usted acepta y reconoce que podemos comunicarnos con usted electr\u00f3nicamente en nuestro sitio web o envi\u00e1ndole un correo electr\u00f3nico, y acepta que todos los acuerdos, avisos, divulgaciones y otras comunicaciones que le proporcionamos electr\u00f3nicamente satisfacen cualquier requisito legal, incluido, entre otros, el requisito de que dichas comunicaciones deben ser por escrito.<\/p><h2>4. Propiedad intelectual<\/h2><p>Nosotros o nuestros licenciantes poseemos y controlamos todos los derechos de autor y otros derechos de propiedad intelectual en el sitio web y los datos, informaci\u00f3n y otros recursos mostrados o accesibles dentro del sitio web.<\/p><p class=\"cmplz-subtitle\">4.1 Todos los derechos est\u00e1n reservados<\/p><p>A menos que el contenido espec\u00edfico dicte lo contrario, no se le concede una licencia o cualquier otro derecho en virtud de los derechos de autor, marca registrada, patente u otros derechos de propiedad intelectual.\u00a0Esto significa que no utilizar\u00e1, copiar\u00e1, reproducir\u00e1, ejecutar\u00e1, exhibir\u00e1, distribuir\u00e1, integrar\u00e1 en ning\u00fan medio electr\u00f3nico, alterar\u00e1, realizar\u00e1 ingenier\u00eda inversa, descompilar\u00e1, transferir\u00e1, descargar\u00e1, transmitir\u00e1, monetizar\u00e1, vender\u00e1, comercializar\u00e1 o comercializar\u00e1 ning\u00fan recurso en este sitio web de ninguna forma, sin nuestro permiso previo por escrito, excepto y solo en la medida en que se estipule lo contrario en las regulaciones de la ley obligatoria (como el derecho a cotizar).<\/p><h2>5. Bolet\u00edn de noticias<\/h2><p>No obstante lo anterior, puede reenviar nuestro bolet\u00edn de noticias en forma electr\u00f3nica a otras personas que puedan estar interesadas en visitar nuestro sitio web.<\/p><h2>6. Propiedad de terceros<\/h2><p>Nuestro sitio web puede incluir hiperv\u00ednculos u otras referencias a sitios web de terceros.\u00a0No supervisamos ni revisamos el contenido de los sitios web de terceros a los que se enlaza desde este sitio web.\u00a0Los productos o servicios ofrecidos por otros sitios web estar\u00e1n sujetos a los T\u00e9rminos y Condiciones aplicables de dichos terceros.\u00a0Las opiniones expresadas o el material que aparece en esos sitios web no son necesariamente compartidos o respaldados por nosotros.<\/p><p>No seremos responsables de ninguna pr\u00e1ctica de privacidad o contenido de estos sitios.\u00a0Usted asume todos los riesgos asociados con el uso de estos sitios web y cualquier servicio relacionado de terceros.\u00a0No aceptaremos ninguna responsabilidad por cualquier p\u00e9rdida o da\u00f1o de cualquier manera, independientemente de la causa, que resulte de su divulgaci\u00f3n a terceros de informaci\u00f3n personal.<\/p><h2>7. Uso responsable<\/h2><p>Al visitar nuestro sitio web, usted acepta usarlo solo para los fines previstos y permitidos por estos T\u00e9rminos, cualquier contrato adicional con nosotros y las leyes, regulaciones y pr\u00e1cticas en l\u00ednea generalmente aceptadas y las pautas de la industria aplicables.\u00a0Usted no debe utilizar nuestro sitio web o servicios para utilizar, publicar o distribuir cualquier material que consiste en (o est\u00e1 vinculado a) software inform\u00e1tico malicioso; Utilizar los datos recopilados de nuestro sitio web para cualquier actividad de marketing directo, o llevar a cabo cualquier actividad de recopilaci\u00f3n de datos sistem\u00e1tica o automatizada en o en relaci\u00f3n con nuestro sitio web.<\/p><p>Est\u00e1 estrictamente prohibido participar en cualquier actividad que cause o pueda causar da\u00f1os al sitio web o que interfiera con el rendimiento, la disponibilidad o la accesibilidad del sitio web.<\/p><h2>8. Presentaci\u00f3n de ideas<\/h2><p>No env\u00ede ideas, invenciones, obras de autor\u00eda u otra informaci\u00f3n que pueda considerarse su propia propiedad intelectual que le gustar\u00eda presentarnos a menos que primero hayamos firmado un acuerdo con respecto a la propiedad intelectual o un acuerdo de confidencialidad.\u00a0Si nos lo revela sin dicho acuerdo por escrito, nos otorga una licencia mundial, irrevocable, no exclusiva y libre de regal\u00edas para usar, reproducir, almacenar, adaptar, publicar, traducir y distribuir su contenido en cualquier medio existente o futuro.<\/p><h2>9. Terminaci\u00f3n del uso<\/h2><p>Podemos, a nuestra sola discreci\u00f3n, en cualquier momento modificar o interrumpir el acceso, temporal o permanentemente, al sitio web o a cualquier Servicio en el mismo.\u00a0Usted acepta que no seremos responsables ante usted o cualquier tercero por cualquier modificaci\u00f3n, suspensi\u00f3n o interrupci\u00f3n de su acceso o uso del sitio web o cualquier contenido que pueda haber compartido en el sitio web.\u00a0Usted no tendr\u00e1 derecho a ninguna compensaci\u00f3n u otro pago, incluso si ciertas caracter\u00edsticas, configuraciones y \/ o cualquier Contenido que haya contribuido o en el que haya llegado a confiar, se pierden permanentemente.\u00a0No debe eludir o eludir, o intentar eludir o eludir, cualquier medida de restricci\u00f3n de acceso en nuestro sitio web.<\/p><h2>10. Garant\u00edas y responsabilidad<\/h2><p>Nada en esta secci\u00f3n limitar\u00e1 o excluir\u00e1 ninguna garant\u00eda impl\u00edcita por la ley que ser\u00eda ilegal limitar o excluir.\u00a0Este sitio web y todo el contenido del sitio web se proporcionan \u00abtal cual\u00bb y \u00abseg\u00fan disponibilidad\u00bb y pueden incluir inexactitudes o errores tipogr\u00e1ficos.\u00a0Renunciamos expresamente a todas las garant\u00edas de cualquier tipo, ya sean expresas o impl\u00edcitas, en cuanto a la disponibilidad, exactitud o integridad del Contenido.\u00a0No ofrecemos ninguna garant\u00eda de que:<\/p><p><ul>\n                    <li>este sitio web o nuestro contenido cumplir\u00e1 con sus requisitos;<\/li>\n                    <li>Este sitio web estar\u00e1 disponible de forma ininterrumpida, oportuna, segura o libre de errores.<\/li>\n        <\/ul><\/p><p>Nada en este sitio web constituye o est\u00e1 destinado a constituir asesoramiento legal, financiero o m\u00e9dico de ning\u00fan tipo.\u00a0Si necesita asesoramiento, debe consultar a un profesional adecuado.<\/p><p>Las siguientes disposiciones de esta secci\u00f3n se aplicar\u00e1n en la m\u00e1xima medida permitida por la ley aplicable y no limitar\u00e1n ni excluir\u00e1n nuestra responsabilidad con respecto a cualquier asunto que ser\u00eda ilegal o ilegal para nosotros limitar o excluir nuestra responsabilidad.\u00a0En ning\u00fan caso seremos responsables de ning\u00fan da\u00f1o directo o indirecto (incluidos los da\u00f1os por p\u00e9rdida de ganancias o ingresos, p\u00e9rdida o corrupci\u00f3n de datos, software o base de datos, o p\u00e9rdida o da\u00f1o a bienes o datos) incurridos por usted o cualquier tercero, que surjan de su acceso o uso de nuestro sitio web.<\/p><p>Excepto en la medida en que cualquier contrato adicional indique expresamente lo contrario, nuestra responsabilidad m\u00e1xima ante usted por todos los da\u00f1os que surjan o est\u00e9n relacionados con el sitio web o con cualquier producto y servicio comercializado o vendido a trav\u00e9s del sitio web, independientemente de la forma de acci\u00f3n legal que imponga responsabilidad (ya sea en contrato, equidad, negligencia, conducta prevista, agravio o de otro tipo) se limitar\u00e1 al precio total que nos pag\u00f3 por comprar dichos productos o servicios o utilizar el sitio web.\u00a0Dicho l\u00edmite se aplicar\u00e1 en conjunto a todas sus reclamaciones, acciones y causas de acci\u00f3n de todo tipo y naturaleza.<\/p><h2>11. Privacidad<\/h2><p>Para acceder a nuestro sitio web y \/ o servicios, es posible que deba proporcionar cierta informaci\u00f3n sobre usted como parte del proceso de registro.\u00a0Usted acepta que cualquier informaci\u00f3n que proporcione siempre ser\u00e1 precisa, correcta y actualizada.<\/p><p>Hemos desarrollado una pol\u00edtica para abordar cualquier problema de privacidad que pueda tener.\u00a0Para obtener m\u00e1s informaci\u00f3n, consulte nuestro <a href=\"https:\/\/gelatec.gr\/es\/privacy-statement\/\">Declaraci\u00f3n de privacidad<\/a> y nuestros <a href=\"https:\/\/gelatec.gr\/es\/cookie-policy\/\">Pol\u00edtica de cookies<\/a>.<\/p><h2>12. Accesibilidad<\/h2><p>Estamos comprometidos a hacer que el contenido que proporcionamos sea accesible para las personas con discapacidades.\u00a0Si tiene una discapacidad y no puede acceder a ninguna parte de nuestro sitio web debido a su discapacidad, le pedimos que nos d\u00e9 un aviso que incluya una descripci\u00f3n detallada del problema que encontr\u00f3.\u00a0Si el problema es f\u00e1cilmente identificable y resoluble de acuerdo con las herramientas y t\u00e9cnicas de tecnolog\u00eda de la informaci\u00f3n est\u00e1ndar de la industria, lo resolveremos r\u00e1pidamente.<\/p><h2>13. Restricciones a la exportaci\u00f3n \/ Cumplimiento de la legislaci\u00f3n<\/h2><p>El acceso al sitio web desde territorios o pa\u00edses donde el Contenido o la compra de los productos o Servicios vendidos en el sitio web es ilegal est\u00e1 prohibido.\u00a0No puede utilizar este sitio web en violaci\u00f3n de las leyes y regulaciones de exportaci\u00f3n de Grecia.<\/p><h2>14. Asignaci\u00f3n<\/h2><p>Usted no puede ceder, transferir o subcontratar ninguno de sus derechos y \/ u obligaciones bajo estos T\u00e9rminos y condiciones, en su totalidad o en parte, a ning\u00fan tercero sin nuestro consentimiento previo por escrito.\u00a0Cualquier supuesta asignaci\u00f3n en violaci\u00f3n de esta Secci\u00f3n ser\u00e1 nula y sin efecto.<\/p><h2>15. Incumplimiento de estos T\u00e9rminos y condiciones<\/h2><p>Sin perjuicio de nuestros otros derechos en virtud de estos T\u00e9rminos y Condiciones, si usted incumple estos T\u00e9rminos y Condiciones de cualquier manera, podemos tomar las medidas que consideremos apropiadas para hacer frente a la violaci\u00f3n, incluyendo la suspensi\u00f3n temporal o permanente de su acceso al sitio web, ponerse en contacto con su proveedor de servicios de Internet para solicitar que bloqueen su acceso al sitio web, y \/ o iniciar acciones legales contra usted.<\/p><h2>16. Fuerza mayor<\/h2><p>Excepto por las obligaciones de pagar dinero en virtud del presente, ning\u00fan retraso, incumplimiento u omisi\u00f3n por cualquiera de las partes para llevar a cabo u observar cualquiera de sus obligaciones en virtud del presente se considerar\u00e1 un incumplimiento de estos T\u00e9rminos y condiciones si y durante el tiempo que dicho retraso, incumplimiento u omisi\u00f3n surja de cualquier causa m\u00e1s all\u00e1 del control razonable de esa parte.<\/p><h2>17. Indemnizaci\u00f3n<\/h2><p>Usted acepta indemnizarnos, defendernos y mantenernos indemnes, de y contra cualquier y todas las reclamaciones, responsabilidades, da\u00f1os, p\u00e9rdidas y gastos, relacionados con su violaci\u00f3n de estos T\u00e9rminos y condiciones, y las leyes aplicables, incluidos los derechos de propiedad intelectual y los derechos de privacidad.\u00a0Usted nos reembolsar\u00e1 de inmediato por nuestros da\u00f1os, p\u00e9rdidas, costos y gastos relacionados o derivados de dichas reclamaciones.<\/p><h2>18. Exenci\u00f3n<\/h2><p>La falta de cumplimiento de cualquiera de las disposiciones establecidas en estos T\u00e9rminos y Condiciones y cualquier Acuerdo, o la falta de ejercicio de cualquier opci\u00f3n de rescisi\u00f3n, no se interpretar\u00e1 como una renuncia a dichas disposiciones y no afectar\u00e1 la validez de estos T\u00e9rminos y Condiciones o de cualquier Acuerdo o cualquier parte del mismo, o el derecho posterior a hacer cumplir todas y cada una de las disposiciones.<\/p><h2>19. Lengua<\/h2><p>Estos T\u00e9rminos y Condiciones se interpretar\u00e1n e interpretar\u00e1n exclusivamente en ingl\u00e9s.\u00a0Todos los avisos y correspondencia ser\u00e1n escritos exclusivamente en ese idioma.<\/p><h2>20. Acuerdo completo<\/h2><p>Estos T\u00e9rminos y Condiciones, junto con nuestros <a href=\"https:\/\/gelatec.gr\/es\/privacy-statement\/\">declaraci\u00f3n de confidencialidad<\/a> y <a href=\"https:\/\/gelatec.gr\/es\/cookie-policy\/\">Pol\u00edtica de cookies<\/a>, constituyen el acuerdo completo entre usted y GELATEC en relaci\u00f3n con su uso de este sitio web.<\/p><h2>21. Actualizaci\u00f3n de estos T\u00e9rminos y condiciones<\/h2><p>Podemos actualizar estos T\u00e9rminos y Condiciones de vez en cuando.\u00a0Es su obligaci\u00f3n revisar peri\u00f3dicamente estos T\u00e9rminos y Condiciones para ver si hay cambios o actualizaciones.\u00a0La fecha proporcionada al comienzo de estos T\u00e9rminos y Condiciones es la \u00faltima fecha de revisi\u00f3n.\u00a0Los cambios a estos T\u00e9rminos y Condiciones entrar\u00e1n en vigencia una vez que dichos cambios se publiquen en este sitio web.\u00a0Su uso continuado de este sitio web despu\u00e9s de la publicaci\u00f3n de cambios o actualizaciones se considerar\u00e1 un aviso de su aceptaci\u00f3n de cumplir y estar obligado por estos T\u00e9rminos y Condiciones.<\/p><h2>22. Elecci\u00f3n de Ley y Jurisdicci\u00f3n<\/h2><p>Estos T\u00e9rminos y Condiciones se regir\u00e1n por las leyes de Grecia.\u00a0Cualquier disputa relacionada con estos T\u00e9rminos y Condiciones estar\u00e1 sujeta a la jurisdicci\u00f3n de los tribunales de Grecia.\u00a0Si un tribunal u otra autoridad determina que alguna parte o disposici\u00f3n de estos T\u00e9rminos y Condiciones es inv\u00e1lida y\/o inaplicable seg\u00fan la ley aplicable, dicha parte o disposici\u00f3n se modificar\u00e1, eliminar\u00e1 y\/o aplicar\u00e1 en la m\u00e1xima medida permitida para dar efecto a la intenci\u00f3n de estos T\u00e9rminos y Condiciones.\u00a0Las dem\u00e1s disposiciones no se ver\u00e1n afectadas.<\/p><h2>23. Informaci\u00f3n de contacto<\/h2><p>Este sitio web es propiedad y est\u00e1 operado por GELATEC.<\/p><p>Puede ponerse en contacto con nosotros con respecto a estos T\u00e9rminos y Condiciones a trav\u00e9s de nuestro <a href=\"https:\/\/gelatec.gr\/es\/contact\/\">contact<\/a> p\u00e1gina.<\/p><h2>24. Descargar<\/h2><p>Usted tambi\u00e9n puede <a href=\"https:\/\/gelatec.gr\/wp-content\/plugins\/complianz-terms-conditions\/download.php\">descargar<\/a> nuestros T\u00e9rminos y Condiciones en formato PDF.<\/p><\/div>\n<\/div><\/div><\/div><\/div><\/div>","protected":false},"excerpt":{"rendered":"","protected":false},"author":1,"featured_media":0,"parent":0,"menu_order":90,"comment_status":"closed","ping_status":"closed","template":"100-width.php","meta":{"wpupg_custom_link":[],"wpupg_custom_link_behaviour":["default"],"wpupg_custom_link_nofollow":["default"],"wpupg_custom_image":[],"wpupg_custom_image_id":[],"footnotes":""},"categories":[],"tags":[],"class_list":["post-4486","page","type-page","status-publish","hentry"],"_links":{"self":[{"href":"https:\/\/gelatec.gr\/es\/wp-json\/wp\/v2\/pages\/4486","targetHints":{"allow":["GET"]}}],"collection":[{"href":"https:\/\/gelatec.gr\/es\/wp-json\/wp\/v2\/pages"}],"about":[{"href":"https:\/\/gelatec.gr\/es\/wp-json\/wp\/v2\/types\/page"}],"author":[{"embeddable":true,"href":"https:\/\/gelatec.gr\/es\/wp-json\/wp\/v2\/users\/1"}],"replies":[{"embeddable":true,"href":"https:\/\/gelatec.gr\/es\/wp-json\/wp\/v2\/comments?post=4486"}],"version-history":[{"count":0,"href":"https:\/\/gelatec.gr\/es\/wp-json\/wp\/v2\/pages\/4486\/revisions"}],"wp:attachment":[{"href":"https:\/\/gelatec.gr\/es\/wp-json\/wp\/v2\/media?parent=4486"}],"wp:term":[{"taxonomy":"category","embeddable":true,"href":"https:\/\/gelatec.gr\/es\/wp-json\/wp\/v2\/categories?post=4486"},{"taxonomy":"post_tag","embeddable":true,"href":"https:\/\/gelatec.gr\/es\/wp-json\/wp\/v2\/tags?post=4486"}],"curies":[{"name":"wp","href":"https:\/\/api.w.org\/{rel}","templated":true}]}}