{"id":4478,"date":"2025-01-17T23:40:33","date_gmt":"2025-01-17T21:40:33","guid":{"rendered":"https:\/\/gelatec.gr\/?page_id=4478"},"modified":"2025-03-18T15:14:54","modified_gmt":"2025-03-18T13:14:54","slug":"privacy-statement","status":"publish","type":"page","link":"https:\/\/gelatec.gr\/fr\/privacy-statement\/","title":{"rendered":"D\u00e9claration de confidentialit\u00e9"},"content":{"rendered":"<div class=\"fusion-fullwidth fullwidth-box fusion-builder-row-1 fusion-flex-container has-pattern-background has-mask-background shrink-container nonhundred-percent-fullwidth non-hundred-percent-height-scrolling\" style=\"--awb-border-color:var(--awb-color4);--awb-border-radius-top-left:16px;--awb-border-radius-top-right:16px;--awb-border-radius-bottom-right:16px;--awb-border-radius-bottom-left:16px;--awb-overflow:hidden;--awb-padding-top:2em;--awb-margin-top:0em;--awb-flex-wrap:wrap;\" ><div class=\"fusion-builder-row fusion-row fusion-flex-align-items-flex-start fusion-flex-content-wrap\" style=\"max-width:calc( 1600px + 20px );margin-left: calc(-20px \/ 2 );margin-right: calc(-20px \/ 2 );\"><div class=\"fusion-layout-column fusion_builder_column fusion-builder-column-0 fusion_builder_column_3_5 3_5 fusion-flex-column\" style=\"--awb-padding-top:0em;--awb-padding-right:0em;--awb-padding-bottom:0em;--awb-padding-left:0em;--awb-overflow:hidden;--awb-bg-color:var(--awb-color4);--awb-bg-color-hover:var(--awb-color4);--awb-bg-size:cover;--awb-border-color:rgba(255,255,255,0.1);--awb-border-top:0px;--awb-border-right:0px;--awb-border-bottom:0px;--awb-border-left:0px;--awb-border-style:solid;--awb-border-radius:16px 16px 16px 16px;--awb-width-large:60%;--awb-margin-top-large:0px;--awb-spacing-right-large:10px;--awb-margin-bottom-large:0px;--awb-spacing-left-large:10px;--awb-width-medium:60%;--awb-order-medium:0;--awb-spacing-right-medium:10px;--awb-spacing-left-medium:10px;--awb-width-small:100%;--awb-order-small:0;--awb-spacing-right-small:10px;--awb-spacing-left-small:10px;\" data-scroll-devices=\"small-visibility,medium-visibility,large-visibility\"><div class=\"fusion-column-wrapper fusion-column-has-shadow fusion-flex-justify-content-flex-start fusion-content-layout-column\"><div class=\"fusion-builder-row fusion-builder-row-inner fusion-row fusion-flex-align-items-flex-start fusion-flex-content-wrap\" style=\"width:calc( 100% + 20px ) !important;max-width:calc( 100% + 20px ) !important;margin-left: calc(-20px \/ 2 );margin-right: calc(-20px \/ 2 );\"><div class=\"fusion-layout-column fusion_builder_column_inner fusion-builder-nested-column-0 fusion_builder_column_inner_1_1 1_1 fusion-flex-column fusion-flex-align-self-stretch\" style=\"--awb-padding-top:1em;--awb-padding-right:1em;--awb-padding-bottom:4em;--awb-padding-left:1em;--awb-padding-top-small:1em;--awb-padding-right-small:1em;--awb-padding-bottom-small:1em;--awb-padding-left-small:1em;--awb-overflow:hidden;--awb-bg-color:var(--awb-color4);--awb-bg-color-hover:var(--awb-color4);--awb-bg-size:cover;--awb-border-radius:16px 16px 16px 16px;--awb-width-large:100%;--awb-margin-top-large:0px;--awb-spacing-right-large:10px;--awb-margin-bottom-large:0px;--awb-spacing-left-large:10px;--awb-width-medium:100%;--awb-order-medium:0;--awb-spacing-right-medium:10px;--awb-spacing-left-medium:10px;--awb-width-small:100%;--awb-order-small:0;--awb-spacing-right-small:10px;--awb-spacing-left-small:10px;\" data-scroll-devices=\"small-visibility,medium-visibility,large-visibility\"><div class=\"fusion-column-wrapper fusion-column-has-shadow fusion-flex-justify-content-flex-start fusion-content-layout-column\"><div class=\"fusion-title title fusion-title-1 fusion-sep-none fusion-title-text fusion-title-size-one\" style=\"--awb-text-color:var(--awb-color1);--awb-font-size:108px;\"><h1 class=\"fusion-title-heading title-heading-left fusion-responsive-typography-calculated\" style=\"font-family:&quot;Poppins&quot;;font-style:normal;font-weight:700;margin:0;font-size:1em;--fontSize:108;line-height:1.2;\">D\u00e9claration de confidentialit\u00e9<\/h1><\/div><\/div><\/div><\/div><\/div><\/div><div class=\"fusion-layout-column fusion_builder_column fusion-builder-column-1 fusion_builder_column_1_1 1_1 fusion-flex-column\" style=\"--awb-padding-top:4em;--awb-padding-right:4em;--awb-padding-bottom:4em;--awb-padding-left:4em;--awb-padding-top-small:1em;--awb-padding-right-small:1em;--awb-padding-bottom-small:1em;--awb-padding-left-small:1em;--awb-overflow:hidden;--awb-bg-color:var(--awb-color1);--awb-bg-color-hover:var(--awb-color1);--awb-bg-size:cover;--awb-border-radius:16px 16px 16px 16px;--awb-width-large:100%;--awb-margin-top-large:0px;--awb-spacing-right-large:10px;--awb-margin-bottom-large:20px;--awb-spacing-left-large:10px;--awb-width-medium:100%;--awb-order-medium:0;--awb-spacing-right-medium:10px;--awb-spacing-left-medium:10px;--awb-width-small:100%;--awb-order-small:0;--awb-spacing-right-small:10px;--awb-spacing-left-small:10px;\" data-scroll-devices=\"small-visibility,medium-visibility,large-visibility\"><div class=\"fusion-column-wrapper fusion-column-has-shadow fusion-flex-justify-content-flex-start fusion-content-layout-column\"><div class=\"fusion-text fusion-text-1\"><p data-pm-slice=\"1 1 &#091;&#093;\">Date d'entr\u00e9e en vigueur: 17\/01\/2025<\/p>\n<p>Chez GELATEC (\u00ab Soci\u00e9t\u00e9 \u00bb, \u00ab nous \u00bb, \u00ab notre \u00bb ou \u00ab nous \u00bb), nous nous engageons \u00e0 prot\u00e9ger et \u00e0 respecter votre vie priv\u00e9e. Cette d\u00e9claration de confidentialit\u00e9 explique comment nous recueillons, utilisons, divulguons et prot\u00e9geons vos informations lorsque vous visitez notre site Web, <a href=\"https:\/\/gelatec.gr\/fr\/\"><strong>gelatec.gr<\/strong><\/a> (ci-apr\u00e8s le \u00abSite\u00bb). Veuillez lire attentivement cette d\u00e9claration pour comprendre notre point de vue et nos pratiques concernant vos donn\u00e9es personnelles et la fa\u00e7on dont nous les traiterons.<\/p>\n<div>\n<p>&nbsp;<\/p>\n<\/div>\n<h5>1. Informations que nous collectons<\/h5>\n<p>Nous pouvons collecter et traiter les types d'informations suivants:<\/p>\n<h6>a. Informations que vous nous fournissez:<\/h6>\n<ul data-spread=\"false\">\n<li>Nom, adresse \u00e9lectronique, num\u00e9ro de t\u00e9l\u00e9phone et autres coordonn\u00e9es lorsque vous remplissez des formulaires sur notre site (par exemple, formulaires \u00abObtenir un devis\u00bb).<\/li>\n<li>Toute information que vous incluez dans les messages envoy\u00e9s via notre formulaire de contact ou par e-mail.<\/li>\n<\/ul>\n<h4>b. Informations collect\u00e9es automatiquement:<\/h4>\n<ul data-spread=\"false\">\n<li><strong>Informations techniques:<\/strong> Adresse IP, type de navigateur, syst\u00e8me d'exploitation et temps d'acc\u00e8s.<\/li>\n<li><strong>Informations d'utilisation:<\/strong> D\u00e9tails sur vos visites sur notre site, y compris les pages consult\u00e9es, les liens cliqu\u00e9s et le temps pass\u00e9 sur le site.<\/li>\n<li><strong>Cookies et technologies de suivi:<\/strong> Informations collect\u00e9es par le biais de cookies et de technologies similaires. (Voir notre politique de cookies pour plus de d\u00e9tails.)<\/li>\n<\/ul>\n<div>\n<p>&nbsp;<\/p>\n<\/div>\n<h5>2. Comment nous utilisons vos informations<\/h5>\n<p>Nous utilisons vos informations aux fins suivantes:<\/p>\n<ul data-spread=\"false\">\n<li><strong>Pour fournir des services:<\/strong> Traiter les demandes, fournir des devis et r\u00e9pondre \u00e0 vos demandes.<\/li>\n<li><strong>Communication :<\/strong> R\u00e9pondre \u00e0 vos messages et fournir des mises \u00e0 jour sur nos produits ou services.<\/li>\n<li><strong>Am\u00e9lioration du site:<\/strong> Analyser les donn\u00e9es d\u2019utilisation afin d\u2019am\u00e9liorer la fonctionnalit\u00e9 et l\u2019exp\u00e9rience utilisateur de notre site.<\/li>\n<li><strong>Conformit\u00e9 juridique:<\/strong> Garantir le respect des obligations l\u00e9gales, y compris le RGPD et d'autres lois applicables.<\/li>\n<\/ul>\n<div>\n<p>&nbsp;<\/p>\n<\/div>\n<h5>3. Partage de vos informations<\/h5>\n<p>Nous ne vendons ni ne louons vos informations personnelles \u00e0 des tiers. Cependant, nous pouvons partager vos informations avec:<\/p>\n<ul data-spread=\"false\">\n<li><strong>Prestataires de services:<\/strong> Fournisseurs tiers qui nous aident dans l'h\u00e9bergement, l'analyse et le marketing de sites Web.<\/li>\n<li><strong>Autorit\u00e9s l\u00e9gales:<\/strong> Lorsque la loi l'exige, pour se conformer aux obligations l\u00e9gales ou prot\u00e9ger nos droits.<\/li>\n<\/ul>\n<div>\n<p>&nbsp;<\/p>\n<\/div>\n<h5>4. Vos droits<\/h5>\n<p>En vertu du R\u00e8glement g\u00e9n\u00e9ral sur la protection des donn\u00e9es (RGPD), vous disposez des droits suivants:<\/p>\n<ul data-spread=\"false\">\n<li><strong>Acc\u00e8s :<\/strong> Demander l'acc\u00e8s \u00e0 vos donn\u00e9es personnelles.<\/li>\n<li><strong>Correction :<\/strong> Demander la correction de donn\u00e9es inexactes ou incompl\u00e8tes.<\/li>\n<li><strong>Suppression:<\/strong> Demander la suppression de vos donn\u00e9es personnelles.<\/li>\n<li><strong>Restriction :<\/strong> Demander la limitation du traitement de vos donn\u00e9es.<\/li>\n<li><strong>Portabilit\u00e9:<\/strong> Demander le transfert de vos donn\u00e9es \u00e0 un autre fournisseur de services.<\/li>\n<li><strong>Objection :<\/strong> Vous opposer au traitement de vos donn\u00e9es \u00e0 certaines fins, telles que le marketing.<\/li>\n<\/ul>\n<p>Pour exercer ces droits, veuillez nous contacter \u00e0 l'adresse suivante: <strong>info@gelatec.it<\/strong>.<\/p>\n<div>\n<p>&nbsp;<\/p>\n<\/div>\n<h5>5. Conservation des donn\u00e9es<\/h5>\n<p>Nous ne conservons vos informations personnelles que le temps n\u00e9cessaire pour atteindre les objectifs \u00e9nonc\u00e9s dans la pr\u00e9sente D\u00e9claration de confidentialit\u00e9, \u00e0 moins qu'une p\u00e9riode de conservation plus longue ne soit requise par la loi.<\/p>\n<div>\n<p>&nbsp;<\/p>\n<\/div>\n<h5>6. S\u00e9curit\u00e9 des donn\u00e9es<\/h5>\n<p>Nous mettons en \u0153uvre des mesures techniques et organisationnelles appropri\u00e9es pour prot\u00e9ger vos donn\u00e9es contre l'acc\u00e8s non autoris\u00e9, la perte ou l'utilisation abusive. Cependant, aucun syst\u00e8me n'est compl\u00e8tement s\u00e9curis\u00e9, et nous ne pouvons pas garantir une s\u00e9curit\u00e9 absolue.<\/p>\n<div>\n<p>&nbsp;<\/p>\n<\/div>\n<h5>7. Liens de tiers<\/h5>\n<p>Notre site peut contenir des liens vers des sites Web tiers. Nous ne sommes pas responsables des pratiques de confidentialit\u00e9 ou du contenu de ces sites. Nous vous encourageons \u00e0 consulter leurs politiques de confidentialit\u00e9.<\/p>\n<div>\n<p>&nbsp;<\/p>\n<\/div>\n<h5>8. Mises \u00e0 jour de cette d\u00e9claration de confidentialit\u00e9<\/h5>\n<p>Nous pouvons mettre \u00e0 jour cette d\u00e9claration de confidentialit\u00e9 de temps \u00e0 autre pour refl\u00e9ter les changements dans nos pratiques ou exigences l\u00e9gales. Nous vous informerons des changements importants en affichant la d\u00e9claration mise \u00e0 jour sur notre site avec une nouvelle date d'entr\u00e9e en vigueur.<\/p>\n<div>\n<p>&nbsp;<\/p>\n<\/div>\n<h5>9. Contactez-nous<\/h5>\n<p>Si vous avez des questions sur cette d\u00e9claration de confidentialit\u00e9 ou sur la fa\u00e7on dont nous traitons vos donn\u00e9es, veuillez nous contacter:<\/p>\n<p><strong>GELATEC<\/strong><br \/>\nSite web: <a href=\"https:\/\/gelatec.gr\/fr\/\">gelatec.gr<\/a><br \/>\nCourriel: <a href=\"mailto:info@gelatec.gr\" target=\"_blank\" rel=\"noopener\">info@gelatec.gr<\/a><br \/>\nT\u00e9l\u00e9phone: <a href=\"tel:+302310797707\" target=\"_blank\" rel=\"noopener\">+30 2310 797707<\/a><\/p>\n<div>\n<p>&nbsp;<\/p>\n<\/div>\n<p>En utilisant notre site, vous acceptez les termes de cette d\u00e9claration de confidentialit\u00e9. Si vous n'\u00eates pas d'accord, veuillez vous abstenir d'utiliser le Site.<\/p>\n<\/div><\/div><\/div><\/div><\/div>","protected":false},"excerpt":{"rendered":"","protected":false},"author":1,"featured_media":0,"parent":0,"menu_order":90,"comment_status":"closed","ping_status":"closed","template":"100-width.php","meta":{"wpupg_custom_link":[],"wpupg_custom_link_behaviour":["default"],"wpupg_custom_link_nofollow":["default"],"wpupg_custom_image":[],"wpupg_custom_image_id":[],"footnotes":""},"categories":[],"tags":[],"class_list":["post-4478","page","type-page","status-publish","hentry"],"_links":{"self":[{"href":"https:\/\/gelatec.gr\/fr\/wp-json\/wp\/v2\/pages\/4478","targetHints":{"allow":["GET"]}}],"collection":[{"href":"https:\/\/gelatec.gr\/fr\/wp-json\/wp\/v2\/pages"}],"about":[{"href":"https:\/\/gelatec.gr\/fr\/wp-json\/wp\/v2\/types\/page"}],"author":[{"embeddable":true,"href":"https:\/\/gelatec.gr\/fr\/wp-json\/wp\/v2\/users\/1"}],"replies":[{"embeddable":true,"href":"https:\/\/gelatec.gr\/fr\/wp-json\/wp\/v2\/comments?post=4478"}],"version-history":[{"count":0,"href":"https:\/\/gelatec.gr\/fr\/wp-json\/wp\/v2\/pages\/4478\/revisions"}],"wp:attachment":[{"href":"https:\/\/gelatec.gr\/fr\/wp-json\/wp\/v2\/media?parent=4478"}],"wp:term":[{"taxonomy":"category","embeddable":true,"href":"https:\/\/gelatec.gr\/fr\/wp-json\/wp\/v2\/categories?post=4478"},{"taxonomy":"post_tag","embeddable":true,"href":"https:\/\/gelatec.gr\/fr\/wp-json\/wp\/v2\/tags?post=4478"}],"curies":[{"name":"wp","href":"https:\/\/api.w.org\/{rel}","templated":true}]}}