{"id":4486,"date":"2025-01-17T23:51:45","date_gmt":"2025-01-17T21:51:45","guid":{"rendered":"https:\/\/gelatec.gr\/?page_id=4486"},"modified":"2025-03-18T15:15:40","modified_gmt":"2025-03-18T13:15:40","slug":"terms-and-conditions","status":"publish","type":"page","link":"https:\/\/gelatec.gr\/fr\/terms-and-conditions\/","title":{"rendered":"Termes &amp; Conditions"},"content":{"rendered":"<div class=\"fusion-fullwidth fullwidth-box fusion-builder-row-1 fusion-flex-container has-pattern-background has-mask-background shrink-container nonhundred-percent-fullwidth non-hundred-percent-height-scrolling\" style=\"--awb-border-color:var(--awb-color4);--awb-border-radius-top-left:16px;--awb-border-radius-top-right:16px;--awb-border-radius-bottom-right:16px;--awb-border-radius-bottom-left:16px;--awb-overflow:hidden;--awb-padding-top:2em;--awb-margin-top:0em;--awb-flex-wrap:wrap;\" ><div class=\"fusion-builder-row fusion-row fusion-flex-align-items-flex-start fusion-flex-content-wrap\" style=\"max-width:calc( 1600px + 20px );margin-left: calc(-20px \/ 2 );margin-right: calc(-20px \/ 2 );\"><div class=\"fusion-layout-column fusion_builder_column fusion-builder-column-0 fusion_builder_column_3_5 3_5 fusion-flex-column\" style=\"--awb-padding-top:0em;--awb-padding-right:0em;--awb-padding-bottom:0em;--awb-padding-left:0em;--awb-overflow:hidden;--awb-bg-color:var(--awb-color4);--awb-bg-color-hover:var(--awb-color4);--awb-bg-size:cover;--awb-border-color:rgba(255,255,255,0.1);--awb-border-top:0px;--awb-border-right:0px;--awb-border-bottom:0px;--awb-border-left:0px;--awb-border-style:solid;--awb-border-radius:16px 16px 16px 16px;--awb-width-large:60%;--awb-margin-top-large:0px;--awb-spacing-right-large:10px;--awb-margin-bottom-large:0px;--awb-spacing-left-large:10px;--awb-width-medium:60%;--awb-order-medium:0;--awb-spacing-right-medium:10px;--awb-spacing-left-medium:10px;--awb-width-small:100%;--awb-order-small:0;--awb-spacing-right-small:10px;--awb-spacing-left-small:10px;\" data-scroll-devices=\"small-visibility,medium-visibility,large-visibility\"><div class=\"fusion-column-wrapper fusion-column-has-shadow fusion-flex-justify-content-flex-start fusion-content-layout-column\"><div class=\"fusion-builder-row fusion-builder-row-inner fusion-row fusion-flex-align-items-flex-start fusion-flex-content-wrap\" style=\"width:calc( 100% + 20px ) !important;max-width:calc( 100% + 20px ) !important;margin-left: calc(-20px \/ 2 );margin-right: calc(-20px \/ 2 );\"><div class=\"fusion-layout-column fusion_builder_column_inner fusion-builder-nested-column-0 fusion_builder_column_inner_1_1 1_1 fusion-flex-column fusion-flex-align-self-stretch\" style=\"--awb-padding-top:1em;--awb-padding-right:1em;--awb-padding-bottom:4em;--awb-padding-left:1em;--awb-padding-top-small:1em;--awb-padding-right-small:1em;--awb-padding-bottom-small:1em;--awb-padding-left-small:1em;--awb-overflow:hidden;--awb-bg-color:var(--awb-color4);--awb-bg-color-hover:var(--awb-color4);--awb-bg-size:cover;--awb-border-radius:16px 16px 16px 16px;--awb-width-large:100%;--awb-margin-top-large:0px;--awb-spacing-right-large:10px;--awb-margin-bottom-large:0px;--awb-spacing-left-large:10px;--awb-width-medium:100%;--awb-order-medium:0;--awb-spacing-right-medium:10px;--awb-spacing-left-medium:10px;--awb-width-small:100%;--awb-order-small:0;--awb-spacing-right-small:10px;--awb-spacing-left-small:10px;\" data-scroll-devices=\"small-visibility,medium-visibility,large-visibility\"><div class=\"fusion-column-wrapper fusion-column-has-shadow fusion-flex-justify-content-flex-start fusion-content-layout-column\"><div class=\"fusion-title title fusion-title-1 fusion-sep-none fusion-title-text fusion-title-size-one\" style=\"--awb-text-color:var(--awb-color1);--awb-font-size:108px;\"><h1 class=\"fusion-title-heading title-heading-left fusion-responsive-typography-calculated\" style=\"font-family:&quot;Poppins&quot;;font-style:normal;font-weight:700;margin:0;font-size:1em;--fontSize:108;line-height:1.2;\">Termes &amp; Conditions<\/h1><\/div><\/div><\/div><\/div><\/div><\/div><div class=\"fusion-layout-column fusion_builder_column fusion-builder-column-1 fusion_builder_column_1_1 1_1 fusion-flex-column\" style=\"--awb-padding-top:4em;--awb-padding-right:4em;--awb-padding-bottom:4em;--awb-padding-left:4em;--awb-padding-top-small:1em;--awb-padding-right-small:1em;--awb-padding-bottom-small:1em;--awb-padding-left-small:1em;--awb-overflow:hidden;--awb-bg-color:var(--awb-color1);--awb-bg-color-hover:var(--awb-color1);--awb-bg-size:cover;--awb-border-radius:16px 16px 16px 16px;--awb-width-large:100%;--awb-margin-top-large:0px;--awb-spacing-right-large:10px;--awb-margin-bottom-large:20px;--awb-spacing-left-large:10px;--awb-width-medium:100%;--awb-order-medium:0;--awb-spacing-right-medium:10px;--awb-spacing-left-medium:10px;--awb-width-small:100%;--awb-order-small:0;--awb-spacing-right-small:10px;--awb-spacing-left-small:10px;\" data-scroll-devices=\"small-visibility,medium-visibility,large-visibility\"><div class=\"fusion-column-wrapper fusion-column-has-shadow fusion-flex-justify-content-flex-start fusion-content-layout-column\"><div class=\"fusion-text fusion-text-1\">\n<!-- This legal document was generated by Complianz Terms &amp; Conditions https:\/\/wordpress.org\/plugins\/complianz-terms-conditions -->\n<div id=\"cmplz-document\" class=\"cmplz-document cmplz-terms-conditions\"><p><i>Les conditions g\u00e9n\u00e9rales ont \u00e9t\u00e9 mises \u00e0 jour pour la derni\u00e8re fois le 17\/01\/2025<\/i><\/p><h2>1. Introduction<\/h2><p>Ces termes et conditions s'appliquent \u00e0 ce site Web et aux transactions li\u00e9es \u00e0 nos produits et services.\u00a0Vous pouvez \u00eatre li\u00e9 par des contrats suppl\u00e9mentaires li\u00e9s \u00e0 votre relation avec nous ou \u00e0 tout produit ou service que vous recevez de notre part.\u00a0Si l'une des dispositions des contrats suppl\u00e9mentaires entre en conflit avec l'une des dispositions des pr\u00e9sentes Conditions, les dispositions de ces contrats suppl\u00e9mentaires pr\u00e9vaudront et pr\u00e9vaudront.<\/p><h2>2. Reliure<\/h2><p>En vous inscrivant sur ce site Web, en y acc\u00e9dant ou en l'utilisant d'une autre mani\u00e8re, vous acceptez d'\u00eatre li\u00e9 par les pr\u00e9sentes modalit\u00e9s et conditions \u00e9nonc\u00e9es ci-dessous.\u00a0La simple utilisation de ce site implique la connaissance et l'acceptation de ces termes et conditions.\u00a0Dans certains cas particuliers, nous pouvons \u00e9galement vous demander d'accepter explicitement.<\/p><h2>3. Communication \u00e9lectronique<\/h2><p>En utilisant ce site Web ou en communiquant avec nous par voie \u00e9lectronique, vous acceptez et reconnaissez que nous pouvons communiquer avec vous par voie \u00e9lectronique sur notre site Web ou en vous envoyant un courriel, et vous acceptez que tous les accords, avis, divulgations et autres communications que nous vous fournissons par voie \u00e9lectronique satisfont \u00e0 toute exigence l\u00e9gale, y compris, mais sans s'y limiter, l'exigence que ces communications doivent \u00eatre par \u00e9crit.<\/p><h2>4. Propri\u00e9t\u00e9 intellectuelle<\/h2><p>Nous ou nos conc\u00e9dants de licence d\u00e9tenons et contr\u00f4lons tous les droits d'auteur et autres droits de propri\u00e9t\u00e9 intellectuelle sur le site Web et les donn\u00e9es, informations et autres ressources affich\u00e9es ou accessibles sur le site Web.<\/p><p class=\"cmplz-subtitle\">4.1 Tous les droits sont r\u00e9serv\u00e9s<\/p><p>\u00c0 moins qu'un contenu sp\u00e9cifique ne vous dicte le contraire, vous n'obtenez pas de licence ou tout autre droit en vertu du droit d'auteur, de la marque de commerce, du brevet ou d'autres droits de propri\u00e9t\u00e9 intellectuelle.\u00a0Cela signifie que vous ne pourrez pas utiliser, copier, reproduire, ex\u00e9cuter, afficher, distribuer, int\u00e9grer dans tout support \u00e9lectronique, alt\u00e9rer, d\u00e9sosser, d\u00e9compiler, transf\u00e9rer, t\u00e9l\u00e9charger, transmettre, mon\u00e9tiser, vendre, commercialiser ou commercialiser toute ressource sur ce site Web sous quelque forme que ce soit, sans notre autorisation \u00e9crite pr\u00e9alable, sauf et uniquement dans la mesure o\u00f9 cela est stipul\u00e9 autrement dans les r\u00e8glements de la loi obligatoire (tels que le droit de citation).<\/p><h2>5. Lettre d'information<\/h2><p>Nonobstant ce qui pr\u00e9c\u00e8de, vous pouvez transmettre notre bulletin d'information sous forme \u00e9lectronique \u00e0 d'autres personnes qui pourraient \u00eatre int\u00e9ress\u00e9es \u00e0 visiter notre site Web.<\/p><h2>6. Propri\u00e9t\u00e9 de tiers<\/h2><p>Notre site web peut contenir des hyperliens ou d\u2019autres r\u00e9f\u00e9rences aux sites web d\u2019autres parties.\u00a0Nous ne surveillons ni n\u2019examinons le contenu des sites web d\u2019autres parties qui sont li\u00e9s \u00e0 partir de ce site web.\u00a0Les produits ou services propos\u00e9s par d'autres sites Web sont soumis aux conditions g\u00e9n\u00e9rales applicables de ces tiers.\u00a0Les opinions exprim\u00e9es ou le mat\u00e9riel apparaissant sur ces sites Web ne sont pas n\u00e9cessairement partag\u00e9s ou approuv\u00e9s par nous.<\/p><p>Nous ne serons pas responsables des pratiques de confidentialit\u00e9 ou du contenu de ces sites.\u00a0Vous assumez tous les risques associ\u00e9s \u00e0 l'utilisation de ces sites Web et de tout service tiers connexe.\u00a0Nous n'accepterons aucune responsabilit\u00e9 pour toute perte ou dommage de quelque mani\u00e8re que ce soit, quelle qu'en soit la cause, r\u00e9sultant de votre divulgation \u00e0 des tiers de renseignements personnels.<\/p><h2>7. Utilisation responsable<\/h2><p>En visitant notre site Web, vous acceptez de l'utiliser uniquement aux fins pr\u00e9vues et autoris\u00e9es par les pr\u00e9sentes Conditions, tout contrat suppl\u00e9mentaire avec nous, ainsi que les lois, r\u00e8glements et pratiques en ligne g\u00e9n\u00e9ralement accept\u00e9s et les directives de l'industrie.\u00a0Vous ne devez pas utiliser notre site Web ou nos services pour utiliser, publier ou distribuer tout mat\u00e9riel qui consiste en (ou est li\u00e9 \u00e0) un logiciel informatique malveillant; utiliser les donn\u00e9es collect\u00e9es \u00e0 partir de notre site Web pour toute activit\u00e9 de marketing direct, ou mener des activit\u00e9s de collecte de donn\u00e9es syst\u00e9matiques ou automatis\u00e9es sur ou en relation avec notre site Web.<\/p><p>S'engager dans toute activit\u00e9 qui cause, ou peut causer, des dommages au site Web ou qui interf\u00e8re avec la performance, la disponibilit\u00e9 ou l'accessibilit\u00e9 du site Web est strictement interdit.<\/p><h2>8. Soumission d'id\u00e9es<\/h2><p>Ne soumettez pas d'id\u00e9es, d'inventions, d'\u0153uvres d'auteur ou d'autres informations pouvant \u00eatre consid\u00e9r\u00e9es comme votre propre propri\u00e9t\u00e9 intellectuelle que vous souhaitez nous pr\u00e9senter, sauf si nous avons d'abord sign\u00e9 un accord concernant la propri\u00e9t\u00e9 intellectuelle ou un accord de non-divulgation.\u00a0Si vous nous le divulguez en l'absence d'un tel accord \u00e9crit, vous nous accordez une licence mondiale, irr\u00e9vocable, non exclusive et libre de redevances pour utiliser, reproduire, stocker, adapter, publier, traduire et distribuer votre contenu dans tout m\u00e9dia existant ou futur.<\/p><h2>9. Cessation de l'utilisation<\/h2><p>Nous pouvons, \u00e0 notre seule discr\u00e9tion, \u00e0 tout moment modifier ou interrompre l'acc\u00e8s, temporairement ou d\u00e9finitivement, au site Web ou \u00e0 tout service qui s'y trouve.\u00a0Vous convenez que nous ne serons pas responsables envers vous ou un tiers de toute modification, suspension ou interruption de votre acc\u00e8s ou de votre utilisation du site Web ou de tout contenu que vous pourriez avoir partag\u00e9 sur le site Web.\u00a0Vous n'aurez droit \u00e0 aucune compensation ou autre paiement, m\u00eame si certaines fonctionnalit\u00e9s, param\u00e8tres et \/ ou tout Contenu sur lequel vous avez contribu\u00e9 ou sur lequel vous comptez sont d\u00e9finitivement perdus.\u00a0Vous ne devez pas contourner ou contourner, ou tenter de contourner ou contourner, toute mesure de restriction d'acc\u00e8s sur notre site Web.<\/p><h2>10. Garanties et responsabilit\u00e9<\/h2><p>Rien dans cette section ne limitera ou exclura toute garantie implicite par la loi qu'il serait ill\u00e9gal de limiter ou d'exclure.\u00a0Ce site web et tout son contenu sont fournis \u00aben l\u2019\u00e9tat\u00bb et \u00abselon leur disponibilit\u00e9\u00bb et peuvent comporter des inexactitudes ou des erreurs typographiques.\u00a0Nous d\u00e9clinons express\u00e9ment toute garantie de quelque nature que ce soit, expresse ou implicite, quant \u00e0 la disponibilit\u00e9, l'exactitude ou l'exhaustivit\u00e9 du Contenu.\u00a0Nous ne garantissons pas que:<\/p><p><ul>\n                    <li>ce site Web ou notre contenu r\u00e9pondra \u00e0 vos besoins;<\/li>\n                    <li>Ce site Web sera disponible sans interruption, en temps opportun, en toute s\u00e9curit\u00e9 ou sans erreur.<\/li>\n        <\/ul><\/p><p>Rien sur ce site ne constitue ou n'est cens\u00e9 constituer un conseil juridique, financier ou m\u00e9dical de quelque nature que ce soit.\u00a0Si vous avez besoin de conseils, vous devriez consulter un professionnel appropri\u00e9.<\/p><p>Les dispositions suivantes de cette section s'appliqueront dans toute la mesure permise par la loi applicable et ne limiteront ni n'excluront notre responsabilit\u00e9 \u00e0 l'\u00e9gard de toute question qu'il serait ill\u00e9gal ou ill\u00e9gal pour nous de limiter ou d'exclure notre responsabilit\u00e9.\u00a0En aucun cas, nous ne serons responsables de tout dommage direct ou indirect (y compris tout dommage pour perte de b\u00e9n\u00e9fices ou de revenus, perte ou corruption de donn\u00e9es, de logiciels ou de bases de donn\u00e9es, ou perte ou dommage \u00e0 la propri\u00e9t\u00e9 ou aux donn\u00e9es) subi par vous ou un tiers, d\u00e9coulant de votre acc\u00e8s \u00e0 notre site Web ou de votre utilisation de celui-ci.<\/p><p>Sauf dans la mesure o\u00f9 tout contrat suppl\u00e9mentaire stipule express\u00e9ment le contraire, notre responsabilit\u00e9 maximale envers vous pour tous les dommages d\u00e9coulant ou li\u00e9s au site Web ou \u00e0 tous les produits et services commercialis\u00e9s ou vendus via le site Web, quelle que soit la forme de l'action en justice qui impose la responsabilit\u00e9 (que ce soit dans le contrat, l'\u00e9quit\u00e9, la n\u00e9gligence, la conduite intentionnelle, d\u00e9lictuelle ou autre) sera limit\u00e9e au prix total que vous nous avez pay\u00e9 pour acheter ces produits ou services ou utiliser le site Web.\u00a0Cette limite s'appliquera dans l'ensemble \u00e0 toutes vos r\u00e9clamations, actions et causes d'action de toutes sortes et de toutes natures.<\/p><h2>11. Confidentialit\u00e9<\/h2><p>Pour acc\u00e9der \u00e0 notre site Web et \/ ou \u00e0 nos services, vous devrez peut-\u00eatre fournir certaines informations vous concernant dans le cadre du processus d'inscription.\u00a0Vous acceptez que toute information que vous fournissez sera toujours exacte, correcte et \u00e0 jour.<\/p><p>Nous avons \u00e9labor\u00e9 une politique pour r\u00e9pondre \u00e0 toutes les pr\u00e9occupations que vous pourriez avoir en mati\u00e8re de confidentialit\u00e9.\u00a0Pour plus d'informations, veuillez consulter notre <a href=\"https:\/\/gelatec.gr\/fr\/privacy-statement\/\">D\u00e9claration de confidentialit\u00e9<\/a> et notre <a href=\"https:\/\/gelatec.gr\/fr\/cookie-policy\/\">Politique en mati\u00e8re de cookies<\/a>.<\/p><h2>12. Accessibilit\u00e9<\/h2><p>Nous nous engageons \u00e0 rendre le contenu que nous fournissons accessible aux personnes handicap\u00e9es.\u00a0Si vous avez un handicap et que vous n'\u00eates pas en mesure d'acc\u00e9der \u00e0 une partie de notre site Web en raison de votre handicap, nous vous demandons de nous donner un avis comprenant une description d\u00e9taill\u00e9e du probl\u00e8me que vous avez rencontr\u00e9.\u00a0Si le probl\u00e8me est facilement identifiable et r\u00e9solvable conform\u00e9ment aux outils et techniques de technologie de l'information standard de l'industrie, nous le r\u00e9soudrons rapidement.<\/p><h2>13. Restrictions \u00e0 l'exportation \/ Conformit\u00e9 l\u00e9gale<\/h2><p>L'acc\u00e8s au site Web \u00e0 partir de territoires ou de pays o\u00f9 le contenu ou l'achat des produits ou services vendus sur le site Web est ill\u00e9gal est interdit.\u00a0Vous ne pouvez pas utiliser ce site Web en violation des lois et r\u00e8glements d'exportation de la Gr\u00e8ce.<\/p><h2>14. Attribution<\/h2><p>Vous ne pouvez c\u00e9der, transf\u00e9rer ou sous-traiter aucun de vos droits et\/ou obligations en vertu des pr\u00e9sentes Conditions g\u00e9n\u00e9rales, en tout ou en partie, \u00e0 un tiers sans notre consentement \u00e9crit pr\u00e9alable.\u00a0Toute pr\u00e9tendue cession en violation de la pr\u00e9sente section sera nulle et non avenue.<\/p><h2>15. Violations de ces termes et conditions<\/h2><p>Sans pr\u00e9judice de nos autres droits en vertu de ces Termes et Conditions, si vous enfreignez ces Termes et Conditions de quelque mani\u00e8re que ce soit, nous pouvons prendre les mesures que nous jugeons appropri\u00e9es pour faire face \u00e0 la violation, y compris suspendre temporairement ou d\u00e9finitivement votre acc\u00e8s au site Web, contacter votre fournisseur de services Internet pour demander qu'ils bloquent votre acc\u00e8s au site Web, et \/ ou intenter une action en justice contre vous.<\/p><h2>16. Force majeure<\/h2><p>\u00c0 l'exception des obligations de payer de l'argent en vertu des pr\u00e9sentes, aucun retard, manquement ou omission de l'une ou l'autre des parties d'ex\u00e9cuter ou d'observer l'une de ses obligations en vertu des pr\u00e9sentes ne sera consid\u00e9r\u00e9 comme une violation des pr\u00e9sentes Conditions g\u00e9n\u00e9rales si et aussi longtemps que ce retard, manquement ou omission d\u00e9coule d'une cause ind\u00e9pendante de la volont\u00e9 raisonnable de cette partie.<\/p><h2>17. Indemnisation<\/h2><p>Vous acceptez de nous indemniser, de nous d\u00e9fendre et de nous d\u00e9gager de toute responsabilit\u00e9, contre toute r\u00e9clamation, responsabilit\u00e9, dommage, perte et d\u00e9pense, li\u00e9e \u00e0 votre violation des pr\u00e9sentes Conditions g\u00e9n\u00e9rales et des lois applicables, y compris les droits de propri\u00e9t\u00e9 intellectuelle et les droits \u00e0 la vie priv\u00e9e.\u00a0Vous nous rembourserez rapidement nos dommages, pertes, co\u00fbts et d\u00e9penses li\u00e9s \u00e0 ces r\u00e9clamations ou d\u00e9coulant de celles-ci.<\/p><h2>18. Renonciation<\/h2><p>Le d\u00e9faut d'appliquer l'une des dispositions \u00e9nonc\u00e9es dans les pr\u00e9sentes Conditions g\u00e9n\u00e9rales et tout Accord, ou le d\u00e9faut d'exercer toute option de r\u00e9siliation, ne doit pas \u00eatre interpr\u00e9t\u00e9 comme une renonciation \u00e0 ces dispositions et n'affectera pas la validit\u00e9 des pr\u00e9sentes Conditions g\u00e9n\u00e9rales ou de tout Accord ou partie de celui-ci, ou le droit par la suite d'appliquer chaque disposition.<\/p><h2>19. Langue<\/h2><p>Ces Termes et Conditions seront interpr\u00e9t\u00e9s et interpr\u00e9t\u00e9s exclusivement en anglais.\u00a0Tous les avis et la correspondance seront r\u00e9dig\u00e9s exclusivement dans cette langue.<\/p><h2>20. L'int\u00e9gralit\u00e9 de l'accord<\/h2><p>Ces Termes et Conditions, ainsi que notre <a href=\"https:\/\/gelatec.gr\/fr\/privacy-statement\/\">d\u00e9claration de confidentialit\u00e9<\/a> et <a href=\"https:\/\/gelatec.gr\/fr\/cookie-policy\/\">Politique en mati\u00e8re de cookies<\/a>, constituent l'int\u00e9gralit\u00e9 de l'accord entre vous et GELATEC en ce qui concerne votre utilisation de ce site Web.<\/p><h2>21. Mise \u00e0 jour de ces Termes et Conditions<\/h2><p>Nous pouvons mettre \u00e0 jour ces Termes et Conditions de temps \u00e0 autre.\u00a0Il est de votre obligation de v\u00e9rifier p\u00e9riodiquement ces Termes et Conditions pour les changements ou les mises \u00e0 jour.\u00a0La date indiqu\u00e9e au d\u00e9but de ces Termes et Conditions est la derni\u00e8re date de r\u00e9vision.\u00a0Les modifications apport\u00e9es aux pr\u00e9sentes Conditions g\u00e9n\u00e9rales entreront en vigueur d\u00e8s qu'elles seront affich\u00e9es sur ce site Web.\u00a0Votre utilisation continue de ce site Web apr\u00e8s la publication de modifications ou de mises \u00e0 jour sera consid\u00e9r\u00e9e comme un avis de votre acceptation de respecter et d'\u00eatre li\u00e9 par ces termes et conditions.<\/p><h2>22. Choix de la loi et de la juridiction<\/h2><p>Ces Termes et Conditions sont r\u00e9gis par les lois de la Gr\u00e8ce.\u00a0Tout litige relatif \u00e0 ces Termes et Conditions sera soumis \u00e0 la comp\u00e9tence des tribunaux de Gr\u00e8ce.\u00a0Si une partie ou une disposition des pr\u00e9sentes Conditions g\u00e9n\u00e9rales est jug\u00e9e invalide et\/ou inapplicable par un tribunal ou une autre autorit\u00e9 en vertu de la loi applicable, cette partie ou disposition sera modifi\u00e9e, supprim\u00e9e et\/ou appliqu\u00e9e dans toute la mesure permise afin de donner effet \u00e0 l'intention des pr\u00e9sentes Conditions g\u00e9n\u00e9rales.\u00a0Les autres dispositions ne seront pas affect\u00e9es.<\/p><h2>23. Coordonn\u00e9es<\/h2><p>Ce site est d\u00e9tenu et exploit\u00e9 par GELATEC.<\/p><p>Vous pouvez nous contacter au sujet de ces Termes et Conditions par le biais de notre <a href=\"https:\/\/gelatec.gr\/fr\/contact\/\">contact<\/a> page.<\/p><h2>24. T\u00e9l\u00e9charger<\/h2><p>Vous pouvez aussi <a href=\"https:\/\/gelatec.gr\/wp-content\/plugins\/complianz-terms-conditions\/download.php\">t\u00e9l\u00e9charger<\/a> nos Termes et Conditions au format PDF.<\/p><\/div>\n<\/div><\/div><\/div><\/div><\/div>","protected":false},"excerpt":{"rendered":"","protected":false},"author":1,"featured_media":0,"parent":0,"menu_order":90,"comment_status":"closed","ping_status":"closed","template":"100-width.php","meta":{"wpupg_custom_link":[],"wpupg_custom_link_behaviour":["default"],"wpupg_custom_link_nofollow":["default"],"wpupg_custom_image":[],"wpupg_custom_image_id":[],"footnotes":""},"categories":[],"tags":[],"class_list":["post-4486","page","type-page","status-publish","hentry"],"_links":{"self":[{"href":"https:\/\/gelatec.gr\/fr\/wp-json\/wp\/v2\/pages\/4486","targetHints":{"allow":["GET"]}}],"collection":[{"href":"https:\/\/gelatec.gr\/fr\/wp-json\/wp\/v2\/pages"}],"about":[{"href":"https:\/\/gelatec.gr\/fr\/wp-json\/wp\/v2\/types\/page"}],"author":[{"embeddable":true,"href":"https:\/\/gelatec.gr\/fr\/wp-json\/wp\/v2\/users\/1"}],"replies":[{"embeddable":true,"href":"https:\/\/gelatec.gr\/fr\/wp-json\/wp\/v2\/comments?post=4486"}],"version-history":[{"count":0,"href":"https:\/\/gelatec.gr\/fr\/wp-json\/wp\/v2\/pages\/4486\/revisions"}],"wp:attachment":[{"href":"https:\/\/gelatec.gr\/fr\/wp-json\/wp\/v2\/media?parent=4486"}],"wp:term":[{"taxonomy":"category","embeddable":true,"href":"https:\/\/gelatec.gr\/fr\/wp-json\/wp\/v2\/categories?post=4486"},{"taxonomy":"post_tag","embeddable":true,"href":"https:\/\/gelatec.gr\/fr\/wp-json\/wp\/v2\/tags?post=4486"}],"curies":[{"name":"wp","href":"https:\/\/api.w.org\/{rel}","templated":true}]}}