{"id":6661,"date":"2025-10-29T13:17:05","date_gmt":"2025-10-29T11:17:05","guid":{"rendered":"https:\/\/gelatec.gr\/?page_id=6661"},"modified":"2025-10-29T13:23:51","modified_gmt":"2025-10-29T11:23:51","slug":"how-to-maintenance-service","status":"publish","type":"page","link":"https:\/\/gelatec.gr\/fr\/how-to-maintenance-service\/","title":{"rendered":"Comment: Entretien &amp; Service"},"content":{"rendered":"<div class=\"fusion-fullwidth fullwidth-box fusion-builder-row-1 fusion-flex-container has-pattern-background has-mask-background shrink-container nonhundred-percent-fullwidth non-hundred-percent-height-scrolling\" style=\"--awb-border-color:var(--awb-color4);--awb-border-radius-top-left:16px;--awb-border-radius-top-right:16px;--awb-border-radius-bottom-right:16px;--awb-border-radius-bottom-left:16px;--awb-overflow:hidden;--awb-padding-top:2em;--awb-margin-top:0em;--awb-flex-wrap:wrap;\" ><div class=\"fusion-builder-row fusion-row fusion-flex-align-items-flex-start fusion-flex-content-wrap\" style=\"max-width:calc( 1600px + 20px );margin-left: calc(-20px \/ 2 );margin-right: calc(-20px \/ 2 );\"><div class=\"fusion-layout-column fusion_builder_column fusion-builder-column-0 fusion_builder_column_1_1 1_1 fusion-flex-column\" style=\"--awb-padding-top:0em;--awb-padding-right:0em;--awb-padding-bottom:0em;--awb-padding-left:0em;--awb-overflow:hidden;--awb-bg-color:var(--awb-color4);--awb-bg-color-hover:var(--awb-color4);--awb-bg-size:cover;--awb-border-color:rgba(255,255,255,0.1);--awb-border-top:0px;--awb-border-right:0px;--awb-border-bottom:0px;--awb-border-left:0px;--awb-border-style:solid;--awb-border-radius:16px 16px 16px 16px;--awb-width-large:100%;--awb-margin-top-large:0px;--awb-spacing-right-large:10px;--awb-margin-bottom-large:0px;--awb-spacing-left-large:10px;--awb-width-medium:100%;--awb-order-medium:0;--awb-spacing-right-medium:10px;--awb-spacing-left-medium:10px;--awb-width-small:100%;--awb-order-small:0;--awb-spacing-right-small:10px;--awb-spacing-left-small:10px;\" data-scroll-devices=\"small-visibility,medium-visibility,large-visibility\"><div class=\"fusion-column-wrapper fusion-column-has-shadow fusion-flex-justify-content-flex-start fusion-content-layout-column\"><div class=\"fusion-builder-row fusion-builder-row-inner fusion-row fusion-flex-align-items-flex-start fusion-flex-content-wrap\" style=\"width:calc( 100% + 20px ) !important;max-width:calc( 100% + 20px ) !important;margin-left: calc(-20px \/ 2 );margin-right: calc(-20px \/ 2 );\"><div class=\"fusion-layout-column fusion_builder_column_inner fusion-builder-nested-column-0 fusion_builder_column_inner_1_1 1_1 fusion-flex-column fusion-flex-align-self-stretch\" style=\"--awb-padding-top:1em;--awb-padding-right:1em;--awb-padding-bottom:4em;--awb-padding-left:1em;--awb-padding-top-small:1em;--awb-padding-right-small:1em;--awb-padding-bottom-small:1em;--awb-padding-left-small:1em;--awb-overflow:hidden;--awb-bg-color:var(--awb-color4);--awb-bg-color-hover:var(--awb-color4);--awb-bg-size:cover;--awb-border-radius:16px 16px 16px 16px;--awb-width-large:100%;--awb-margin-top-large:0px;--awb-spacing-right-large:10px;--awb-margin-bottom-large:0px;--awb-spacing-left-large:10px;--awb-width-medium:100%;--awb-order-medium:0;--awb-spacing-right-medium:10px;--awb-spacing-left-medium:10px;--awb-width-small:100%;--awb-order-small:0;--awb-spacing-right-small:10px;--awb-spacing-left-small:10px;\" data-scroll-devices=\"small-visibility,medium-visibility,large-visibility\"><div class=\"fusion-column-wrapper fusion-column-has-shadow fusion-flex-justify-content-flex-start fusion-content-layout-column\"><div class=\"fusion-title title fusion-title-1 fusion-sep-none fusion-title-text fusion-title-size-one\" style=\"--awb-text-color:var(--awb-color1);--awb-font-size:108px;\"><h1 class=\"fusion-title-heading title-heading-left fusion-responsive-typography-calculated\" style=\"font-family:&quot;Poppins&quot;;font-style:normal;font-weight:700;margin:0;font-size:1em;--fontSize:108;line-height:1.2;\">Comment: Entretien &amp; Service<\/h1><\/div><\/div><\/div><\/div><\/div><\/div><div class=\"fusion-layout-column fusion_builder_column fusion-builder-column-1 fusion_builder_column_1_1 1_1 fusion-flex-column\" style=\"--awb-padding-top:4em;--awb-padding-right:4em;--awb-padding-bottom:4em;--awb-padding-left:4em;--awb-padding-top-small:1em;--awb-padding-right-small:1em;--awb-padding-bottom-small:1em;--awb-padding-left-small:1em;--awb-overflow:hidden;--awb-bg-color:var(--awb-color1);--awb-bg-color-hover:var(--awb-color1);--awb-bg-size:cover;--awb-border-radius:16px 16px 16px 16px;--awb-width-large:100%;--awb-margin-top-large:0px;--awb-spacing-right-large:10px;--awb-margin-bottom-large:20px;--awb-spacing-left-large:10px;--awb-width-medium:100%;--awb-order-medium:0;--awb-spacing-right-medium:10px;--awb-spacing-left-medium:10px;--awb-width-small:100%;--awb-order-small:0;--awb-spacing-right-small:10px;--awb-spacing-left-small:10px;\" data-scroll-devices=\"small-visibility,medium-visibility,large-visibility\"><div class=\"fusion-column-wrapper fusion-column-has-shadow fusion-flex-justify-content-flex-start fusion-content-layout-column\"><div class=\"fusion-text fusion-text-1\"><h3><b><span data-contrast=\"auto\">Comment entretenir et nettoyer votre \u00e9cran professionnel<\/span><\/b><span data-ccp-props=\"{\">\u00a0<\/span><\/h3>\n<p><span data-contrast=\"auto\">Un entretien et un nettoyage ad\u00e9quats de votre \u00e9cran sont essentiels pour assurer des performances optimales, pr\u00e9server la qualit\u00e9 du produit et prolonger la dur\u00e9e de vie de votre \u00e9quipement. Suivez ces conseils pour garder votre \u00e9cran en excellent \u00e9tat.<\/span><span data-ccp-props=\"{\">\u00a0<\/span><\/p>\n<p><span data-ccp-props=\"{\">\u00a0<\/span><\/p>\n<h3><b><span data-contrast=\"auto\">Entretien de votre \u00e9cran<\/span><\/b><span data-ccp-props=\"{\">\u00a0<\/span><\/h3>\n<ul>\n<li aria-setsize=\"-1\" data-leveltext=\"\uf0fc\" data-font=\"Wingdings\" data-listid=\"17\" data-list-defn-props=\"{\" data-aria-posinset=\"1\" data-aria-level=\"1\"><b><span data-contrast=\"auto\">Gardez les portes ferm\u00e9es pendant la nuit<\/span><\/b><span data-contrast=\"auto\">: Assurez-vous toujours que les portes sont compl\u00e8tement ferm\u00e9es pendant les heures non op\u00e9rationnelles pour maintenir des temp\u00e9ratures stables et l'efficacit\u00e9 \u00e9nerg\u00e9tique.<\/span><span data-ccp-props=\"{\">\u00a0<\/span><\/li>\n<\/ul>\n<ul>\n<li aria-setsize=\"-1\" data-leveltext=\"\uf0fc\" data-font=\"Wingdings\" data-listid=\"17\" data-list-defn-props=\"{\" data-aria-posinset=\"2\" data-aria-level=\"1\"><b><span data-contrast=\"auto\">Contr\u00f4le op\u00e9rationnel quotidien<\/span><\/b><span data-contrast=\"auto\">: Effectuer des v\u00e9rifications quotidiennes pour identifier les probl\u00e8mes mineurs avant qu'ils ne d\u00e9g\u00e9n\u00e8rent en probl\u00e8mes importants. Recherchez des bruits inhabituels, des fluctuations de temp\u00e9rature ou des dommages physiques.<\/span><span data-ccp-props=\"{\">\u00a0<\/span><\/li>\n<\/ul>\n<ul>\n<li aria-setsize=\"-1\" data-leveltext=\"\uf0fc\" data-font=\"Wingdings\" data-listid=\"17\" data-list-defn-props=\"{\" data-aria-posinset=\"3\" data-aria-level=\"1\"><b><span data-contrast=\"auto\">Surveiller la stabilit\u00e9 de la temp\u00e9rature<\/span><\/b><span data-contrast=\"auto\">: V\u00e9rifiez r\u00e9guli\u00e8rement que la temp\u00e9rature interne reste constante pour pr\u00e9server la qualit\u00e9 de vos produits.<\/span><span data-ccp-props=\"{\">\u00a0<\/span><\/li>\n<\/ul>\n<p><span data-ccp-props=\"{\">\u00a0<\/span><\/p>\n<h3><b><span data-contrast=\"auto\">Nettoyage de votre \u00e9cran<\/span><\/b><span data-ccp-props=\"{\">\u00a0<\/span><\/h3>\n<p><span data-contrast=\"auto\">Un nettoyage appropri\u00e9 prot\u00e8ge votre \u00e9cran de l'usure et des dommages tout en maintenant la qualit\u00e9 de vos produits.<\/span><span data-ccp-props=\"{\">\u00a0<\/span><\/p>\n<p><span data-ccp-props=\"{\">\u00a0<\/span><\/p>\n<h3><b><span data-contrast=\"auto\">Nettoyage quotidien<\/span><\/b><span data-ccp-props=\"{\">\u00a0<\/span><\/h3>\n<p><span data-contrast=\"auto\">Nettoyez les surfaces ext\u00e9rieures \u00e0 l'aide d'un chiffon doux et d'un d\u00e9tergent doux pour \u00e9viter les rayures et la d\u00e9coloration.<\/span><span data-ccp-props=\"{\">\u00a0<\/span><\/p>\n<p><span data-ccp-props=\"{\">\u00a0<\/span><\/p>\n<h3><b><span data-contrast=\"auto\">\u00c9limination des glaces<\/span><\/b><span data-ccp-props=\"{\">\u00a0<\/span><\/h3>\n<ol>\n<li aria-setsize=\"-1\" data-leveltext=\"%1.\" data-font=\"\" data-listid=\"11\" data-list-defn-props=\"{\" data-aria-posinset=\"1\" data-aria-level=\"1\"><span data-contrast=\"auto\">Videz l'affichage et stockez vos produits dans des conditions appropri\u00e9es.<\/span><span data-ccp-props=\"{\">\u00a0<\/span><\/li>\n<\/ol>\n<ol>\n<li aria-setsize=\"-1\" data-leveltext=\"%1.\" data-font=\"\" data-listid=\"11\" data-list-defn-props=\"{\" data-aria-posinset=\"2\" data-aria-level=\"1\"><span data-contrast=\"auto\">D\u00e9branchez l'\u00e9cran de l'alimentation.<\/span><span data-ccp-props=\"{\">\u00a0<\/span><\/li>\n<\/ol>\n<ol>\n<li aria-setsize=\"-1\" data-leveltext=\"%1.\" data-font=\"\" data-listid=\"11\" data-list-defn-props=\"{\" data-aria-posinset=\"3\" data-aria-level=\"1\"><span data-contrast=\"auto\">Laissez la glace fondre naturellement \u2013 n\u2019utilisez pas d\u2019outils tranchants pour enlever la glace, car cela peut endommager l\u2019\u00e9cran.<\/span><span data-ccp-props=\"{\">\u00a0<\/span><\/li>\n<\/ol>\n<ol>\n<li aria-setsize=\"-1\" data-leveltext=\"%1.\" data-font=\"\" data-listid=\"11\" data-list-defn-props=\"{\" data-aria-posinset=\"4\" data-aria-level=\"1\"><span data-contrast=\"auto\">Une fois que la glace a fondu, essuyez l'int\u00e9rieur avec un chiffon sec avant de rebrancher l'appareil.<\/span><span data-ccp-props=\"{\">\u00a0<\/span><\/li>\n<\/ol>\n<p><span data-ccp-props=\"{\">\u00a0<\/span><\/p>\n<h3><b><span data-contrast=\"auto\">Nettoyage appropri\u00e9 des portes acryliques<\/span><\/b><span data-ccp-props=\"{\">\u00a0<\/span><\/h3>\n<p><span data-contrast=\"auto\">Les portes en acrylique n\u00e9cessitent un soin particulier pour maintenir leur esth\u00e9tique et leur fonctionnalit\u00e9. Un nettoyage fr\u00e9quent et minutieux des portes en acrylique garantit qu'elles restent limpides, permettant \u00e0 vos produits de briller et d'attirer les clients.<\/span><span data-ccp-props=\"{\">\u00a0<\/span><\/p>\n<ul>\n<li aria-setsize=\"-1\" data-leveltext=\"\uf0fc\" data-font=\"Wingdings\" data-listid=\"18\" data-list-defn-props=\"{\" data-aria-posinset=\"1\" data-aria-level=\"1\"><b><span data-contrast=\"auto\">Utilisez un chiffon doux<\/span><\/b><span data-contrast=\"auto\">: Optez pour une microfibre ou un chiffon doux et propre pour nettoyer en douceur les surfaces acryliques.<\/span><span data-ccp-props=\"{\">\u00a0<\/span><\/li>\n<\/ul>\n<ul>\n<li aria-setsize=\"-1\" data-leveltext=\"\uf0fc\" data-font=\"Wingdings\" data-listid=\"18\" data-list-defn-props=\"{\" data-aria-posinset=\"2\" data-aria-level=\"1\"><b><span data-contrast=\"auto\">\u00c9viter les produits chimiques<\/span><\/b><span data-contrast=\"auto\">: N'utilisez pas de nettoyants chimiques ou de d\u00e9tergents agressifs, car ceux-ci peuvent causer des dommages.<\/span><span data-ccp-props=\"{\">\u00a0<\/span><\/li>\n<\/ul>\n<ul>\n<li aria-setsize=\"-1\" data-leveltext=\"\uf0fc\" data-font=\"Wingdings\" data-listid=\"18\" data-list-defn-props=\"{\" data-aria-posinset=\"3\" data-aria-level=\"1\"><b><span data-contrast=\"auto\">Nettoyage en douceur<\/span><\/b><span data-contrast=\"auto\">: N'appliquez pas de pression excessive pour \u00e9viter les rayures ou les d\u00e9formations.<\/span><span data-ccp-props=\"{\">\u00a0<\/span><\/li>\n<\/ul>\n<p><span data-ccp-props=\"{\">\u00a0<\/span><\/p>\n<h3><b><span data-contrast=\"auto\">Entretien du condensateur<\/span><\/b><span data-ccp-props=\"{\">\u00a0<\/span><\/h3>\n<p><span data-contrast=\"auto\">Le condenseur est un composant essentiel de votre \u00e9cran, assurant un refroidissement efficace. Un bon entretien est essentiel pour \u00e9viter des probl\u00e8mes tels que la r\u00e9duction des performances, la surchauffe et l'augmentation de la consommation d'\u00e9nergie:<\/span><span data-ccp-props=\"{\">\u00a0<\/span><\/p>\n<ul>\n<li aria-setsize=\"-1\" data-leveltext=\"\uf0fc\" data-font=\"Wingdings\" data-listid=\"19\" data-list-defn-props=\"{\" data-aria-posinset=\"1\" data-aria-level=\"1\"><span data-contrast=\"auto\">Inspectez r\u00e9guli\u00e8rement le condenseur pour d\u00e9tecter l'accumulation de poussi\u00e8re ou de d\u00e9bris.<\/span><span data-ccp-props=\"{\">\u00a0<\/span><\/li>\n<\/ul>\n<ul>\n<li aria-setsize=\"-1\" data-leveltext=\"\uf0fc\" data-font=\"Wingdings\" data-listid=\"19\" data-list-defn-props=\"{\" data-aria-posinset=\"2\" data-aria-level=\"1\"><span data-contrast=\"auto\">Nettoyez-le doucement pour maintenir un flux d'air et une fonctionnalit\u00e9 optimaux.<\/span><span data-ccp-props=\"{\">\u00a0<\/span><\/li>\n<\/ul>\n<ul>\n<li aria-setsize=\"-1\" data-leveltext=\"\uf0fc\" data-font=\"Wingdings\" data-listid=\"19\" data-list-defn-props=\"{\" data-aria-posinset=\"3\" data-aria-level=\"1\"><span data-contrast=\"auto\">Planifiez l'entretien professionnel p\u00e9riodiquement pour assurer la performance \u00e0 long terme.<\/span><span data-ccp-props=\"{\">\u00a0<\/span><\/li>\n<\/ul>\n<p><span data-ccp-props=\"{\">\u00a0<\/span><\/p>\n<h3><b><span data-contrast=\"auto\">Utilisez des pi\u00e8ces de rechange d'origine et des techniciens form\u00e9s<\/span><\/b><span data-ccp-props=\"{\">\u00a0<\/span><\/h3>\n<p><span data-contrast=\"auto\">Pour garantir la fiabilit\u00e9 et la s\u00e9curit\u00e9 de votre \u00e9cran, notre soci\u00e9t\u00e9 vous conseille fortement d'utiliser uniquement <\/span><b><span data-contrast=\"auto\">pi\u00e8ces de rechange originales et autoris\u00e9es<\/span><\/b><span data-contrast=\"auto\"> aupr\u00e8s de fournisseurs de confiance. En outre, tous les services et r\u00e9parations doivent \u00eatre effectu\u00e9s par <\/span><b><span data-contrast=\"auto\">techniciens form\u00e9s et certifi\u00e9s<\/span><\/b><span data-contrast=\"auto\">. Cela garantit le bon fonctionnement de votre \u00e9quipement, r\u00e9duit le risque de pannes futures et aide \u00e0 maintenir votre garantie.<\/span><span data-ccp-props=\"{\">\u00a0<\/span><\/p>\n<p><span data-contrast=\"auto\">En suivant ces pratiques d'entretien et de nettoyage, et en s'appuyant sur des pi\u00e8ces autoris\u00e9es et des techniciens experts, votre affichage professionnel fonctionnera non seulement efficacement, mais fournira \u00e9galement une pr\u00e9sentation attrayante pour vos produits, assurant la satisfaction du client et des \u00e9conomies d'\u00e9nergie.<\/span><span data-ccp-props=\"{\">\u00a0<\/span><\/p>\n<\/div><\/div><\/div><\/div><\/div>","protected":false},"excerpt":{"rendered":"","protected":false},"author":1,"featured_media":0,"parent":0,"menu_order":41,"comment_status":"closed","ping_status":"closed","template":"100-width.php","meta":{"wpupg_custom_link":[],"wpupg_custom_link_behaviour":["default"],"wpupg_custom_link_nofollow":["default"],"wpupg_custom_image":[],"wpupg_custom_image_id":[],"footnotes":""},"categories":[],"tags":[],"class_list":["post-6661","page","type-page","status-publish","hentry"],"_links":{"self":[{"href":"https:\/\/gelatec.gr\/fr\/wp-json\/wp\/v2\/pages\/6661","targetHints":{"allow":["GET"]}}],"collection":[{"href":"https:\/\/gelatec.gr\/fr\/wp-json\/wp\/v2\/pages"}],"about":[{"href":"https:\/\/gelatec.gr\/fr\/wp-json\/wp\/v2\/types\/page"}],"author":[{"embeddable":true,"href":"https:\/\/gelatec.gr\/fr\/wp-json\/wp\/v2\/users\/1"}],"replies":[{"embeddable":true,"href":"https:\/\/gelatec.gr\/fr\/wp-json\/wp\/v2\/comments?post=6661"}],"version-history":[{"count":0,"href":"https:\/\/gelatec.gr\/fr\/wp-json\/wp\/v2\/pages\/6661\/revisions"}],"wp:attachment":[{"href":"https:\/\/gelatec.gr\/fr\/wp-json\/wp\/v2\/media?parent=6661"}],"wp:term":[{"taxonomy":"category","embeddable":true,"href":"https:\/\/gelatec.gr\/fr\/wp-json\/wp\/v2\/categories?post=6661"},{"taxonomy":"post_tag","embeddable":true,"href":"https:\/\/gelatec.gr\/fr\/wp-json\/wp\/v2\/tags?post=6661"}],"curies":[{"name":"wp","href":"https:\/\/api.w.org\/{rel}","templated":true}]}}