{"id":4486,"date":"2025-01-17T23:51:45","date_gmt":"2025-01-17T21:51:45","guid":{"rendered":"https:\/\/gelatec.gr\/?page_id=4486"},"modified":"2025-03-18T15:15:40","modified_gmt":"2025-03-18T13:15:40","slug":"terms-and-conditions","status":"publish","type":"page","link":"https:\/\/gelatec.gr\/it\/terms-and-conditions\/","title":{"rendered":"Termini &amp; Condizioni"},"content":{"rendered":"<div class=\"fusion-fullwidth fullwidth-box fusion-builder-row-1 fusion-flex-container has-pattern-background has-mask-background shrink-container nonhundred-percent-fullwidth non-hundred-percent-height-scrolling\" style=\"--awb-border-color:var(--awb-color4);--awb-border-radius-top-left:16px;--awb-border-radius-top-right:16px;--awb-border-radius-bottom-right:16px;--awb-border-radius-bottom-left:16px;--awb-overflow:hidden;--awb-padding-top:2em;--awb-margin-top:0em;--awb-flex-wrap:wrap;\" ><div class=\"fusion-builder-row fusion-row fusion-flex-align-items-flex-start fusion-flex-content-wrap\" style=\"max-width:calc( 1600px + 20px );margin-left: calc(-20px \/ 2 );margin-right: calc(-20px \/ 2 );\"><div class=\"fusion-layout-column fusion_builder_column fusion-builder-column-0 fusion_builder_column_3_5 3_5 fusion-flex-column\" style=\"--awb-padding-top:0em;--awb-padding-right:0em;--awb-padding-bottom:0em;--awb-padding-left:0em;--awb-overflow:hidden;--awb-bg-color:var(--awb-color4);--awb-bg-color-hover:var(--awb-color4);--awb-bg-size:cover;--awb-border-color:rgba(255,255,255,0.1);--awb-border-top:0px;--awb-border-right:0px;--awb-border-bottom:0px;--awb-border-left:0px;--awb-border-style:solid;--awb-border-radius:16px 16px 16px 16px;--awb-width-large:60%;--awb-margin-top-large:0px;--awb-spacing-right-large:10px;--awb-margin-bottom-large:0px;--awb-spacing-left-large:10px;--awb-width-medium:60%;--awb-order-medium:0;--awb-spacing-right-medium:10px;--awb-spacing-left-medium:10px;--awb-width-small:100%;--awb-order-small:0;--awb-spacing-right-small:10px;--awb-spacing-left-small:10px;\" data-scroll-devices=\"small-visibility,medium-visibility,large-visibility\"><div class=\"fusion-column-wrapper fusion-column-has-shadow fusion-flex-justify-content-flex-start fusion-content-layout-column\"><div class=\"fusion-builder-row fusion-builder-row-inner fusion-row fusion-flex-align-items-flex-start fusion-flex-content-wrap\" style=\"width:calc( 100% + 20px ) !important;max-width:calc( 100% + 20px ) !important;margin-left: calc(-20px \/ 2 );margin-right: calc(-20px \/ 2 );\"><div class=\"fusion-layout-column fusion_builder_column_inner fusion-builder-nested-column-0 fusion_builder_column_inner_1_1 1_1 fusion-flex-column fusion-flex-align-self-stretch\" style=\"--awb-padding-top:1em;--awb-padding-right:1em;--awb-padding-bottom:4em;--awb-padding-left:1em;--awb-padding-top-small:1em;--awb-padding-right-small:1em;--awb-padding-bottom-small:1em;--awb-padding-left-small:1em;--awb-overflow:hidden;--awb-bg-color:var(--awb-color4);--awb-bg-color-hover:var(--awb-color4);--awb-bg-size:cover;--awb-border-radius:16px 16px 16px 16px;--awb-width-large:100%;--awb-margin-top-large:0px;--awb-spacing-right-large:10px;--awb-margin-bottom-large:0px;--awb-spacing-left-large:10px;--awb-width-medium:100%;--awb-order-medium:0;--awb-spacing-right-medium:10px;--awb-spacing-left-medium:10px;--awb-width-small:100%;--awb-order-small:0;--awb-spacing-right-small:10px;--awb-spacing-left-small:10px;\" data-scroll-devices=\"small-visibility,medium-visibility,large-visibility\"><div class=\"fusion-column-wrapper fusion-column-has-shadow fusion-flex-justify-content-flex-start fusion-content-layout-column\"><div class=\"fusion-title title fusion-title-1 fusion-sep-none fusion-title-text fusion-title-size-one\" style=\"--awb-text-color:var(--awb-color1);--awb-font-size:108px;\"><h1 class=\"fusion-title-heading title-heading-left fusion-responsive-typography-calculated\" style=\"font-family:&quot;Poppins&quot;;font-style:normal;font-weight:700;margin:0;font-size:1em;--fontSize:108;line-height:1.2;\">Termini &amp; Condizioni<\/h1><\/div><\/div><\/div><\/div><\/div><\/div><div class=\"fusion-layout-column fusion_builder_column fusion-builder-column-1 fusion_builder_column_1_1 1_1 fusion-flex-column\" style=\"--awb-padding-top:4em;--awb-padding-right:4em;--awb-padding-bottom:4em;--awb-padding-left:4em;--awb-padding-top-small:1em;--awb-padding-right-small:1em;--awb-padding-bottom-small:1em;--awb-padding-left-small:1em;--awb-overflow:hidden;--awb-bg-color:var(--awb-color1);--awb-bg-color-hover:var(--awb-color1);--awb-bg-size:cover;--awb-border-radius:16px 16px 16px 16px;--awb-width-large:100%;--awb-margin-top-large:0px;--awb-spacing-right-large:10px;--awb-margin-bottom-large:20px;--awb-spacing-left-large:10px;--awb-width-medium:100%;--awb-order-medium:0;--awb-spacing-right-medium:10px;--awb-spacing-left-medium:10px;--awb-width-small:100%;--awb-order-small:0;--awb-spacing-right-small:10px;--awb-spacing-left-small:10px;\" data-scroll-devices=\"small-visibility,medium-visibility,large-visibility\"><div class=\"fusion-column-wrapper fusion-column-has-shadow fusion-flex-justify-content-flex-start fusion-content-layout-column\"><div class=\"fusion-text fusion-text-1\">\n<!-- This legal document was generated by Complianz Terms &amp; Conditions https:\/\/wordpress.org\/plugins\/complianz-terms-conditions -->\n<div id=\"cmplz-document\" class=\"cmplz-document cmplz-terms-conditions\"><p><i>I termini e le condizioni sono stati aggiornati l'ultima volta il 17\/01\/2025<\/i><\/p><h2>1. Introduzione<\/h2><p>I presenti Termini e condizioni si applicano a questo sito Web e alle transazioni relative ai nostri prodotti e servizi.\u00a0Potresti essere vincolato da contratti aggiuntivi relativi al tuo rapporto con noi o a qualsiasi prodotto o servizio che ricevi da noi.\u00a0Se qualsiasi disposizione dei contratti aggiuntivi \u00e8 in conflitto con qualsiasi disposizione dei presenti Termini, le disposizioni di questi contratti aggiuntivi avranno il controllo e prevarranno.<\/p><h2>2. Vincolante<\/h2><p>Registrandoti, accedendo o altrimenti utilizzando questo sito Web, accetti di essere vincolato da questi Termini e condizioni indicati di seguito.\u00a0Il semplice utilizzo di questo sito Web implica la conoscenza e l'accettazione di questi Termini e condizioni.\u00a0In alcuni casi particolari, possiamo anche chiederti di acconsentire esplicitamente.<\/p><h2>3. Comunicazione elettronica<\/h2><p>Utilizzando questo sito Web o comunicando con noi per via elettronica, accetti e riconosci che possiamo comunicare con te elettronicamente sul nostro sito Web o inviandoti un'e-mail e accetti che tutti gli accordi, le comunicazioni, le divulgazioni e le altre comunicazioni che ti forniamo elettronicamente soddisfino qualsiasi requisito legale, incluso ma non limitato al requisito che tali comunicazioni debbano essere per iscritto.<\/p><h2>4. Propriet\u00e0 intellettuale<\/h2><p>Noi oi nostri licenziatari possediamo e controlliamo tutti i diritti d'autore e altri diritti di propriet\u00e0 intellettuale nel sito Web e i dati, le informazioni e le altre risorse visualizzate o accessibili all'interno del sito Web.<\/p><p class=\"cmplz-subtitle\">4.1 Tutti i diritti sono riservati<\/p><p>A meno che il contenuto specifico non imponga diversamente, non ti viene concessa una licenza o qualsiasi altro diritto ai sensi del copyright, del marchio, del brevetto o di altri diritti di propriet\u00e0 intellettuale.\u00a0Ci\u00f2 significa che non sar\u00e0 possibile utilizzare, copiare, riprodurre, eseguire, visualizzare, distribuire, incorporare in qualsiasi supporto elettronico, alterare, decodificare, decompilare, trasferire, scaricare, trasmettere, monetizzare, vendere, commercializzare o commercializzare qualsiasi risorsa su questo sito Web in qualsiasi forma, senza la nostra previa autorizzazione scritta, salvo e solo nella misura in cui diversamente previsto dalle normative di legge obbligatorie (come il diritto di citazione).<\/p><h2>5. Newsletter<\/h2><p>Nonostante quanto sopra, \u00e8 possibile inoltrare la nostra newsletter in forma elettronica ad altri che potrebbero essere interessati a visitare il nostro sito web.<\/p><h2>6. Propriet\u00e0 di terzi<\/h2><p>Il nostro sito web pu\u00f2 contenere collegamenti ipertestuali o altri riferimenti a siti web di terzi.\u00a0Non monitoriamo n\u00e9 esaminiamo il contenuto dei siti web di terzi a cui sono collegati da questo sito web.\u00a0I prodotti o i servizi offerti da altri siti Web sono soggetti ai termini e alle condizioni applicabili di tali terze parti.\u00a0Le opinioni espresse o il materiale che appare su tali siti Web non sono necessariamente condivisi o approvati da noi.<\/p><p>Non saremo responsabili per eventuali pratiche sulla privacy o contenuti di questi siti.\u00a0L'utente si assume tutti i rischi associati all'utilizzo di questi siti Web e di eventuali servizi di terze parti correlati.\u00a0Non accetteremo alcuna responsabilit\u00e0 per eventuali perdite o danni in qualsiasi modo, comunque causati, derivanti dalla divulgazione a terzi di informazioni personali.<\/p><h2>7. Uso responsabile<\/h2><p>Visitando il nostro sito Web, l'utente accetta di utilizzarlo solo per gli scopi previsti e consentiti dai presenti Termini, da eventuali contratti aggiuntivi con noi e dalle leggi, dai regolamenti e dalle pratiche online generalmente accettate e dalle linee guida del settore.\u00a0L'utente non deve utilizzare il nostro sito Web o i nostri servizi per utilizzare, pubblicare o distribuire qualsiasi materiale costituito da (o collegato a) software informatico dannoso; utilizzare i dati raccolti dal nostro sito Web per qualsiasi attivit\u00e0 di marketing diretto o condurre attivit\u00e0 sistematiche o automatizzate di raccolta dei dati su o in relazione al nostro sito Web.<\/p><p>Impegnarsi in qualsiasi attivit\u00e0 che causi o possa causare danni al sito Web o che interferisca con le prestazioni, la disponibilit\u00e0 o l'accessibilit\u00e0 del sito Web \u00e8 severamente vietato.<\/p><h2>8. Presentazione di idee<\/h2><p>Non inviare idee, invenzioni, opere d'autore o altre informazioni che possono essere considerate propriet\u00e0 intellettuale dell'utente che si desidera presentare a noi a meno che non abbiamo prima firmato un accordo relativo alla propriet\u00e0 intellettuale o un accordo di non divulgazione.\u00a0Se ce lo rivelate in assenza di tale accordo scritto, ci concedete una licenza mondiale, irrevocabile, non esclusiva, esente da royalty per utilizzare, riprodurre, archiviare, adattare, pubblicare, tradurre e distribuire i vostri contenuti su qualsiasi supporto esistente o futuro.<\/p><h2>9. Cessazione dell'uso<\/h2><p>Possiamo, a nostra esclusiva discrezione, in qualsiasi momento modificare o interrompere l'accesso, temporaneamente o permanentemente, al sito Web o a qualsiasi Servizio su di esso.\u00a0Accetti che non saremo responsabili nei tuoi confronti o di terze parti per tali modifiche, sospensioni o interruzioni del tuo accesso o utilizzo del sito web o di qualsiasi contenuto che potresti aver condiviso sul sito web.\u00a0Non avrai diritto ad alcun compenso o altro pagamento, anche se determinate funzionalit\u00e0, impostazioni e \/ o qualsiasi Contenuto che hai contribuito o su cui hai fatto affidamento, vengono persi definitivamente.\u00a0Non devi aggirare o bypassare, o tentare di aggirare o bypassare, qualsiasi misura di restrizione di accesso sul nostro sito web.<\/p><h2>10. Garanzie e responsabilit\u00e0<\/h2><p>Nulla in questa sezione limiter\u00e0 o escluder\u00e0 qualsiasi garanzia implicita per legge che sarebbe illegale limitare o escludere.\u00a0Questo sito web e tutti i suoi contenuti sono forniti \"cos\u00ec come sono\" e \"come disponibili\" e possono contenere imprecisioni o errori tipografici.\u00a0Decliniamo espressamente tutte le garanzie di qualsiasi tipo, esplicite o implicite, per quanto riguarda la disponibilit\u00e0, l'accuratezza o la completezza del Contenuto.\u00a0Non forniamo alcuna garanzia che:<\/p><p><ul>\n                    <li>questo sito web o i nostri contenuti soddisferanno le vostre esigenze;<\/li>\n                    <li>Questo sito web sar\u00e0 disponibile in modo ininterrotto, tempestivo, sicuro o privo di errori.<\/li>\n        <\/ul><\/p><p>Nulla su questo sito web costituisce o \u00e8 destinato a costituire, consulenza legale, finanziaria o medica di alcun tipo.\u00a0Se hai bisogno di consigli dovresti consultare un professionista appropriato.<\/p><p>Le seguenti disposizioni di questa sezione si applicheranno nella misura massima consentita dalla legge applicabile e non limiteranno o escluderanno la nostra responsabilit\u00e0 in relazione a qualsiasi questione che sarebbe illegale o illegale per noi limitare o escludere la nostra responsabilit\u00e0.\u00a0In nessun caso saremo responsabili per eventuali danni diretti o indiretti (inclusi eventuali danni per perdita di profitti o entrate, perdita o corruzione di dati, software o database, o perdita o danno a propriet\u00e0 o dati) subiti da te o da terze parti, derivanti dal tuo accesso o utilizzo del nostro sito web.<\/p><p>Tranne nella misura in cui qualsiasi contratto aggiuntivo stabilisca espressamente altrimenti, la nostra massima responsabilit\u00e0 nei tuoi confronti per tutti i danni derivanti da o relativi al sito Web o a qualsiasi prodotto e servizio commercializzato o venduto attraverso il sito Web, indipendentemente dalla forma di azione legale che impone la responsabilit\u00e0 (sia contrattuale, equit\u00e0, negligenza, condotta prevista, illecito o altro) sar\u00e0 limitata al prezzo totale che ci hai pagato per acquistare tali prodotti o servizi o utilizzare il sito Web.\u00a0Tale limite si applicher\u00e0 complessivamente a tutte le vostre rivendicazioni, azioni e cause di azione di ogni tipo e natura.<\/p><h2>11. Tutela della privacy<\/h2><p>Per accedere al nostro sito Web e \/ o servizi, potrebbe essere richiesto di fornire determinate informazioni su di te come parte del processo di registrazione.\u00a0L'utente accetta che tutte le informazioni fornite saranno sempre accurate, corrette e aggiornate.<\/p><p>Abbiamo sviluppato una politica per affrontare eventuali problemi di privacy che potresti avere.\u00a0Per maggiori informazioni, si prega di consultare il nostro <a href=\"https:\/\/gelatec.gr\/it\/privacy-statement\/\">Informativa sulla privacy<\/a> e il nostro <a href=\"https:\/\/gelatec.gr\/it\/cookie-policy\/\">Politica sui cookie<\/a>.<\/p><h2>12. Accessibilit\u00e0<\/h2><p>Ci impegniamo a rendere i contenuti che forniamo accessibili alle persone con disabilit\u00e0.\u00a0Se hai una disabilit\u00e0 e non riesci ad accedere a nessuna parte del nostro sito web a causa della tua disabilit\u00e0, ti chiediamo di darci un avviso che includa una descrizione dettagliata del problema che hai riscontrato.\u00a0Se il problema \u00e8 facilmente identificabile e risolvibile in conformit\u00e0 con gli strumenti e le tecniche informatiche standard del settore, lo risolveremo prontamente.<\/p><h2>13. Restrizioni all'esportazione \/ Conformit\u00e0 legale<\/h2><p>L'accesso al sito Web da territori o paesi in cui il contenuto o l'acquisto dei prodotti o servizi venduti sul sito Web \u00e8 illegale \u00e8 vietato.\u00a0Non \u00e8 possibile utilizzare questo sito Web in violazione delle leggi e dei regolamenti sull'esportazione della Grecia.<\/p><h2>14. Incarico<\/h2><p>Non puoi cedere, trasferire o subappaltare nessuno dei tuoi diritti e \/ o obblighi ai sensi dei presenti Termini e condizioni, in tutto o in parte, a terzi senza il nostro previo consenso scritto.\u00a0Qualsiasi asserita cessione in violazione della presente Sezione sar\u00e0 nulla.<\/p><h2>15. Violazioni dei presenti Termini e condizioni<\/h2><p>Fatti salvi gli altri nostri diritti ai sensi dei presenti Termini e condizioni, in caso di violazione dei presenti Termini e condizioni in qualsiasi modo, possiamo intraprendere le azioni che riteniamo appropriate per affrontare la violazione, inclusa la sospensione temporanea o permanente dell'accesso al sito Web, contattando il provider di servizi Internet per richiedere di bloccare l'accesso al sito Web e \/ o avviare un'azione legale contro di te.<\/p><h2>16. Forza maggiore<\/h2><p>Fatta eccezione per gli obblighi di pagamento del denaro di cui al presente documento, nessun ritardo, inadempimento o omissione da parte di una delle parti di eseguire o osservare uno qualsiasi dei suoi obblighi di cui al presente documento sar\u00e0 considerato una violazione dei presenti Termini e condizioni se e per tutto il tempo in cui tale ritardo, inadempimento o omissione deriva da qualsiasi causa al di fuori del ragionevole controllo di tale parte.<\/p><h2>17. Indennizzo<\/h2><p>Accetti di indennizzare, difendere e manlevarci, da e contro qualsiasi rivendicazione, responsabilit\u00e0, danno, perdita e spesa, relativi alla violazione dei presenti Termini e condizioni e delle leggi applicabili, inclusi i diritti di propriet\u00e0 intellettuale e i diritti alla privacy.\u00a0Ci rimborserai prontamente per i nostri danni, perdite, costi e spese relativi o derivanti da tali reclami.<\/p><h2>18. Rinuncia<\/h2><p>La mancata applicazione di una qualsiasi delle disposizioni stabilite in questi Termini e Condizioni e in qualsiasi Accordo, o il mancato esercizio di qualsiasi opzione di risoluzione, non deve essere interpretata come rinuncia a tali disposizioni e non pregiudica la validit\u00e0 di questi Termini e Condizioni o di qualsiasi Accordo o parte di esso, o il diritto successivamente di applicare ogni singola disposizione.<\/p><h2>19. Lingua<\/h2><p>I presenti Termini e Condizioni saranno interpretati e interpretati esclusivamente in lingua inglese.\u00a0Tutte le comunicazioni e la corrispondenza saranno redatte esclusivamente in tale lingua.<\/p><h2>20. L'intero accordo<\/h2><p>Questi Termini e Condizioni, insieme al nostro <a href=\"https:\/\/gelatec.gr\/it\/privacy-statement\/\">Informativa sulla privacy<\/a> e <a href=\"https:\/\/gelatec.gr\/it\/cookie-policy\/\">politica sui cookie<\/a>, costituiscono l'intero accordo tra l'utente e GELATEC in relazione all'utilizzo di questo sito web.<\/p><h2>21. Aggiornamento di questi Termini e condizioni<\/h2><p>Potremmo aggiornare questi Termini e Condizioni di volta in volta.\u00a0\u00c8 tuo obbligo controllare periodicamente questi Termini e Condizioni per modifiche o aggiornamenti.\u00a0La data indicata all'inizio di questi Termini e Condizioni \u00e8 l'ultima data di revisione.\u00a0Le modifiche a questi Termini e Condizioni entreranno in vigore al momento della pubblicazione di tali modifiche su questo sito web.\u00a0L'uso continuato di questo sito Web dopo la pubblicazione di modifiche o aggiornamenti sar\u00e0 considerato un avviso della tua accettazione di rispettare e essere vincolato da questi Termini e Condizioni.<\/p><h2>22. Scelta della legge e giurisdizione<\/h2><p>I presenti Termini e Condizioni sono regolati dalle leggi della Grecia.\u00a0Qualsiasi controversia relativa a questi Termini e Condizioni sar\u00e0 soggetta alla giurisdizione dei tribunali della Grecia.\u00a0Se una parte o una disposizione di questi Termini e Condizioni viene ritenuta da un tribunale o altra autorit\u00e0 non valida e \/ o inapplicabile ai sensi della legge applicabile, tale parte o disposizione verr\u00e0 modificata, cancellata e \/ o applicata nella misura massima consentita in modo da dare effetto all'intento di questi Termini e Condizioni.\u00a0Le altre disposizioni non saranno interessate.<\/p><h2>23. Informazioni di contatto<\/h2><p>Questo sito web \u00e8 di propriet\u00e0 e gestito da GELATEC.<\/p><p>Puoi contattarci per quanto riguarda questi Termini e Condizioni attraverso il nostro <a href=\"https:\/\/gelatec.gr\/it\/contact\/\">contatto<\/a> pagina.<\/p><h2>24. Scarica<\/h2><p>Puoi anche <a href=\"https:\/\/gelatec.gr\/wp-content\/plugins\/complianz-terms-conditions\/download.php\">scarica<\/a> i nostri Termini e Condizioni in formato PDF.<\/p><\/div>\n<\/div><\/div><\/div><\/div><\/div>","protected":false},"excerpt":{"rendered":"","protected":false},"author":1,"featured_media":0,"parent":0,"menu_order":90,"comment_status":"closed","ping_status":"closed","template":"100-width.php","meta":{"wpupg_custom_link":[],"wpupg_custom_link_behaviour":["default"],"wpupg_custom_link_nofollow":["default"],"wpupg_custom_image":[],"wpupg_custom_image_id":[],"footnotes":""},"categories":[],"tags":[],"class_list":["post-4486","page","type-page","status-publish","hentry"],"_links":{"self":[{"href":"https:\/\/gelatec.gr\/it\/wp-json\/wp\/v2\/pages\/4486","targetHints":{"allow":["GET"]}}],"collection":[{"href":"https:\/\/gelatec.gr\/it\/wp-json\/wp\/v2\/pages"}],"about":[{"href":"https:\/\/gelatec.gr\/it\/wp-json\/wp\/v2\/types\/page"}],"author":[{"embeddable":true,"href":"https:\/\/gelatec.gr\/it\/wp-json\/wp\/v2\/users\/1"}],"replies":[{"embeddable":true,"href":"https:\/\/gelatec.gr\/it\/wp-json\/wp\/v2\/comments?post=4486"}],"version-history":[{"count":0,"href":"https:\/\/gelatec.gr\/it\/wp-json\/wp\/v2\/pages\/4486\/revisions"}],"wp:attachment":[{"href":"https:\/\/gelatec.gr\/it\/wp-json\/wp\/v2\/media?parent=4486"}],"wp:term":[{"taxonomy":"category","embeddable":true,"href":"https:\/\/gelatec.gr\/it\/wp-json\/wp\/v2\/categories?post=4486"},{"taxonomy":"post_tag","embeddable":true,"href":"https:\/\/gelatec.gr\/it\/wp-json\/wp\/v2\/tags?post=4486"}],"curies":[{"name":"wp","href":"https:\/\/api.w.org\/{rel}","templated":true}]}}