{"id":4486,"date":"2025-01-17T23:51:45","date_gmt":"2025-01-17T21:51:45","guid":{"rendered":"https:\/\/gelatec.gr\/?page_id=4486"},"modified":"2025-03-18T15:15:40","modified_gmt":"2025-03-18T13:15:40","slug":"terms-and-conditions","status":"publish","type":"page","link":"https:\/\/gelatec.gr\/ro\/terms-and-conditions\/","title":{"rendered":"Termeni &amp; Condi\u021bii"},"content":{"rendered":"<div class=\"fusion-fullwidth fullwidth-box fusion-builder-row-1 fusion-flex-container has-pattern-background has-mask-background shrink-container nonhundred-percent-fullwidth non-hundred-percent-height-scrolling\" style=\"--awb-border-color:var(--awb-color4);--awb-border-radius-top-left:16px;--awb-border-radius-top-right:16px;--awb-border-radius-bottom-right:16px;--awb-border-radius-bottom-left:16px;--awb-overflow:hidden;--awb-padding-top:2em;--awb-margin-top:0em;--awb-flex-wrap:wrap;\" ><div class=\"fusion-builder-row fusion-row fusion-flex-align-items-flex-start fusion-flex-content-wrap\" style=\"max-width:calc( 1600px + 20px );margin-left: calc(-20px \/ 2 );margin-right: calc(-20px \/ 2 );\"><div class=\"fusion-layout-column fusion_builder_column fusion-builder-column-0 fusion_builder_column_3_5 3_5 fusion-flex-column\" style=\"--awb-padding-top:0em;--awb-padding-right:0em;--awb-padding-bottom:0em;--awb-padding-left:0em;--awb-overflow:hidden;--awb-bg-color:var(--awb-color4);--awb-bg-color-hover:var(--awb-color4);--awb-bg-size:cover;--awb-border-color:rgba(255,255,255,0.1);--awb-border-top:0px;--awb-border-right:0px;--awb-border-bottom:0px;--awb-border-left:0px;--awb-border-style:solid;--awb-border-radius:16px 16px 16px 16px;--awb-width-large:60%;--awb-margin-top-large:0px;--awb-spacing-right-large:10px;--awb-margin-bottom-large:0px;--awb-spacing-left-large:10px;--awb-width-medium:60%;--awb-order-medium:0;--awb-spacing-right-medium:10px;--awb-spacing-left-medium:10px;--awb-width-small:100%;--awb-order-small:0;--awb-spacing-right-small:10px;--awb-spacing-left-small:10px;\" data-scroll-devices=\"small-visibility,medium-visibility,large-visibility\"><div class=\"fusion-column-wrapper fusion-column-has-shadow fusion-flex-justify-content-flex-start fusion-content-layout-column\"><div class=\"fusion-builder-row fusion-builder-row-inner fusion-row fusion-flex-align-items-flex-start fusion-flex-content-wrap\" style=\"width:calc( 100% + 20px ) !important;max-width:calc( 100% + 20px ) !important;margin-left: calc(-20px \/ 2 );margin-right: calc(-20px \/ 2 );\"><div class=\"fusion-layout-column fusion_builder_column_inner fusion-builder-nested-column-0 fusion_builder_column_inner_1_1 1_1 fusion-flex-column fusion-flex-align-self-stretch\" style=\"--awb-padding-top:1em;--awb-padding-right:1em;--awb-padding-bottom:4em;--awb-padding-left:1em;--awb-padding-top-small:1em;--awb-padding-right-small:1em;--awb-padding-bottom-small:1em;--awb-padding-left-small:1em;--awb-overflow:hidden;--awb-bg-color:var(--awb-color4);--awb-bg-color-hover:var(--awb-color4);--awb-bg-size:cover;--awb-border-radius:16px 16px 16px 16px;--awb-width-large:100%;--awb-margin-top-large:0px;--awb-spacing-right-large:10px;--awb-margin-bottom-large:0px;--awb-spacing-left-large:10px;--awb-width-medium:100%;--awb-order-medium:0;--awb-spacing-right-medium:10px;--awb-spacing-left-medium:10px;--awb-width-small:100%;--awb-order-small:0;--awb-spacing-right-small:10px;--awb-spacing-left-small:10px;\" data-scroll-devices=\"small-visibility,medium-visibility,large-visibility\"><div class=\"fusion-column-wrapper fusion-column-has-shadow fusion-flex-justify-content-flex-start fusion-content-layout-column\"><div class=\"fusion-title title fusion-title-1 fusion-sep-none fusion-title-text fusion-title-size-one\" style=\"--awb-text-color:var(--awb-color1);--awb-font-size:108px;\"><h1 class=\"fusion-title-heading title-heading-left fusion-responsive-typography-calculated\" style=\"font-family:&quot;Poppins&quot;;font-style:normal;font-weight:700;margin:0;font-size:1em;--fontSize:108;line-height:1.2;\">Termeni &amp; Condi\u021bii<\/h1><\/div><\/div><\/div><\/div><\/div><\/div><div class=\"fusion-layout-column fusion_builder_column fusion-builder-column-1 fusion_builder_column_1_1 1_1 fusion-flex-column\" style=\"--awb-padding-top:4em;--awb-padding-right:4em;--awb-padding-bottom:4em;--awb-padding-left:4em;--awb-padding-top-small:1em;--awb-padding-right-small:1em;--awb-padding-bottom-small:1em;--awb-padding-left-small:1em;--awb-overflow:hidden;--awb-bg-color:var(--awb-color1);--awb-bg-color-hover:var(--awb-color1);--awb-bg-size:cover;--awb-border-radius:16px 16px 16px 16px;--awb-width-large:100%;--awb-margin-top-large:0px;--awb-spacing-right-large:10px;--awb-margin-bottom-large:20px;--awb-spacing-left-large:10px;--awb-width-medium:100%;--awb-order-medium:0;--awb-spacing-right-medium:10px;--awb-spacing-left-medium:10px;--awb-width-small:100%;--awb-order-small:0;--awb-spacing-right-small:10px;--awb-spacing-left-small:10px;\" data-scroll-devices=\"small-visibility,medium-visibility,large-visibility\"><div class=\"fusion-column-wrapper fusion-column-has-shadow fusion-flex-justify-content-flex-start fusion-content-layout-column\"><div class=\"fusion-text fusion-text-1\">\n<!-- This legal document was generated by Complianz Terms &amp; Conditions https:\/\/wordpress.org\/plugins\/complianz-terms-conditions -->\n<div id=\"cmplz-document\" class=\"cmplz-document cmplz-terms-conditions\"><p><i>Termenii \u0219i condi\u021biile au fost actualizate ultima dat\u0103 la 17\/01\/2025<\/i><\/p><h2>1. Introducere<\/h2><p>These Terms and conditions apply to this website and to the transactions related to our products and services.\u00a0Este posibil s\u0103 fi\u021bi obligat prin contracte suplimentare legate de rela\u021bia dvs. cu noi sau de orice produse sau servicii pe care le primi\u021bi de la noi.\u00a0\u00cen cazul \u00een care oricare dintre prevederile contractelor adi\u021bionale intr\u0103 \u00een conflict cu oricare dintre prevederile acestor Termeni, prevederile acestor contracte adi\u021bionale vor controla \u0219i vor prevala.<\/p><h2>2. Obligatoriu<\/h2><p>Prin \u00eenregistrarea, accesarea sau utilizarea \u00een alt mod a acestui site, sunte\u021bi de acord s\u0103 respecta\u021bi ace\u0219ti Termeni \u0219i condi\u021bii de mai jos.\u00a0Simpla utilizare a acestui site implic\u0103 cunoa\u0219terea \u0219i acceptarea acestor Termeni \u0219i condi\u021bii.\u00a0\u00cen anumite cazuri, v\u0103 putem cere, de asemenea, s\u0103 fi\u021bi de acord \u00een mod explicit.<\/p><h2>3. Comunica\u021bii electronice<\/h2><p>Prin utilizarea acestui site web sau comunicarea cu noi prin mijloace electronice, sunte\u021bi de acord \u0219i recunoa\u0219te\u021bi c\u0103 putem comunica cu dvs. electronic pe site-ul nostru web sau prin trimiterea unui e-mail c\u0103tre dvs. \u0219i sunte\u021bi de acord c\u0103 toate acordurile, notific\u0103rile, divulg\u0103rile \u0219i alte comunic\u0103ri pe care vi le furniz\u0103m electronic \u00eendeplinesc orice cerin\u021b\u0103 legal\u0103, inclusiv, dar f\u0103r\u0103 a se limita la cerin\u021ba ca astfel de comunic\u0103ri s\u0103 fie \u00een scris.<\/p><h2>4. Proprietate intelectual\u0103<\/h2><p>Noi sau licen\u021biatorii no\u0219tri de\u021binem \u0219i control\u0103m toate drepturile de autor \u0219i alte drepturi de proprietate intelectual\u0103 de pe site \u0219i datele, informa\u021biile \u0219i alte resurse afi\u0219ate de sau accesibile \u00een cadrul site-ului.<\/p><p class=\"cmplz-subtitle\">4.1 Toate drepturile sunt rezervate<\/p><p>Cu excep\u021bia cazului \u00een care con\u021binutul specific dicteaz\u0103 altfel, nu vi se acord\u0103 o licen\u021b\u0103 sau orice alt drept \u00een temeiul drepturilor de autor, m\u0103rcilor comerciale, brevetelor sau altor drepturi de proprietate intelectual\u0103.\u00a0Aceasta \u00eenseamn\u0103 c\u0103 nu ve\u021bi utiliza, copia, reproduce, efectua, afi\u0219a, distribui, \u00eencorpora \u00een niciun mediu electronic, modifica, inversa inginer, decompila, transfera, desc\u0103rca, transmite, monetiza, vinde, comercializa sau comercializa orice resurse de pe acest site \u00een orice form\u0103, f\u0103r\u0103 permisiunea noastr\u0103 prealabil\u0103 scris\u0103, cu excep\u021bia \u0219i numai \u00een m\u0103sura \u00een care se prevede altfel \u00een reglement\u0103rile legii obligatorii (cum ar fi dreptul de a cita).<\/p><h2>5. Buletin informativ<\/h2><p>F\u0103r\u0103 a aduce atingere celor de mai sus, pute\u021bi transmite buletinul nostru informativ \u00een format electronic altor persoane care ar putea fi interesate s\u0103 viziteze site-ul nostru.<\/p><h2>6. Proprietatea ter\u021bilor<\/h2><p>Site-ul nostru web poate include hiperlinkuri sau alte trimiteri la site-urile web ale altor p\u0103r\u021bi.\u00a0Nu monitoriz\u0103m \u0219i nu revizuim con\u021binutul site-urilor web ale altor p\u0103r\u021bi la care se face trimitere de pe acest site web.\u00a0Produsele sau serviciile oferite de alte site-uri web vor fi supuse termenilor \u0219i condi\u021biilor aplicabile ale acestor ter\u021be p\u0103r\u021bi.\u00a0Opiniile exprimate sau materialele care apar pe aceste site-uri nu sunt neap\u0103rat \u00eemp\u0103rt\u0103\u0219ite sau aprobate de noi.<\/p><p>Nu vom fi responsabili pentru practicile de confiden\u021bialitate sau con\u021binutul acestor site-uri.\u00a0V\u0103 asuma\u021bi toate riscurile asociate cu utilizarea acestor site-uri web \u0219i a oric\u0103ror servicii conexe ale ter\u021bilor.\u00a0Nu vom accepta nicio responsabilitate pentru nicio pierdere sau daun\u0103 \u00een orice mod, indiferent de cauz\u0103, care rezult\u0103 din divulgarea de c\u0103tre dvs. c\u0103tre ter\u021be p\u0103r\u021bi a informa\u021biilor personale.<\/p><h2>7. Utilizare responsabil\u0103<\/h2><p>Vizit\u00e2nd site-ul nostru web, sunte\u021bi de acord s\u0103 \u00eel utiliza\u021bi numai \u00een scopurile prev\u0103zute \u0219i permise de ace\u0219ti Termeni, de orice contracte suplimentare cu noi \u0219i de legile, reglement\u0103rile \u0219i practicile online general acceptate \u0219i de orient\u0103rile industriei.\u00a0Nu trebuie s\u0103 utiliza\u021bi site-ul sau serviciile noastre pentru a utiliza, publica sau distribui orice material care const\u0103 din (sau este legat de) software r\u0103u inten\u021bionat; s\u0103 utiliza\u021bi datele colectate de pe site-ul nostru pentru orice activitate de marketing direct sau s\u0103 desf\u0103\u0219ura\u021bi orice activit\u0103\u021bi sistematice sau automatizate de colectare a datelor pe sau \u00een leg\u0103tur\u0103 cu site-ul nostru.<\/p><p>Implicarea \u00een orice activitate care provoac\u0103 sau poate provoca daune site-ului sau care interfereaz\u0103 cu performan\u021ba, disponibilitatea sau accesibilitatea site-ului este strict interzis\u0103.<\/p><h2>8. Prezentarea ideilor<\/h2><p>Nu trimite\u021bi idei, inven\u021bii, lucr\u0103ri de autor sau alte informa\u021bii care pot fi considerate proprietatea dvs. intelectual\u0103 pe care dori\u021bi s\u0103 ne-o prezenta\u021bi, cu excep\u021bia cazului \u00een care am semnat mai \u00eent\u00e2i un acord privind proprietatea intelectual\u0103 sau un acord de nedivulgare.\u00a0Dac\u0103 ni-l dezv\u0103lui\u021bi \u00een absen\u021ba unui astfel de acord scris, ne acorda\u021bi o licen\u021b\u0103 global\u0103, irevocabil\u0103, neexclusiv\u0103, f\u0103r\u0103 redeven\u021be pentru a utiliza, reproduce, stoca, adapta, publica, traduce \u0219i distribui con\u021binutul dvs. \u00een orice mass-media existent\u0103 sau viitoare.<\/p><h2>9. \u00cencetarea utiliz\u0103rii<\/h2><p>Putem, la discre\u021bia noastr\u0103, \u00een orice moment s\u0103 modific\u0103m sau s\u0103 \u00eentrerupem accesul la, temporar sau permanent, site-ul web sau la orice Serviciu de pe acesta.\u00a0Sunteti de acord ca nu vom fi raspunzatori fata de dumneavoastra sau orice terta parte pentru orice astfel de modificare, suspendare sau intrerupere a accesului sau utilizarii site-ului sau a oricarui continut pe care l-ati distribuit pe site.\u00a0Nu ve\u021bi avea dreptul la nicio compensa\u021bie sau alt\u0103 plat\u0103, chiar dac\u0103 anumite caracteristici, set\u0103ri \u0219i\/sau orice Con\u021binut pe care a\u021bi contribuit sau pe care a\u021bi ajuns s\u0103 v\u0103 baza\u021bi sunt pierdute definitiv.\u00a0Nu trebuie s\u0103 eluda\u021bi sau s\u0103 ocoli\u021bi sau s\u0103 \u00eencerca\u021bi s\u0103 eluda\u021bi sau s\u0103 ocoli\u021bi orice m\u0103suri de restric\u021bionare a accesului pe site-ul nostru.<\/p><h2>10. Garan\u021bii \u0219i r\u0103spundere<\/h2><p>Nimic din aceast\u0103 sec\u021biune nu va limita sau exclude orice garan\u021bie implicit\u0103 prin lege c\u0103 ar fi ilegal s\u0103 se limiteze sau s\u0103 se exclud\u0103.\u00a0Acest site web \u0219i \u00eentregul con\u021binut de pe site-ul web sunt furnizate \u201eca atare\u201d \u0219i \u201eastfel cum sunt disponibile\u201d \u0219i pot include inexactit\u0103\u021bi sau erori tipografice.\u00a0Ne declin\u0103m \u00een mod expres toate garan\u021biile de orice fel, explicite sau implicite, cu privire la disponibilitatea, acurate\u021bea sau caracterul complet al con\u021binutului.\u00a0Nu oferim nici o garan\u021bie c\u0103:<\/p><p><ul>\n                    <li>acest site web sau con\u021binutul nostru va \u00eendeplini cerin\u021bele dvs.;<\/li>\n                    <li>Acest site web va fi disponibil \u00een mod ne\u00eentrerupt, \u00een timp util, sigur sau f\u0103r\u0103 erori.<\/li>\n        <\/ul><\/p><p>Nimic de pe acest site nu constituie sau nu este menit s\u0103 constituie consiliere juridic\u0103, financiar\u0103 sau medical\u0103 de orice fel.\u00a0Dac\u0103 ave\u021bi nevoie de sfaturi, ar trebui s\u0103 consulta\u021bi un profesionist adecvat.<\/p><p>Urm\u0103toarele prevederi ale acestei sec\u021biuni se vor aplica \u00een m\u0103sura maxim\u0103 permis\u0103 de legea aplicabil\u0103 \u0219i nu vor limita sau exclude r\u0103spunderea noastr\u0103 cu privire la orice aspect care ar fi ilegal sau ilegal pentru noi s\u0103 limit\u0103m sau s\u0103 excludem r\u0103spunderea noastr\u0103.\u00a0\u00cen nici un caz nu vom fi r\u0103spunz\u0103tori pentru orice daune directe sau indirecte (inclusiv orice daune pentru pierderea profiturilor sau veniturilor, pierderea sau coruperea datelor, a software-ului sau a bazei de date sau pierderea sau v\u0103t\u0103marea propriet\u0103\u021bii sau a datelor) suportate de dvs. sau de orice ter\u021b\u0103 parte, care rezult\u0103 din accesul dvs. la site-ul nostru sau din utilizarea acestuia.<\/p><p>Cu excep\u021bia cazului \u00een care orice contract suplimentar prevede \u00een mod expres altfel, r\u0103spunderea noastr\u0103 maxim\u0103 fa\u021b\u0103 de dvs. pentru toate daunele care decurg din sau \u00een leg\u0103tur\u0103 cu site-ul web sau orice produse \u0219i servicii comercializate sau v\u00e2ndute prin intermediul site-ului web, indiferent de forma de ac\u021biune juridic\u0103 care impune r\u0103spunderea (\u00een contract, echitate, neglijen\u021b\u0103, comportament inten\u021bionat, delict sau altfel) va fi limitat\u0103 la pre\u021bul total pe care ni l-a\u021bi pl\u0103tit pentru a achizi\u021biona astfel de produse sau servicii sau pentru a utiliza site-ul web.\u00a0O astfel de limit\u0103 se va aplica \u00een ansamblu tuturor revendic\u0103rilor, ac\u021biunilor \u0219i cauzelor de ac\u021biune de orice fel \u0219i natur\u0103.<\/p><h2>11. Confiden\u021bialitate<\/h2><p>Pentru a accesa site-ul \u0219i \/ sau serviciile noastre, vi se poate solicita s\u0103 furniza\u021bi anumite informa\u021bii despre dvs. ca parte a procesului de \u00eenregistrare.\u00a0Sunte\u021bi de acord c\u0103 orice informa\u021bie pe care o furniza\u021bi va fi \u00eentotdeauna exact\u0103, corect\u0103 \u0219i actualizat\u0103.<\/p><p>Am elaborat o politic\u0103 pentru a r\u0103spunde oric\u0103ror preocup\u0103ri legate de confiden\u021bialitate pe care le-a\u021bi putea avea.\u00a0Pentru mai multe informa\u021bii, v\u0103 rug\u0103m s\u0103 consulta\u021bi pagina noastr\u0103 <a href=\"https:\/\/gelatec.gr\/ro\/privacy-statement\/\">Declara\u021bie de confiden\u021bialitate<\/a> \u0219i a noastr\u0103 <a href=\"https:\/\/gelatec.gr\/ro\/cookie-policy\/\">Politica privind cookie-urile<\/a>.<\/p><h2>12. Accesibilitate<\/h2><p>Ne angaj\u0103m s\u0103 facem con\u021binutul pe care \u00eel furniz\u0103m accesibil persoanelor cu dizabilit\u0103\u021bi.\u00a0Dac\u0103 ave\u021bi o dizabilitate \u0219i nu pute\u021bi accesa nicio parte a site-ului nostru din cauza dizabilit\u0103\u021bii dvs., v\u0103 rug\u0103m s\u0103 ne da\u021bi o notificare, inclusiv o descriere detaliat\u0103 a problemei pe care a\u021bi \u00eent\u00e2lnit-o.\u00a0Dac\u0103 problema este u\u0219or identificabil\u0103 \u0219i rezolvabil\u0103 \u00een conformitate cu instrumentele \u0219i tehnicile tehnologiei informa\u021biei standard \u00een industrie, o vom rezolva cu promptitudine.<\/p><h2>13. Restric\u021bii la export\/Conformitate juridic\u0103<\/h2><p>Accesul la site-ul web din teritorii sau \u021b\u0103ri \u00een care con\u021binutul sau achizi\u021bionarea de produse sau servicii v\u00e2ndute pe site-ul web este ilegal\u0103 este interzis.\u00a0Nu pute\u021bi utiliza acest site web \u00eenc\u0103lc\u00e2nd legile \u0219i reglement\u0103rile privind exportul din Grecia.<\/p><h2>14. Atribuire<\/h2><p>Nu pute\u021bi cesiona, transfera sau subcontracta niciunul dintre drepturile \u0219i \/ sau obliga\u021biile dvs. \u00een temeiul acestor Termeni \u0219i condi\u021bii, integral sau par\u021bial, niciunei ter\u021be p\u0103r\u021bi f\u0103r\u0103 consim\u021b\u0103m\u00e2ntul nostru prealabil scris.\u00a0Orice presupus\u0103 cesiune care \u00eencalc\u0103 aceast\u0103 Sec\u021biune va fi nul\u0103 \u0219i neavenit\u0103.<\/p><h2>15. \u00cenc\u0103lc\u0103ri ale acestor Termeni \u0219i condi\u021bii<\/h2><p>F\u0103r\u0103 a aduce atingere celorlalte drepturi ale noastre \u00een temeiul acestor Termeni \u0219i condi\u021bii, dac\u0103 \u00eenc\u0103lca\u021bi ace\u0219ti Termeni \u0219i condi\u021bii \u00een orice mod, putem lua m\u0103surile pe care le consider\u0103m adecvate pentru a face fa\u021b\u0103 \u00eenc\u0103lc\u0103rii, inclusiv suspendarea temporar\u0103 sau permanent\u0103 a accesului dvs. la site-ul web, contactarea furnizorului dvs. de servicii de internet pentru a solicita blocarea accesului dvs. la site-ul web \u0219i \/ sau ini\u021bierea unei ac\u021biuni \u00een justi\u021bie \u00eempotriva dvs.<\/p><h2>16. For\u021b\u0103 major\u0103<\/h2><p>Cu excep\u021bia obliga\u021biilor de a pl\u0103ti bani \u00een temeiul prezentului acord, nicio \u00eent\u00e2rziere, e\u0219ec sau omisiune din partea oric\u0103rei p\u0103r\u021bi de a-\u0219i \u00eendeplini sau respecta oricare dintre obliga\u021biile sale \u00een temeiul prezentului acord nu va fi considerat\u0103 o \u00eenc\u0103lcare a acestor Termeni \u0219i condi\u021bii dac\u0103 \u0219i at\u00e2t timp c\u00e2t o astfel de \u00eent\u00e2rziere, e\u0219ec sau omisiune apare din orice cauz\u0103 dincolo de controlul rezonabil al acelei p\u0103r\u021bi.<\/p><h2>17. Desp\u0103gubiri<\/h2><p>Sunte\u021bi de acord s\u0103 ne desp\u0103gubi\u021bi, s\u0103 ne ap\u0103ra\u021bi \u0219i s\u0103 ne exonera\u021bi de r\u0103spundere \u00eempotriva oric\u0103ror revendic\u0103ri, r\u0103spunderi, daune, pierderi \u0219i cheltuieli legate de \u00eenc\u0103lcarea de c\u0103tre dvs. a acestor Termeni \u0219i condi\u021bii \u0219i a legilor aplicabile, inclusiv a drepturilor de proprietate intelectual\u0103 \u0219i a drepturilor de confiden\u021bialitate.\u00a0Ne ve\u021bi rambursa imediat daunele, pierderile, costurile \u0219i cheltuielile legate de sau care decurg din astfel de revendic\u0103ri.<\/p><h2>18. Derogare<\/h2><p>Nerespectarea oric\u0103reia dintre prevederile stabilite \u00een ace\u0219ti Termeni \u0219i condi\u021bii \u0219i \u00een orice acord sau neexercitarea oric\u0103rei op\u021biuni de reziliere nu va fi interpretat\u0103 ca renun\u021bare la astfel de prevederi \u0219i nu va afecta valabilitatea acestor Termeni \u0219i condi\u021bii sau a oric\u0103rui acord sau a oric\u0103rei p\u0103r\u021bi a acestuia sau dreptul ulterior de a pune \u00een aplicare fiecare dispozi\u021bie.<\/p><h2>19. Limba<\/h2><p>Ace\u0219ti Termeni \u0219i Condi\u021bii vor fi interpreta\u021bi \u0219i interpreta\u021bi exclusiv \u00een limba englez\u0103.\u00a0Toate notific\u0103rile \u0219i coresponden\u021ba vor fi scrise exclusiv \u00een limba respectiv\u0103.<\/p><h2>20. \u00centregul acord<\/h2><p>Acesti Termeni si Conditii, impreuna cu Termenii si Conditiile noastre <a href=\"https:\/\/gelatec.gr\/ro\/privacy-statement\/\">declara\u021bie de confiden\u021bialitate<\/a> \u0219i <a href=\"https:\/\/gelatec.gr\/ro\/cookie-policy\/\">Politica privind cookie-urile<\/a>, constituie \u00eentregul acord \u00eentre dvs. \u0219i GELATEC \u00een leg\u0103tur\u0103 cu utilizarea de c\u0103tre dvs. a acestui site web.<\/p><h2>21. Actualizarea acestor Termeni \u0219i condi\u021bii<\/h2><p>Este posibil s\u0103 actualiz\u0103m ace\u0219ti Termeni \u0219i condi\u021bii din c\u00e2nd \u00een c\u00e2nd.\u00a0Este obligatia dumneavoastra sa verificati periodic acesti Termeni si Conditii pentru modificari sau actualizari.\u00a0Data men\u021bionat\u0103 la \u00eenceputul acestor Termeni \u0219i condi\u021bii este data ultimei revizuiri.\u00a0Modificarile aduse acestor Termeni si Conditii vor intra in vigoare in momentul in care aceste modificari vor fi postate pe acest site.\u00a0Utilizarea \u00een continuare a acestui site dup\u0103 postarea modific\u0103rilor sau actualiz\u0103rilor va fi considerat\u0103 o notificare a acceptului dvs. de a respecta \u0219i de a respecta ace\u0219ti Termeni \u0219i condi\u021bii.<\/p><h2>22. Alegerea legii \u0219i a jurisdic\u021biei<\/h2><p>Ace\u0219ti Termeni \u0219i Condi\u021bii vor fi guverna\u021bi de legile din Rom\u00e2nia.\u00a0Orice litigii legate de ace\u0219ti Termeni \u0219i condi\u021bii vor fi supuse jurisdic\u021biei instan\u021belor din Grecia.\u00a0\u00cen cazul \u00een care orice parte sau prevedere a acestor Termeni \u0219i condi\u021bii este considerat\u0103 de o instan\u021b\u0103 sau de o alt\u0103 autoritate ca fiind nevalid\u0103 \u0219i \/ sau inaplicabil\u0103 \u00een conformitate cu legea aplicabil\u0103, o astfel de parte sau prevedere va fi modificat\u0103, \u0219tears\u0103 \u0219i \/ sau pus\u0103 \u00een aplicare \u00een m\u0103sura maxim\u0103 permis\u0103, astfel \u00eenc\u00e2t s\u0103 se pun\u0103 \u00een aplicare inten\u021bia acestor Termeni \u0219i condi\u021bii.\u00a0Celelalte prevederi nu vor fi afectate.<\/p><h2>23. Informa\u021bii de contact<\/h2><p>Acest site este de\u021binut \u0219i operat de GELATEC.<\/p><p>Ne pute\u021bi contacta cu privire la ace\u0219ti Termeni \u0219i condi\u021bii prin intermediul site-ului nostru. <a href=\"https:\/\/gelatec.gr\/ro\/contact\/\">contact<\/a> pagin\u0103.<\/p><h2>24. Desc\u0103rcare<\/h2><p>De asemenea, pute\u021bi <a href=\"https:\/\/gelatec.gr\/wp-content\/plugins\/complianz-terms-conditions\/download.php\">Descarc\u0103<\/a> Termenii \u0219i condi\u021biile noastre ca PDF.<\/p><\/div>\n<\/div><\/div><\/div><\/div><\/div>","protected":false},"excerpt":{"rendered":"","protected":false},"author":1,"featured_media":0,"parent":0,"menu_order":90,"comment_status":"closed","ping_status":"closed","template":"100-width.php","meta":{"wpupg_custom_link":[],"wpupg_custom_link_behaviour":["default"],"wpupg_custom_link_nofollow":["default"],"wpupg_custom_image":[],"wpupg_custom_image_id":[],"footnotes":""},"categories":[],"tags":[],"class_list":["post-4486","page","type-page","status-publish","hentry"],"_links":{"self":[{"href":"https:\/\/gelatec.gr\/ro\/wp-json\/wp\/v2\/pages\/4486","targetHints":{"allow":["GET"]}}],"collection":[{"href":"https:\/\/gelatec.gr\/ro\/wp-json\/wp\/v2\/pages"}],"about":[{"href":"https:\/\/gelatec.gr\/ro\/wp-json\/wp\/v2\/types\/page"}],"author":[{"embeddable":true,"href":"https:\/\/gelatec.gr\/ro\/wp-json\/wp\/v2\/users\/1"}],"replies":[{"embeddable":true,"href":"https:\/\/gelatec.gr\/ro\/wp-json\/wp\/v2\/comments?post=4486"}],"version-history":[{"count":0,"href":"https:\/\/gelatec.gr\/ro\/wp-json\/wp\/v2\/pages\/4486\/revisions"}],"wp:attachment":[{"href":"https:\/\/gelatec.gr\/ro\/wp-json\/wp\/v2\/media?parent=4486"}],"wp:term":[{"taxonomy":"category","embeddable":true,"href":"https:\/\/gelatec.gr\/ro\/wp-json\/wp\/v2\/categories?post=4486"},{"taxonomy":"post_tag","embeddable":true,"href":"https:\/\/gelatec.gr\/ro\/wp-json\/wp\/v2\/tags?post=4486"}],"curies":[{"name":"wp","href":"https:\/\/api.w.org\/{rel}","templated":true}]}}