{"id":6661,"date":"2025-10-29T13:17:05","date_gmt":"2025-10-29T11:17:05","guid":{"rendered":"https:\/\/gelatec.gr\/?page_id=6661"},"modified":"2025-10-29T13:23:51","modified_gmt":"2025-10-29T11:23:51","slug":"how-to-maintenance-service","status":"publish","type":"page","link":"https:\/\/gelatec.gr\/ro\/how-to-maintenance-service\/","title":{"rendered":"Cum s\u0103: \u00centre\u021binere &amp; amplificator; Service"},"content":{"rendered":"<div class=\"fusion-fullwidth fullwidth-box fusion-builder-row-1 fusion-flex-container has-pattern-background has-mask-background shrink-container nonhundred-percent-fullwidth non-hundred-percent-height-scrolling\" style=\"--awb-border-color:var(--awb-color4);--awb-border-radius-top-left:16px;--awb-border-radius-top-right:16px;--awb-border-radius-bottom-right:16px;--awb-border-radius-bottom-left:16px;--awb-overflow:hidden;--awb-padding-top:2em;--awb-margin-top:0em;--awb-flex-wrap:wrap;\" ><div class=\"fusion-builder-row fusion-row fusion-flex-align-items-flex-start fusion-flex-content-wrap\" style=\"max-width:calc( 1600px + 20px );margin-left: calc(-20px \/ 2 );margin-right: calc(-20px \/ 2 );\"><div class=\"fusion-layout-column fusion_builder_column fusion-builder-column-0 fusion_builder_column_1_1 1_1 fusion-flex-column\" style=\"--awb-padding-top:0em;--awb-padding-right:0em;--awb-padding-bottom:0em;--awb-padding-left:0em;--awb-overflow:hidden;--awb-bg-color:var(--awb-color4);--awb-bg-color-hover:var(--awb-color4);--awb-bg-size:cover;--awb-border-color:rgba(255,255,255,0.1);--awb-border-top:0px;--awb-border-right:0px;--awb-border-bottom:0px;--awb-border-left:0px;--awb-border-style:solid;--awb-border-radius:16px 16px 16px 16px;--awb-width-large:100%;--awb-margin-top-large:0px;--awb-spacing-right-large:10px;--awb-margin-bottom-large:0px;--awb-spacing-left-large:10px;--awb-width-medium:100%;--awb-order-medium:0;--awb-spacing-right-medium:10px;--awb-spacing-left-medium:10px;--awb-width-small:100%;--awb-order-small:0;--awb-spacing-right-small:10px;--awb-spacing-left-small:10px;\" data-scroll-devices=\"small-visibility,medium-visibility,large-visibility\"><div class=\"fusion-column-wrapper fusion-column-has-shadow fusion-flex-justify-content-flex-start fusion-content-layout-column\"><div class=\"fusion-builder-row fusion-builder-row-inner fusion-row fusion-flex-align-items-flex-start fusion-flex-content-wrap\" style=\"width:calc( 100% + 20px ) !important;max-width:calc( 100% + 20px ) !important;margin-left: calc(-20px \/ 2 );margin-right: calc(-20px \/ 2 );\"><div class=\"fusion-layout-column fusion_builder_column_inner fusion-builder-nested-column-0 fusion_builder_column_inner_1_1 1_1 fusion-flex-column fusion-flex-align-self-stretch\" style=\"--awb-padding-top:1em;--awb-padding-right:1em;--awb-padding-bottom:4em;--awb-padding-left:1em;--awb-padding-top-small:1em;--awb-padding-right-small:1em;--awb-padding-bottom-small:1em;--awb-padding-left-small:1em;--awb-overflow:hidden;--awb-bg-color:var(--awb-color4);--awb-bg-color-hover:var(--awb-color4);--awb-bg-size:cover;--awb-border-radius:16px 16px 16px 16px;--awb-width-large:100%;--awb-margin-top-large:0px;--awb-spacing-right-large:10px;--awb-margin-bottom-large:0px;--awb-spacing-left-large:10px;--awb-width-medium:100%;--awb-order-medium:0;--awb-spacing-right-medium:10px;--awb-spacing-left-medium:10px;--awb-width-small:100%;--awb-order-small:0;--awb-spacing-right-small:10px;--awb-spacing-left-small:10px;\" data-scroll-devices=\"small-visibility,medium-visibility,large-visibility\"><div class=\"fusion-column-wrapper fusion-column-has-shadow fusion-flex-justify-content-flex-start fusion-content-layout-column\"><div class=\"fusion-title title fusion-title-1 fusion-sep-none fusion-title-text fusion-title-size-one\" style=\"--awb-text-color:var(--awb-color1);--awb-font-size:108px;\"><h1 class=\"fusion-title-heading title-heading-left fusion-responsive-typography-calculated\" style=\"font-family:&quot;Poppins&quot;;font-style:normal;font-weight:700;margin:0;font-size:1em;--fontSize:108;line-height:1.2;\">Cum s\u0103: \u00centre\u021binere &amp; amplificator; Service<\/h1><\/div><\/div><\/div><\/div><\/div><\/div><div class=\"fusion-layout-column fusion_builder_column fusion-builder-column-1 fusion_builder_column_1_1 1_1 fusion-flex-column\" style=\"--awb-padding-top:4em;--awb-padding-right:4em;--awb-padding-bottom:4em;--awb-padding-left:4em;--awb-padding-top-small:1em;--awb-padding-right-small:1em;--awb-padding-bottom-small:1em;--awb-padding-left-small:1em;--awb-overflow:hidden;--awb-bg-color:var(--awb-color1);--awb-bg-color-hover:var(--awb-color1);--awb-bg-size:cover;--awb-border-radius:16px 16px 16px 16px;--awb-width-large:100%;--awb-margin-top-large:0px;--awb-spacing-right-large:10px;--awb-margin-bottom-large:20px;--awb-spacing-left-large:10px;--awb-width-medium:100%;--awb-order-medium:0;--awb-spacing-right-medium:10px;--awb-spacing-left-medium:10px;--awb-width-small:100%;--awb-order-small:0;--awb-spacing-right-small:10px;--awb-spacing-left-small:10px;\" data-scroll-devices=\"small-visibility,medium-visibility,large-visibility\"><div class=\"fusion-column-wrapper fusion-column-has-shadow fusion-flex-justify-content-flex-start fusion-content-layout-column\"><div class=\"fusion-text fusion-text-1\"><h3><b><span data-contrast=\"auto\">Cum s\u0103 v\u0103 men\u021bine\u021bi \u0219i s\u0103 v\u0103 cur\u0103\u021ba\u021bi afi\u0219ajul profesional<\/span><\/b><span data-ccp-props=\"{\">\u00a0<\/span><\/h3>\n<p><span data-contrast=\"auto\">\u00centre\u021binerea \u0219i cur\u0103\u021barea corespunz\u0103toare a afi\u0219ajului dvs. sunt esen\u021biale pentru a asigura performan\u021ba optim\u0103, pentru a p\u0103stra calitatea produsului \u0219i pentru a prelungi durata de via\u021b\u0103 a echipamentului dvs. Urma\u021bi aceste sfaturi pentru a v\u0103 men\u021bine afi\u0219ajul \u00een stare excelent\u0103.<\/span><span data-ccp-props=\"{\">\u00a0<\/span><\/p>\n<p><span data-ccp-props=\"{\">\u00a0<\/span><\/p>\n<h3><b><span data-contrast=\"auto\">\u00centre\u021binerea afi\u0219ajului dvs.<\/span><\/b><span data-ccp-props=\"{\">\u00a0<\/span><\/h3>\n<ul>\n<li aria-setsize=\"-1\" data-leveltext=\"\uf0fc\" data-font=\"Wingdings\" data-listid=\"17\" data-list-defn-props=\"{\" data-aria-posinset=\"1\" data-aria-level=\"1\"><b><span data-contrast=\"auto\">P\u0103stra\u021bi u\u0219ile \u00eenchise peste noapte<\/span><\/b><span data-contrast=\"auto\">: Asigura\u021bi-v\u0103 \u00eentotdeauna c\u0103 u\u0219ile sunt complet \u00eenchise \u00een timpul orelor nefunc\u021bionale pentru a men\u021bine temperaturile stabile \u0219i eficien\u021ba energetic\u0103.<\/span><span data-ccp-props=\"{\">\u00a0<\/span><\/li>\n<\/ul>\n<ul>\n<li aria-setsize=\"-1\" data-leveltext=\"\uf0fc\" data-font=\"Wingdings\" data-listid=\"17\" data-list-defn-props=\"{\" data-aria-posinset=\"2\" data-aria-level=\"1\"><b><span data-contrast=\"auto\">Controlul opera\u021bional zilnic<\/span><\/b><span data-contrast=\"auto\">: Efectua\u021bi verific\u0103ri zilnice pentru a identifica problemele minore \u00eenainte ca acestea s\u0103 escaladeze \u00een probleme semnificative. C\u0103uta\u021bi zgomote neobi\u0219nuite, fluctua\u021bii de temperatur\u0103 sau daune fizice.<\/span><span data-ccp-props=\"{\">\u00a0<\/span><\/li>\n<\/ul>\n<ul>\n<li aria-setsize=\"-1\" data-leveltext=\"\uf0fc\" data-font=\"Wingdings\" data-listid=\"17\" data-list-defn-props=\"{\" data-aria-posinset=\"3\" data-aria-level=\"1\"><b><span data-contrast=\"auto\">Stabilitatea temperaturii monitorului<\/span><\/b><span data-contrast=\"auto\">: Verifica\u021bi \u00een mod regulat dac\u0103 temperatura intern\u0103 r\u0103m\u00e2ne constant\u0103 pentru a p\u0103stra calitatea produselor dumneavoastr\u0103.<\/span><span data-ccp-props=\"{\">\u00a0<\/span><\/li>\n<\/ul>\n<p><span data-ccp-props=\"{\">\u00a0<\/span><\/p>\n<h3><b><span data-contrast=\"auto\">Cur\u0103\u021barea afi\u0219ajului<\/span><\/b><span data-ccp-props=\"{\">\u00a0<\/span><\/h3>\n<p><span data-contrast=\"auto\">Cur\u0103\u021barea corespunz\u0103toare protejeaz\u0103 afi\u0219ajul \u00eempotriva uzurii \u0219i deterior\u0103rii, men\u021bin\u00e2nd \u00een acela\u0219i timp calitatea produselor.<\/span><span data-ccp-props=\"{\">\u00a0<\/span><\/p>\n<p><span data-ccp-props=\"{\">\u00a0<\/span><\/p>\n<h3><b><span data-contrast=\"auto\">Cur\u0103\u021benie zilnic\u0103<\/span><\/b><span data-ccp-props=\"{\">\u00a0<\/span><\/h3>\n<p><span data-contrast=\"auto\">Cur\u0103\u021ba\u021bi suprafe\u021bele exterioare folosind o c\u00e2rp\u0103 moale \u0219i un detergent u\u0219or pentru a evita zg\u00e2rieturile \u0219i decolorarea.<\/span><span data-ccp-props=\"{\">\u00a0<\/span><\/p>\n<p><span data-ccp-props=\"{\">\u00a0<\/span><\/p>\n<h3><b><span data-contrast=\"auto\">\u00cendep\u0103rtarea ghe\u021bii<\/span><\/b><span data-ccp-props=\"{\">\u00a0<\/span><\/h3>\n<ol>\n<li aria-setsize=\"-1\" data-leveltext=\"%1.\" data-font=\"\" data-listid=\"11\" data-list-defn-props=\"{\" data-aria-posinset=\"1\" data-aria-level=\"1\"><span data-contrast=\"auto\">Goli\u021bi afi\u0219ajul \u0219i depozita\u021bi produsele \u00een condi\u021bii adecvate.<\/span><span data-ccp-props=\"{\">\u00a0<\/span><\/li>\n<\/ol>\n<ol>\n<li aria-setsize=\"-1\" data-leveltext=\"%1.\" data-font=\"\" data-listid=\"11\" data-list-defn-props=\"{\" data-aria-posinset=\"2\" data-aria-level=\"1\"><span data-contrast=\"auto\">Deconecta\u021bi afi\u0219ajul de la sursa de alimentare.<\/span><span data-ccp-props=\"{\">\u00a0<\/span><\/li>\n<\/ol>\n<ol>\n<li aria-setsize=\"-1\" data-leveltext=\"%1.\" data-font=\"\" data-listid=\"11\" data-list-defn-props=\"{\" data-aria-posinset=\"3\" data-aria-level=\"1\"><span data-contrast=\"auto\">L\u0103sa\u021bi ghea\u021ba s\u0103 se topeasc\u0103 \u00een mod natural \u2013 nu utiliza\u021bi unelte ascu\u021bite pentru a \u00eendep\u0103rta ghea\u021ba, deoarece acest lucru poate deteriora afi\u0219ajul.<\/span><span data-ccp-props=\"{\">\u00a0<\/span><\/li>\n<\/ol>\n<ol>\n<li aria-setsize=\"-1\" data-leveltext=\"%1.\" data-font=\"\" data-listid=\"11\" data-list-defn-props=\"{\" data-aria-posinset=\"4\" data-aria-level=\"1\"><span data-contrast=\"auto\">Odat\u0103 ce ghea\u021ba s-a topit, \u0219terge\u021bi interiorul cu o c\u00e2rp\u0103 uscat\u0103 \u00eenainte de a conecta unitatea \u00eenapoi.<\/span><span data-ccp-props=\"{\">\u00a0<\/span><\/li>\n<\/ol>\n<p><span data-ccp-props=\"{\">\u00a0<\/span><\/p>\n<h3><b><span data-contrast=\"auto\">Cur\u0103\u021barea corect\u0103 a u\u0219ilor acrilice<\/span><\/b><span data-ccp-props=\"{\">\u00a0<\/span><\/h3>\n<p><span data-contrast=\"auto\">U\u0219ile din acril necesit\u0103 o aten\u021bie deosebit\u0103 pentru a-\u0219i men\u021bine estetica \u0219i func\u021bionalitatea. Cur\u0103\u021barea frecvent\u0103 \u0219i atent\u0103 a u\u0219ilor acrilice asigur\u0103 c\u0103 acestea r\u0103m\u00e2n clare, permi\u021b\u00e2nd produselor dvs. s\u0103 str\u0103luceasc\u0103 \u0219i s\u0103 atrag\u0103 clien\u021bii.<\/span><span data-ccp-props=\"{\">\u00a0<\/span><\/p>\n<ul>\n<li aria-setsize=\"-1\" data-leveltext=\"\uf0fc\" data-font=\"Wingdings\" data-listid=\"18\" data-list-defn-props=\"{\" data-aria-posinset=\"1\" data-aria-level=\"1\"><b><span data-contrast=\"auto\">Folose\u0219te o p\u00e2nz\u0103 moale<\/span><\/b><span data-contrast=\"auto\">: Opta\u021bi pentru un microfibr\u0103 sau o c\u00e2rp\u0103 curat\u0103, moale pentru a cur\u0103\u021ba u\u0219or suprafe\u021bele acrilice.<\/span><span data-ccp-props=\"{\">\u00a0<\/span><\/li>\n<\/ul>\n<ul>\n<li aria-setsize=\"-1\" data-leveltext=\"\uf0fc\" data-font=\"Wingdings\" data-listid=\"18\" data-list-defn-props=\"{\" data-aria-posinset=\"2\" data-aria-level=\"1\"><b><span data-contrast=\"auto\">Evita\u021bi substan\u021bele chimice<\/span><\/b><span data-contrast=\"auto\">: Nu utiliza\u021bi detergen\u021bi chimici sau detergen\u021bi aspri, deoarece ace\u0219tia pot provoca daune.<\/span><span data-ccp-props=\"{\">\u00a0<\/span><\/li>\n<\/ul>\n<ul>\n<li aria-setsize=\"-1\" data-leveltext=\"\uf0fc\" data-font=\"Wingdings\" data-listid=\"18\" data-list-defn-props=\"{\" data-aria-posinset=\"3\" data-aria-level=\"1\"><b><span data-contrast=\"auto\">Cur\u0103\u021bare delicat\u0103<\/span><\/b><span data-contrast=\"auto\">: Nu aplica\u021bi presiune excesiv\u0103 pentru a evita zg\u00e2rieturile sau deformarea.<\/span><span data-ccp-props=\"{\">\u00a0<\/span><\/li>\n<\/ul>\n<p><span data-ccp-props=\"{\">\u00a0<\/span><\/p>\n<h3><b><span data-contrast=\"auto\">\u00centre\u021binerea condensatorului<\/span><\/b><span data-ccp-props=\"{\">\u00a0<\/span><\/h3>\n<p><span data-contrast=\"auto\">Condensatorul este o component\u0103 esen\u021bial\u0103 a afi\u0219ajului dvs., asigur\u00e2nd o r\u0103cire eficient\u0103. \u00centre\u021binerea adecvat\u0103 este esen\u021bial\u0103 pentru a evita probleme precum performan\u021ba redus\u0103, supra\u00eenc\u0103lzirea \u0219i consumul crescut de energie:<\/span><span data-ccp-props=\"{\">\u00a0<\/span><\/p>\n<ul>\n<li aria-setsize=\"-1\" data-leveltext=\"\uf0fc\" data-font=\"Wingdings\" data-listid=\"19\" data-list-defn-props=\"{\" data-aria-posinset=\"1\" data-aria-level=\"1\"><span data-contrast=\"auto\">Inspecta\u021bi condensatorul \u00een mod regulat pentru a detecta acumularea de praf sau resturi.<\/span><span data-ccp-props=\"{\">\u00a0<\/span><\/li>\n<\/ul>\n<ul>\n<li aria-setsize=\"-1\" data-leveltext=\"\uf0fc\" data-font=\"Wingdings\" data-listid=\"19\" data-list-defn-props=\"{\" data-aria-posinset=\"2\" data-aria-level=\"1\"><span data-contrast=\"auto\">Cur\u0103\u021ba\u021bi-l u\u0219or pentru a men\u021bine fluxul optim de aer \u0219i func\u021bionalitatea.<\/span><span data-ccp-props=\"{\">\u00a0<\/span><\/li>\n<\/ul>\n<ul>\n<li aria-setsize=\"-1\" data-leveltext=\"\uf0fc\" data-font=\"Wingdings\" data-listid=\"19\" data-list-defn-props=\"{\" data-aria-posinset=\"3\" data-aria-level=\"1\"><span data-contrast=\"auto\">Programa\u021bi periodic service-ul profesional pentru a asigura performan\u021ba pe termen lung.<\/span><span data-ccp-props=\"{\">\u00a0<\/span><\/li>\n<\/ul>\n<p><span data-ccp-props=\"{\">\u00a0<\/span><\/p>\n<h3><b><span data-contrast=\"auto\">Utiliza\u021bi piese de schimb originale \u0219i tehnicieni instrui\u021bi<\/span><\/b><span data-ccp-props=\"{\">\u00a0<\/span><\/h3>\n<p><span data-contrast=\"auto\">Pentru a garanta fiabilitatea \u0219i siguran\u021ba afi\u0219ajului dvs., compania noastr\u0103 recomand\u0103 insistent utilizarea exclusiv\u0103 a <\/span><b><span data-contrast=\"auto\">piese de schimb originale \u0219i autorizate<\/span><\/b><span data-contrast=\"auto\"> de la furnizori de \u00eencredere. \u00cen plus, toate serviciile \u0219i repara\u021biile ar trebui s\u0103 fie efectuate de <\/span><b><span data-contrast=\"auto\">tehnicieni instrui\u021bi \u0219i certifica\u021bi<\/span><\/b><span data-contrast=\"auto\">. Acest lucru asigur\u0103 buna func\u021bionare a echipamentului dvs., reduce riscul de defec\u021biuni viitoare \u0219i v\u0103 ajut\u0103 s\u0103 v\u0103 men\u021bine\u021bi garan\u021bia.<\/span><span data-ccp-props=\"{\">\u00a0<\/span><\/p>\n<p><span data-contrast=\"auto\">Urm\u00e2nd aceste practici de \u00eentre\u021binere \u0219i cur\u0103\u021bare \u0219i baz\u00e2ndu-v\u0103 pe piese autorizate \u0219i tehnicieni exper\u021bi, afi\u0219ajul dvs. profesional nu numai c\u0103 va func\u021biona eficient, ci va oferi \u0219i o prezentare atr\u0103g\u0103toare pentru produsele dvs., asigur\u00e2nd satisfac\u021bia clien\u021bilor \u0219i economiile de energie.<\/span><span data-ccp-props=\"{\">\u00a0<\/span><\/p>\n<\/div><\/div><\/div><\/div><\/div>","protected":false},"excerpt":{"rendered":"","protected":false},"author":1,"featured_media":0,"parent":0,"menu_order":41,"comment_status":"closed","ping_status":"closed","template":"100-width.php","meta":{"wpupg_custom_link":[],"wpupg_custom_link_behaviour":["default"],"wpupg_custom_link_nofollow":["default"],"wpupg_custom_image":[],"wpupg_custom_image_id":[],"footnotes":""},"categories":[],"tags":[],"class_list":["post-6661","page","type-page","status-publish","hentry"],"_links":{"self":[{"href":"https:\/\/gelatec.gr\/ro\/wp-json\/wp\/v2\/pages\/6661","targetHints":{"allow":["GET"]}}],"collection":[{"href":"https:\/\/gelatec.gr\/ro\/wp-json\/wp\/v2\/pages"}],"about":[{"href":"https:\/\/gelatec.gr\/ro\/wp-json\/wp\/v2\/types\/page"}],"author":[{"embeddable":true,"href":"https:\/\/gelatec.gr\/ro\/wp-json\/wp\/v2\/users\/1"}],"replies":[{"embeddable":true,"href":"https:\/\/gelatec.gr\/ro\/wp-json\/wp\/v2\/comments?post=6661"}],"version-history":[{"count":0,"href":"https:\/\/gelatec.gr\/ro\/wp-json\/wp\/v2\/pages\/6661\/revisions"}],"wp:attachment":[{"href":"https:\/\/gelatec.gr\/ro\/wp-json\/wp\/v2\/media?parent=6661"}],"wp:term":[{"taxonomy":"category","embeddable":true,"href":"https:\/\/gelatec.gr\/ro\/wp-json\/wp\/v2\/categories?post=6661"},{"taxonomy":"post_tag","embeddable":true,"href":"https:\/\/gelatec.gr\/ro\/wp-json\/wp\/v2\/tags?post=6661"}],"curies":[{"name":"wp","href":"https:\/\/api.w.org\/{rel}","templated":true}]}}